{"id":4479,"date":"2023-07-04T13:58:08","date_gmt":"2023-07-04T11:58:08","guid":{"rendered":"https:\/\/balticarmor.com\/?post_type=product&#038;p=4479"},"modified":"2024-04-30T19:53:58","modified_gmt":"2024-04-30T17:53:58","slug":"balistine-liemene-pluduriuojanti-vandenyje-iiia","status":"publish","type":"product","link":"https:\/\/balticarmor.com\/en\/product\/balistine-liemene-pluduriuojanti-vandenyje-iiia\/","title":{"rendered":"Floating Ballistic Vest IIIA"},"content":{"rendered":"<p>Miguel Caballero IRON SHARK Floating Ballistic Vest Level IIIA NIJ Certified<\/p>\n<ul>\n<li>Resistant canvas 100% Nylon<\/li>\n<li>Water resistant<\/li>\n<li>Strong outer fabric againts tearing and tension<\/li>\n<li><span style=\"color: #000000;\"><span style=\"font-family: Times New Roman, serif;\"><span style=\"font-size: medium;\">Internal elastic adjustment waistband to optimize weight distribution<\/span><\/span><\/span><\/li>\n<\/ul>\n<p lang=\"en-US\"><span style=\"color: #000000;\"><span style=\"font-family: Times New Roman, serif;\"><span style=\"font-size: medium;\">Adjustment system in side fins with front closure, in reinforced loop and contact buckles for greater safety.<br \/>\nDubens apsaugos reguliavimo sistema su u\u017etrauktuku lengvam nu\u0117mimui.<br \/>\nFallen man rescue handle.<\/span><\/span><\/span><\/p>\n<p>&nbsp;<\/p>","protected":false},"excerpt":{"rendered":"<p>Miguel Caballero IRON SHARK Floating Ballistic Vest Level IIIA NIJ Certified<\/p>","protected":false},"featured_media":4724,"template":"","meta":{"_uag_custom_page_level_css":"","site-sidebar-layout":"default","site-content-layout":"default","ast-global-header-display":"","ast-banner-title-visibility":"","ast-main-header-display":"","ast-hfb-above-header-display":"","ast-hfb-below-header-display":"","ast-hfb-mobile-header-display":"","site-post-title":"","ast-breadcrumbs-content":"","ast-featured-img":"","footer-sml-layout":"","theme-transparent-header-meta":"default","adv-header-id-meta":"","stick-header-meta":"","header-above-stick-meta":"","header-main-stick-meta":"","header-below-stick-meta":""},"product_brand":[],"product_cat":[81,106],"product_tag":[],"class_list":{"0":"post-4479","1":"product","2":"type-product","3":"status-publish","4":"has-post-thumbnail","6":"product_cat-sarvines-liemenes","7":"product_cat-visi-produktai","8":"pa_dydis-l","9":"pa_dydis-m","10":"pa_dydis-s","11":"pa_dydis-xl","12":"pa_lytis-moteris","13":"pa_lytis-vyras","14":"desktop-align-left","15":"tablet-align-left","16":"mobile-align-left","18":"first","19":"instock","20":"taxable","21":"shipping-taxable","22":"purchasable","23":"product-type-variable","24":"has-default-attributes"},"yoast_head":"<!-- This site is optimized with the Yoast SEO plugin v24.3 - https:\/\/yoast.com\/wordpress\/plugins\/seo\/ -->\n<title>Balistin\u0117 liemen\u0117 pl\u016bduriuojanti vandenyje IIIA - balticarmor<\/title>\n<meta name=\"description\" content=\"\u201eMiguel Caballero\u201c Balistin\u0117 liemen\u0117 pl\u016bduriuojanti vandenyje NIJ IIIA\" \/>\n<meta name=\"robots\" content=\"index, follow, max-snippet:-1, max-image-preview:large, max-video-preview:-1\" \/>\n<link rel=\"canonical\" href=\"https:\/\/balticarmor.com\/en\/product\/balistine-liemene-pluduriuojanti-vandenyje-iiia\/\" \/>\n<meta property=\"og:locale\" content=\"en_US\" \/>\n<meta property=\"og:type\" content=\"article\" \/>\n<meta property=\"og:title\" content=\"Balistin\u0117 liemen\u0117 pl\u016bduriuojanti vandenyje IIIA - balticarmor\" \/>\n<meta property=\"og:description\" content=\"\u201eMiguel Caballero\u201c Balistin\u0117 liemen\u0117 pl\u016bduriuojanti vandenyje NIJ IIIA\" \/>\n<meta property=\"og:url\" content=\"https:\/\/balticarmor.com\/en\/product\/balistine-liemene-pluduriuojanti-vandenyje-iiia\/\" \/>\n<meta property=\"og:site_name\" content=\"balticarmor\" \/>\n<meta property=\"article:modified_time\" content=\"2024-04-30T17:53:58+00:00\" \/>\n<meta property=\"og:image\" content=\"http:\/\/balticarmor.com\/wp-content\/uploads\/2023\/07\/Military-Iron-Shark-2-756.webp\" \/>\n\t<meta property=\"og:image:width\" content=\"756\" \/>\n\t<meta property=\"og:image:height\" content=\"756\" \/>\n\t<meta property=\"og:image:type\" content=\"image\/webp\" \/>\n<meta name=\"twitter:card\" content=\"summary_large_image\" \/>\n<meta name=\"twitter:label1\" content=\"Est. reading time\" \/>\n\t<meta name=\"twitter:data1\" content=\"1 minute\" \/>\n<script type=\"application\/ld+json\" class=\"yoast-schema-graph\">{\"@context\":\"https:\/\/schema.org\",\"@graph\":[{\"@type\":\"WebPage\",\"@id\":\"https:\/\/balticarmor.com\/produktas\/balistine-liemene-pluduriuojanti-vandenyje-iiia\/\",\"url\":\"https:\/\/balticarmor.com\/produktas\/balistine-liemene-pluduriuojanti-vandenyje-iiia\/\",\"name\":\"Balistin\u0117 liemen\u0117 pl\u016bduriuojanti vandenyje IIIA - balticarmor\",\"isPartOf\":{\"@id\":\"https:\/\/balticarmor.com\/#website\"},\"primaryImageOfPage\":{\"@id\":\"https:\/\/balticarmor.com\/produktas\/balistine-liemene-pluduriuojanti-vandenyje-iiia\/#primaryimage\"},\"image\":{\"@id\":\"https:\/\/balticarmor.com\/produktas\/balistine-liemene-pluduriuojanti-vandenyje-iiia\/#primaryimage\"},\"thumbnailUrl\":\"https:\/\/balticarmor.com\/wp-content\/uploads\/2023\/07\/Military-Iron-Shark-2-756.webp\",\"datePublished\":\"2023-07-04T11:58:08+00:00\",\"dateModified\":\"2024-04-30T17:53:58+00:00\",\"description\":\"\u201eMiguel Caballero\u201c Balistin\u0117 liemen\u0117 pl\u016bduriuojanti vandenyje NIJ IIIA\",\"breadcrumb\":{\"@id\":\"https:\/\/balticarmor.com\/produktas\/balistine-liemene-pluduriuojanti-vandenyje-iiia\/#breadcrumb\"},\"inLanguage\":\"en-US\",\"potentialAction\":[{\"@type\":\"ReadAction\",\"target\":[\"https:\/\/balticarmor.com\/produktas\/balistine-liemene-pluduriuojanti-vandenyje-iiia\/\"]}]},{\"@type\":\"ImageObject\",\"inLanguage\":\"en-US\",\"@id\":\"https:\/\/balticarmor.com\/produktas\/balistine-liemene-pluduriuojanti-vandenyje-iiia\/#primaryimage\",\"url\":\"https:\/\/balticarmor.com\/wp-content\/uploads\/2023\/07\/Military-Iron-Shark-2-756.webp\",\"contentUrl\":\"https:\/\/balticarmor.com\/wp-content\/uploads\/2023\/07\/Military-Iron-Shark-2-756.webp\",\"width\":756,\"height\":756},{\"@type\":\"BreadcrumbList\",\"@id\":\"https:\/\/balticarmor.com\/produktas\/balistine-liemene-pluduriuojanti-vandenyje-iiia\/#breadcrumb\",\"itemListElement\":[{\"@type\":\"ListItem\",\"position\":1,\"name\":\"Home\",\"item\":\"https:\/\/balticarmor.com\/\"},{\"@type\":\"ListItem\",\"position\":2,\"name\":\"Parduotuv\u0117\",\"item\":\"https:\/\/balticarmor.com\/parduotuve\/\"},{\"@type\":\"ListItem\",\"position\":3,\"name\":\"\u0160arvin\u0117s liemen\u0117s\",\"item\":\"https:\/\/balticarmor.com\/product-category\/sarvines-liemenes\/\"},{\"@type\":\"ListItem\",\"position\":4,\"name\":\"Balistin\u0117 liemen\u0117 pl\u016bduriuojanti vandenyje IIIA\"}]},{\"@type\":\"WebSite\",\"@id\":\"https:\/\/balticarmor.com\/#website\",\"url\":\"https:\/\/balticarmor.com\/\",\"name\":\"balticarmor\",\"description\":\"Apsaugin\u0117s \u0161arvin\u0117s neper\u0161aunamos liemen\u0117s, skydai, kitos asmens \u0161arvuotos apsaugos priemon\u0117s\",\"publisher\":{\"@id\":\"https:\/\/balticarmor.com\/#organization\"},\"potentialAction\":[{\"@type\":\"SearchAction\",\"target\":{\"@type\":\"EntryPoint\",\"urlTemplate\":\"https:\/\/balticarmor.com\/?s={search_term_string}\"},\"query-input\":{\"@type\":\"PropertyValueSpecification\",\"valueRequired\":true,\"valueName\":\"search_term_string\"}}],\"inLanguage\":\"en-US\"},{\"@type\":\"Organization\",\"@id\":\"https:\/\/balticarmor.com\/#organization\",\"name\":\"UAB \\\"Talino 10\\\"\",\"url\":\"https:\/\/balticarmor.com\/\",\"logo\":{\"@type\":\"ImageObject\",\"inLanguage\":\"en-US\",\"@id\":\"https:\/\/balticarmor.com\/#\/schema\/logo\/image\/\",\"url\":\"https:\/\/balticarmor.com\/wp-content\/uploads\/2023\/06\/Balticarmor-logo-3.png\",\"contentUrl\":\"https:\/\/balticarmor.com\/wp-content\/uploads\/2023\/06\/Balticarmor-logo-3.png\",\"width\":1299,\"height\":1127,\"caption\":\"UAB \\\"Talino 10\\\"\"},\"image\":{\"@id\":\"https:\/\/balticarmor.com\/#\/schema\/logo\/image\/\"}}]}<\/script>\n<!-- \/ Yoast SEO plugin. -->","yoast_head_json":{"title":"Balistin\u0117 liemen\u0117 pl\u016bduriuojanti vandenyje IIIA - balticarmor","description":"\u201eMiguel Caballero\u201c Balistin\u0117 liemen\u0117 pl\u016bduriuojanti vandenyje NIJ IIIA","robots":{"index":"index","follow":"follow","max-snippet":"max-snippet:-1","max-image-preview":"max-image-preview:large","max-video-preview":"max-video-preview:-1"},"canonical":"https:\/\/balticarmor.com\/en\/product\/balistine-liemene-pluduriuojanti-vandenyje-iiia\/","og_locale":"en_US","og_type":"article","og_title":"Balistin\u0117 liemen\u0117 pl\u016bduriuojanti vandenyje IIIA - balticarmor","og_description":"\u201eMiguel Caballero\u201c Balistin\u0117 liemen\u0117 pl\u016bduriuojanti vandenyje NIJ IIIA","og_url":"https:\/\/balticarmor.com\/en\/product\/balistine-liemene-pluduriuojanti-vandenyje-iiia\/","og_site_name":"balticarmor","article_modified_time":"2024-04-30T17:53:58+00:00","og_image":[{"width":756,"height":756,"url":"http:\/\/balticarmor.com\/wp-content\/uploads\/2023\/07\/Military-Iron-Shark-2-756.webp","type":"image\/webp"}],"twitter_card":"summary_large_image","twitter_misc":{"Est. reading time":"1 minute"},"schema":{"@context":"https:\/\/schema.org","@graph":[{"@type":"WebPage","@id":"https:\/\/balticarmor.com\/produktas\/balistine-liemene-pluduriuojanti-vandenyje-iiia\/","url":"https:\/\/balticarmor.com\/produktas\/balistine-liemene-pluduriuojanti-vandenyje-iiia\/","name":"Balistin\u0117 liemen\u0117 pl\u016bduriuojanti vandenyje IIIA - balticarmor","isPartOf":{"@id":"https:\/\/balticarmor.com\/#website"},"primaryImageOfPage":{"@id":"https:\/\/balticarmor.com\/produktas\/balistine-liemene-pluduriuojanti-vandenyje-iiia\/#primaryimage"},"image":{"@id":"https:\/\/balticarmor.com\/produktas\/balistine-liemene-pluduriuojanti-vandenyje-iiia\/#primaryimage"},"thumbnailUrl":"https:\/\/balticarmor.com\/wp-content\/uploads\/2023\/07\/Military-Iron-Shark-2-756.webp","datePublished":"2023-07-04T11:58:08+00:00","dateModified":"2024-04-30T17:53:58+00:00","description":"\u201eMiguel Caballero\u201c Balistin\u0117 liemen\u0117 pl\u016bduriuojanti vandenyje NIJ IIIA","breadcrumb":{"@id":"https:\/\/balticarmor.com\/produktas\/balistine-liemene-pluduriuojanti-vandenyje-iiia\/#breadcrumb"},"inLanguage":"en-US","potentialAction":[{"@type":"ReadAction","target":["https:\/\/balticarmor.com\/produktas\/balistine-liemene-pluduriuojanti-vandenyje-iiia\/"]}]},{"@type":"ImageObject","inLanguage":"en-US","@id":"https:\/\/balticarmor.com\/produktas\/balistine-liemene-pluduriuojanti-vandenyje-iiia\/#primaryimage","url":"https:\/\/balticarmor.com\/wp-content\/uploads\/2023\/07\/Military-Iron-Shark-2-756.webp","contentUrl":"https:\/\/balticarmor.com\/wp-content\/uploads\/2023\/07\/Military-Iron-Shark-2-756.webp","width":756,"height":756},{"@type":"BreadcrumbList","@id":"https:\/\/balticarmor.com\/produktas\/balistine-liemene-pluduriuojanti-vandenyje-iiia\/#breadcrumb","itemListElement":[{"@type":"ListItem","position":1,"name":"Home","item":"https:\/\/balticarmor.com\/"},{"@type":"ListItem","position":2,"name":"Parduotuv\u0117","item":"https:\/\/balticarmor.com\/parduotuve\/"},{"@type":"ListItem","position":3,"name":"\u0160arvin\u0117s liemen\u0117s","item":"https:\/\/balticarmor.com\/product-category\/sarvines-liemenes\/"},{"@type":"ListItem","position":4,"name":"Balistin\u0117 liemen\u0117 pl\u016bduriuojanti vandenyje IIIA"}]},{"@type":"WebSite","@id":"https:\/\/balticarmor.com\/#website","url":"https:\/\/balticarmor.com\/","name":"balticarmor","description":"Apsaugin\u0117s \u0161arvin\u0117s neper\u0161aunamos liemen\u0117s, skydai, kitos asmens \u0161arvuotos apsaugos priemon\u0117s","publisher":{"@id":"https:\/\/balticarmor.com\/#organization"},"potentialAction":[{"@type":"SearchAction","target":{"@type":"EntryPoint","urlTemplate":"https:\/\/balticarmor.com\/?s={search_term_string}"},"query-input":{"@type":"PropertyValueSpecification","valueRequired":true,"valueName":"search_term_string"}}],"inLanguage":"en-US"},{"@type":"Organization","@id":"https:\/\/balticarmor.com\/#organization","name":"UAB \"Talino 10\"","url":"https:\/\/balticarmor.com\/","logo":{"@type":"ImageObject","inLanguage":"en-US","@id":"https:\/\/balticarmor.com\/#\/schema\/logo\/image\/","url":"https:\/\/balticarmor.com\/wp-content\/uploads\/2023\/06\/Balticarmor-logo-3.png","contentUrl":"https:\/\/balticarmor.com\/wp-content\/uploads\/2023\/06\/Balticarmor-logo-3.png","width":1299,"height":1127,"caption":"UAB \"Talino 10\""},"image":{"@id":"https:\/\/balticarmor.com\/#\/schema\/logo\/image\/"}}]}},"uagb_featured_image_src":{"full":["https:\/\/balticarmor.com\/wp-content\/uploads\/2023\/07\/Military-Iron-Shark-2-756.webp",756,756,false],"thumbnail":["https:\/\/balticarmor.com\/wp-content\/uploads\/2023\/07\/Military-Iron-Shark-2-756-150x150.webp",150,150,true],"medium":["https:\/\/balticarmor.com\/wp-content\/uploads\/2023\/07\/Military-Iron-Shark-2-756-300x300.webp",300,300,true],"medium_large":["https:\/\/balticarmor.com\/wp-content\/uploads\/2023\/07\/Military-Iron-Shark-2-756.webp",756,756,false],"large":["https:\/\/balticarmor.com\/wp-content\/uploads\/2023\/07\/Military-Iron-Shark-2-756.webp",756,756,false],"1536x1536":["https:\/\/balticarmor.com\/wp-content\/uploads\/2023\/07\/Military-Iron-Shark-2-756.webp",756,756,false],"2048x2048":["https:\/\/balticarmor.com\/wp-content\/uploads\/2023\/07\/Military-Iron-Shark-2-756.webp",756,756,false],"trp-custom-language-flag":["https:\/\/balticarmor.com\/wp-content\/uploads\/2023\/07\/Military-Iron-Shark-2-756-12x12.webp",12,12,true],"woocommerce_thumbnail":["https:\/\/balticarmor.com\/wp-content\/uploads\/2023\/07\/Military-Iron-Shark-2-756-300x300.webp",300,300,true],"woocommerce_single":["https:\/\/balticarmor.com\/wp-content\/uploads\/2023\/07\/Military-Iron-Shark-2-756-600x600.webp",600,600,true],"woocommerce_gallery_thumbnail":["https:\/\/balticarmor.com\/wp-content\/uploads\/2023\/07\/Military-Iron-Shark-2-756-100x100.webp",100,100,true]},"uagb_author_info":{"display_name":"Laimonas Jakas","author_link":"https:\/\/balticarmor.com\/en\/author\/"},"uagb_comment_info":0,"uagb_excerpt":"\u201eMiguel Caballero\u201c balistin\u0117 liemen\u0117 IRON SHARK\u00a0 pl\u016bduriuojanti vandenyje, NIJ IIIA sertifikatas","_links":{"self":[{"href":"https:\/\/balticarmor.com\/en\/wp-json\/wp\/v2\/product\/4479","targetHints":{"allow":["GET"]}}],"collection":[{"href":"https:\/\/balticarmor.com\/en\/wp-json\/wp\/v2\/product"}],"about":[{"href":"https:\/\/balticarmor.com\/en\/wp-json\/wp\/v2\/types\/product"}],"wp:featuredmedia":[{"embeddable":true,"href":"https:\/\/balticarmor.com\/en\/wp-json\/wp\/v2\/media\/4724"}],"wp:attachment":[{"href":"https:\/\/balticarmor.com\/en\/wp-json\/wp\/v2\/media?parent=4479"}],"wp:term":[{"taxonomy":"product_brand","embeddable":true,"href":"https:\/\/balticarmor.com\/en\/wp-json\/wp\/v2\/product_brand?post=4479"},{"taxonomy":"product_cat","embeddable":true,"href":"https:\/\/balticarmor.com\/en\/wp-json\/wp\/v2\/product_cat?post=4479"},{"taxonomy":"product_tag","embeddable":true,"href":"https:\/\/balticarmor.com\/en\/wp-json\/wp\/v2\/product_tag?post=4479"}],"curies":[{"name":"wp","href":"https:\/\/api.w.org\/{rel}","templated":true}]}}