{"id":4466,"date":"2023-06-30T15:48:56","date_gmt":"2023-06-30T13:48:56","guid":{"rendered":"https:\/\/balticarmor.com\/?post_type=product&#038;p=4466"},"modified":"2023-07-14T15:27:32","modified_gmt":"2023-07-14T13:27:32","slug":"nugaros-atramos-sistema-plus","status":"publish","type":"product","link":"https:\/\/balticarmor.com\/en\/product\/nugaros-atramos-sistema-plus\/","title":{"rendered":"PLUS Back Support System"},"content":{"rendered":"<p>Miguel Caballero PLUS Back Support System<\/p>\n<ul>\n<li>Extended shoulder straps<\/li>\n<li>Adjustable front cross strap<\/li>\n<li>Semi-rigid composite element that works as a shock absorber<\/li>\n<li>Rescue handle<\/li>\n<\/ul>\n<p lang=\"en-US\">Principally the Soldier that is in the toughest environment, in the hardest condition, full of gear and with multiple levels of threads.<\/p>\n<p>One of the most common problem for the soldiers is how the weight of the gear affects their health and performance. The overcarry of the gear, generates lower back pain and knee injuries. For this reason, a PLUS Back Support System is designed to reduce and redistribute the weight on the back.<\/p>","protected":false},"excerpt":{"rendered":"<p>Miguel Caballero PLUS Back Support System<\/p>","protected":false},"featured_media":4730,"template":"","meta":{"_uag_custom_page_level_css":"","site-sidebar-layout":"default","site-content-layout":"default","ast-global-header-display":"","ast-banner-title-visibility":"","ast-main-header-display":"","ast-hfb-above-header-display":"","ast-hfb-below-header-display":"","ast-hfb-mobile-header-display":"","site-post-title":"","ast-breadcrumbs-content":"","ast-featured-img":"","footer-sml-layout":"","theme-transparent-header-meta":"default","adv-header-id-meta":"","stick-header-meta":"","header-above-stick-meta":"","header-main-stick-meta":"","header-below-stick-meta":""},"product_brand":[],"product_cat":[81,106],"product_tag":[],"class_list":{"0":"post-4466","1":"product","2":"type-product","3":"status-publish","4":"has-post-thumbnail","6":"product_cat-sarvines-liemenes","7":"product_cat-visi-produktai","8":"desktop-align-left","9":"tablet-align-left","10":"mobile-align-left","12":"first","13":"instock","14":"taxable","15":"shipping-taxable","16":"purchasable","17":"product-type-simple"},"yoast_head":"<!-- This site is optimized with the Yoast SEO plugin v24.3 - https:\/\/yoast.com\/wordpress\/plugins\/seo\/ -->\n<title>Nugaros atramos sistema PLUS - balticarmor<\/title>\n<meta name=\"description\" content=\"Per didelis svoris kariui gali sukelti apatin\u0117s nugaros dalies skausmus ir keli\u0173 traumas. Tod\u0117l buvo sukurta \u201eMiguel Caballero\u201c PLUS Nugaros Atramos Sistema, kad b\u016bt\u0173 suma\u017eintas ir perskirstytas svoris ant nugaros.\" \/>\n<meta name=\"robots\" content=\"index, follow, max-snippet:-1, max-image-preview:large, max-video-preview:-1\" \/>\n<link rel=\"canonical\" href=\"https:\/\/balticarmor.com\/en\/product\/nugaros-atramos-sistema-plus\/\" \/>\n<meta property=\"og:locale\" content=\"en_US\" \/>\n<meta property=\"og:type\" content=\"article\" \/>\n<meta property=\"og:title\" content=\"Nugaros atramos sistema PLUS - balticarmor\" \/>\n<meta property=\"og:description\" content=\"Per didelis svoris kariui gali sukelti apatin\u0117s nugaros dalies skausmus ir keli\u0173 traumas. Tod\u0117l buvo sukurta \u201eMiguel Caballero\u201c PLUS Nugaros Atramos Sistema, kad b\u016bt\u0173 suma\u017eintas ir perskirstytas svoris ant nugaros.\" \/>\n<meta property=\"og:url\" content=\"https:\/\/balticarmor.com\/en\/product\/nugaros-atramos-sistema-plus\/\" \/>\n<meta property=\"og:site_name\" content=\"balticarmor\" \/>\n<meta property=\"article:modified_time\" content=\"2023-07-14T13:27:32+00:00\" \/>\n<meta property=\"og:image\" content=\"http:\/\/balticarmor.com\/wp-content\/uploads\/2023\/07\/Military-Support-Plus-756.webp\" \/>\n\t<meta property=\"og:image:width\" content=\"759\" \/>\n\t<meta property=\"og:image:height\" content=\"756\" \/>\n\t<meta property=\"og:image:type\" content=\"image\/webp\" \/>\n<meta name=\"twitter:card\" content=\"summary_large_image\" \/>\n<meta name=\"twitter:label1\" content=\"Est. reading time\" \/>\n\t<meta name=\"twitter:data1\" content=\"1 minute\" \/>\n<script type=\"application\/ld+json\" class=\"yoast-schema-graph\">{\"@context\":\"https:\/\/schema.org\",\"@graph\":[{\"@type\":\"WebPage\",\"@id\":\"https:\/\/balticarmor.com\/produktas\/nugaros-atramos-sistema-plus\/\",\"url\":\"https:\/\/balticarmor.com\/produktas\/nugaros-atramos-sistema-plus\/\",\"name\":\"Nugaros atramos sistema PLUS - balticarmor\",\"isPartOf\":{\"@id\":\"https:\/\/balticarmor.com\/#website\"},\"primaryImageOfPage\":{\"@id\":\"https:\/\/balticarmor.com\/produktas\/nugaros-atramos-sistema-plus\/#primaryimage\"},\"image\":{\"@id\":\"https:\/\/balticarmor.com\/produktas\/nugaros-atramos-sistema-plus\/#primaryimage\"},\"thumbnailUrl\":\"https:\/\/balticarmor.com\/wp-content\/uploads\/2023\/07\/Military-Support-Plus-756.webp\",\"datePublished\":\"2023-06-30T13:48:56+00:00\",\"dateModified\":\"2023-07-14T13:27:32+00:00\",\"description\":\"Per didelis svoris kariui gali sukelti apatin\u0117s nugaros dalies skausmus ir keli\u0173 traumas. Tod\u0117l buvo sukurta \u201eMiguel Caballero\u201c PLUS Nugaros Atramos Sistema, kad b\u016bt\u0173 suma\u017eintas ir perskirstytas svoris ant nugaros.\",\"breadcrumb\":{\"@id\":\"https:\/\/balticarmor.com\/produktas\/nugaros-atramos-sistema-plus\/#breadcrumb\"},\"inLanguage\":\"en-US\",\"potentialAction\":[{\"@type\":\"ReadAction\",\"target\":[\"https:\/\/balticarmor.com\/produktas\/nugaros-atramos-sistema-plus\/\"]}]},{\"@type\":\"ImageObject\",\"inLanguage\":\"en-US\",\"@id\":\"https:\/\/balticarmor.com\/produktas\/nugaros-atramos-sistema-plus\/#primaryimage\",\"url\":\"https:\/\/balticarmor.com\/wp-content\/uploads\/2023\/07\/Military-Support-Plus-756.webp\",\"contentUrl\":\"https:\/\/balticarmor.com\/wp-content\/uploads\/2023\/07\/Military-Support-Plus-756.webp\",\"width\":759,\"height\":756},{\"@type\":\"BreadcrumbList\",\"@id\":\"https:\/\/balticarmor.com\/produktas\/nugaros-atramos-sistema-plus\/#breadcrumb\",\"itemListElement\":[{\"@type\":\"ListItem\",\"position\":1,\"name\":\"Home\",\"item\":\"https:\/\/balticarmor.com\/\"},{\"@type\":\"ListItem\",\"position\":2,\"name\":\"Parduotuv\u0117\",\"item\":\"https:\/\/balticarmor.com\/parduotuve\/\"},{\"@type\":\"ListItem\",\"position\":3,\"name\":\"\u0160arvin\u0117s liemen\u0117s\",\"item\":\"https:\/\/balticarmor.com\/product-category\/sarvines-liemenes\/\"},{\"@type\":\"ListItem\",\"position\":4,\"name\":\"Nugaros atramos sistema PLUS\"}]},{\"@type\":\"WebSite\",\"@id\":\"https:\/\/balticarmor.com\/#website\",\"url\":\"https:\/\/balticarmor.com\/\",\"name\":\"balticarmor\",\"description\":\"Apsaugin\u0117s \u0161arvin\u0117s neper\u0161aunamos liemen\u0117s, skydai, kitos asmens \u0161arvuotos apsaugos priemon\u0117s\",\"publisher\":{\"@id\":\"https:\/\/balticarmor.com\/#organization\"},\"potentialAction\":[{\"@type\":\"SearchAction\",\"target\":{\"@type\":\"EntryPoint\",\"urlTemplate\":\"https:\/\/balticarmor.com\/?s={search_term_string}\"},\"query-input\":{\"@type\":\"PropertyValueSpecification\",\"valueRequired\":true,\"valueName\":\"search_term_string\"}}],\"inLanguage\":\"en-US\"},{\"@type\":\"Organization\",\"@id\":\"https:\/\/balticarmor.com\/#organization\",\"name\":\"UAB \\\"Talino 10\\\"\",\"url\":\"https:\/\/balticarmor.com\/\",\"logo\":{\"@type\":\"ImageObject\",\"inLanguage\":\"en-US\",\"@id\":\"https:\/\/balticarmor.com\/#\/schema\/logo\/image\/\",\"url\":\"https:\/\/balticarmor.com\/wp-content\/uploads\/2023\/06\/Balticarmor-logo-3.png\",\"contentUrl\":\"https:\/\/balticarmor.com\/wp-content\/uploads\/2023\/06\/Balticarmor-logo-3.png\",\"width\":1299,\"height\":1127,\"caption\":\"UAB \\\"Talino 10\\\"\"},\"image\":{\"@id\":\"https:\/\/balticarmor.com\/#\/schema\/logo\/image\/\"}}]}<\/script>\n<!-- \/ Yoast SEO plugin. -->","yoast_head_json":{"title":"Nugaros atramos sistema PLUS - balticarmor","description":"Per didelis svoris kariui gali sukelti apatin\u0117s nugaros dalies skausmus ir keli\u0173 traumas. Tod\u0117l buvo sukurta \u201eMiguel Caballero\u201c PLUS Nugaros Atramos Sistema, kad b\u016bt\u0173 suma\u017eintas ir perskirstytas svoris ant nugaros.","robots":{"index":"index","follow":"follow","max-snippet":"max-snippet:-1","max-image-preview":"max-image-preview:large","max-video-preview":"max-video-preview:-1"},"canonical":"https:\/\/balticarmor.com\/en\/product\/nugaros-atramos-sistema-plus\/","og_locale":"en_US","og_type":"article","og_title":"Nugaros atramos sistema PLUS - balticarmor","og_description":"Per didelis svoris kariui gali sukelti apatin\u0117s nugaros dalies skausmus ir keli\u0173 traumas. Tod\u0117l buvo sukurta \u201eMiguel Caballero\u201c PLUS Nugaros Atramos Sistema, kad b\u016bt\u0173 suma\u017eintas ir perskirstytas svoris ant nugaros.","og_url":"https:\/\/balticarmor.com\/en\/product\/nugaros-atramos-sistema-plus\/","og_site_name":"balticarmor","article_modified_time":"2023-07-14T13:27:32+00:00","og_image":[{"width":759,"height":756,"url":"http:\/\/balticarmor.com\/wp-content\/uploads\/2023\/07\/Military-Support-Plus-756.webp","type":"image\/webp"}],"twitter_card":"summary_large_image","twitter_misc":{"Est. reading time":"1 minute"},"schema":{"@context":"https:\/\/schema.org","@graph":[{"@type":"WebPage","@id":"https:\/\/balticarmor.com\/produktas\/nugaros-atramos-sistema-plus\/","url":"https:\/\/balticarmor.com\/produktas\/nugaros-atramos-sistema-plus\/","name":"Nugaros atramos sistema PLUS - balticarmor","isPartOf":{"@id":"https:\/\/balticarmor.com\/#website"},"primaryImageOfPage":{"@id":"https:\/\/balticarmor.com\/produktas\/nugaros-atramos-sistema-plus\/#primaryimage"},"image":{"@id":"https:\/\/balticarmor.com\/produktas\/nugaros-atramos-sistema-plus\/#primaryimage"},"thumbnailUrl":"https:\/\/balticarmor.com\/wp-content\/uploads\/2023\/07\/Military-Support-Plus-756.webp","datePublished":"2023-06-30T13:48:56+00:00","dateModified":"2023-07-14T13:27:32+00:00","description":"Per didelis svoris kariui gali sukelti apatin\u0117s nugaros dalies skausmus ir keli\u0173 traumas. Tod\u0117l buvo sukurta \u201eMiguel Caballero\u201c PLUS Nugaros Atramos Sistema, kad b\u016bt\u0173 suma\u017eintas ir perskirstytas svoris ant nugaros.","breadcrumb":{"@id":"https:\/\/balticarmor.com\/produktas\/nugaros-atramos-sistema-plus\/#breadcrumb"},"inLanguage":"en-US","potentialAction":[{"@type":"ReadAction","target":["https:\/\/balticarmor.com\/produktas\/nugaros-atramos-sistema-plus\/"]}]},{"@type":"ImageObject","inLanguage":"en-US","@id":"https:\/\/balticarmor.com\/produktas\/nugaros-atramos-sistema-plus\/#primaryimage","url":"https:\/\/balticarmor.com\/wp-content\/uploads\/2023\/07\/Military-Support-Plus-756.webp","contentUrl":"https:\/\/balticarmor.com\/wp-content\/uploads\/2023\/07\/Military-Support-Plus-756.webp","width":759,"height":756},{"@type":"BreadcrumbList","@id":"https:\/\/balticarmor.com\/produktas\/nugaros-atramos-sistema-plus\/#breadcrumb","itemListElement":[{"@type":"ListItem","position":1,"name":"Home","item":"https:\/\/balticarmor.com\/"},{"@type":"ListItem","position":2,"name":"Parduotuv\u0117","item":"https:\/\/balticarmor.com\/parduotuve\/"},{"@type":"ListItem","position":3,"name":"\u0160arvin\u0117s liemen\u0117s","item":"https:\/\/balticarmor.com\/product-category\/sarvines-liemenes\/"},{"@type":"ListItem","position":4,"name":"Nugaros atramos sistema PLUS"}]},{"@type":"WebSite","@id":"https:\/\/balticarmor.com\/#website","url":"https:\/\/balticarmor.com\/","name":"balticarmor","description":"Apsaugin\u0117s \u0161arvin\u0117s neper\u0161aunamos liemen\u0117s, skydai, kitos asmens \u0161arvuotos apsaugos priemon\u0117s","publisher":{"@id":"https:\/\/balticarmor.com\/#organization"},"potentialAction":[{"@type":"SearchAction","target":{"@type":"EntryPoint","urlTemplate":"https:\/\/balticarmor.com\/?s={search_term_string}"},"query-input":{"@type":"PropertyValueSpecification","valueRequired":true,"valueName":"search_term_string"}}],"inLanguage":"en-US"},{"@type":"Organization","@id":"https:\/\/balticarmor.com\/#organization","name":"UAB \"Talino 10\"","url":"https:\/\/balticarmor.com\/","logo":{"@type":"ImageObject","inLanguage":"en-US","@id":"https:\/\/balticarmor.com\/#\/schema\/logo\/image\/","url":"https:\/\/balticarmor.com\/wp-content\/uploads\/2023\/06\/Balticarmor-logo-3.png","contentUrl":"https:\/\/balticarmor.com\/wp-content\/uploads\/2023\/06\/Balticarmor-logo-3.png","width":1299,"height":1127,"caption":"UAB \"Talino 10\""},"image":{"@id":"https:\/\/balticarmor.com\/#\/schema\/logo\/image\/"}}]}},"uagb_featured_image_src":{"full":["https:\/\/balticarmor.com\/wp-content\/uploads\/2023\/07\/Military-Support-Plus-756.webp",759,756,false],"thumbnail":["https:\/\/balticarmor.com\/wp-content\/uploads\/2023\/07\/Military-Support-Plus-756-150x150.webp",150,150,true],"medium":["https:\/\/balticarmor.com\/wp-content\/uploads\/2023\/07\/Military-Support-Plus-756-300x300.webp",300,300,true],"medium_large":["https:\/\/balticarmor.com\/wp-content\/uploads\/2023\/07\/Military-Support-Plus-756.webp",759,756,false],"large":["https:\/\/balticarmor.com\/wp-content\/uploads\/2023\/07\/Military-Support-Plus-756.webp",759,756,false],"1536x1536":["https:\/\/balticarmor.com\/wp-content\/uploads\/2023\/07\/Military-Support-Plus-756.webp",759,756,false],"2048x2048":["https:\/\/balticarmor.com\/wp-content\/uploads\/2023\/07\/Military-Support-Plus-756.webp",759,756,false],"trp-custom-language-flag":["https:\/\/balticarmor.com\/wp-content\/uploads\/2023\/07\/Military-Support-Plus-756-12x12.webp",12,12,true],"woocommerce_thumbnail":["https:\/\/balticarmor.com\/wp-content\/uploads\/2023\/07\/Military-Support-Plus-756-300x300.webp",300,300,true],"woocommerce_single":["https:\/\/balticarmor.com\/wp-content\/uploads\/2023\/07\/Military-Support-Plus-756-600x598.webp",600,598,true],"woocommerce_gallery_thumbnail":["https:\/\/balticarmor.com\/wp-content\/uploads\/2023\/07\/Military-Support-Plus-756-100x100.webp",100,100,true]},"uagb_author_info":{"display_name":"Laimonas Jakas","author_link":"https:\/\/balticarmor.com\/en\/author\/"},"uagb_comment_info":0,"uagb_excerpt":"\u201eMiguel Caballero\u201c Nugaros atramos sistema PLUS","_links":{"self":[{"href":"https:\/\/balticarmor.com\/en\/wp-json\/wp\/v2\/product\/4466","targetHints":{"allow":["GET"]}}],"collection":[{"href":"https:\/\/balticarmor.com\/en\/wp-json\/wp\/v2\/product"}],"about":[{"href":"https:\/\/balticarmor.com\/en\/wp-json\/wp\/v2\/types\/product"}],"wp:featuredmedia":[{"embeddable":true,"href":"https:\/\/balticarmor.com\/en\/wp-json\/wp\/v2\/media\/4730"}],"wp:attachment":[{"href":"https:\/\/balticarmor.com\/en\/wp-json\/wp\/v2\/media?parent=4466"}],"wp:term":[{"taxonomy":"product_brand","embeddable":true,"href":"https:\/\/balticarmor.com\/en\/wp-json\/wp\/v2\/product_brand?post=4466"},{"taxonomy":"product_cat","embeddable":true,"href":"https:\/\/balticarmor.com\/en\/wp-json\/wp\/v2\/product_cat?post=4466"},{"taxonomy":"product_tag","embeddable":true,"href":"https:\/\/balticarmor.com\/en\/wp-json\/wp\/v2\/product_tag?post=4466"}],"curies":[{"name":"wp","href":"https:\/\/api.w.org\/{rel}","templated":true}]}}