{"id":4400,"date":"2023-06-28T16:42:59","date_gmt":"2023-06-28T14:42:59","guid":{"rendered":"https:\/\/balticarmor.com\/?post_type=product&#038;p=4400"},"modified":"2024-04-30T19:47:25","modified_gmt":"2024-04-30T17:47:25","slug":"karine-moduline-liemene-be-balistines-plokstes","status":"publish","type":"product","link":"https:\/\/balticarmor.com\/en\/product\/karine-moduline-liemene-be-balistines-plokstes\/","title":{"rendered":"Lightweight Modular Plate Carrier"},"content":{"rendered":"<p>Miguel Caballero WOLF Lightweight Modular Plate Carrier<\/p>\n<ul>\n<li>Lightweight<\/li>\n<li>Comfortable<\/li>\n<li>Balistics endurance<\/li>\n<li>Flexible<\/li>\n<li>Weight: 0,8 kg<\/li>\n<\/ul>\n<p>Size: For regular size plate 10\" x 12\"<\/p>\n<p>Made in Cordura fabric made with high tenacity and a Compact MOLLE system in laser cut to increase the options for the pouches configuration.<br \/>\nMILITARY grade magnetic fast release shoulder and waist buckles.<\/p>\n<p>This plate carrier can be attached to Miguel Caballero Back Support to improve comfort and weight distribution. This plate carrie can be combined with the Miguel Caballero tactical vest GRADER to increase the level of ballistic protection. For this, it is recommended to use MC Back Support Level II to get the most comfort and weight distribution possible.<\/p>\n<p>Superior cuts are with soft velcro fabric to attach the tag patches.<\/p>\n<p>MILITARY grade magnetic fast release shoulder with puller and adjustable straps in laser-cut Cordura fabric.<\/p>\n<p>MILITARY grade magnetic fast release waist with adjustable straps in laser-cut Cordura fabric.<\/p>","protected":false},"excerpt":{"rendered":"<p>Miguel Caballero WOLF Lightweight Modular Plate Carrier<\/p>","protected":false},"featured_media":4731,"template":"","meta":{"_uag_custom_page_level_css":"","site-sidebar-layout":"default","site-content-layout":"default","ast-global-header-display":"","ast-banner-title-visibility":"","ast-main-header-display":"","ast-hfb-above-header-display":"","ast-hfb-below-header-display":"","ast-hfb-mobile-header-display":"","site-post-title":"","ast-breadcrumbs-content":"","ast-featured-img":"","footer-sml-layout":"","theme-transparent-header-meta":"default","adv-header-id-meta":"","stick-header-meta":"","header-above-stick-meta":"","header-main-stick-meta":"","header-below-stick-meta":""},"product_brand":[],"product_cat":[81,106],"product_tag":[],"class_list":{"0":"post-4400","1":"product","2":"type-product","3":"status-publish","4":"has-post-thumbnail","6":"product_cat-sarvines-liemenes","7":"product_cat-visi-produktai","8":"pa_lytis-vyras","9":"pa_lytis-moteris","10":"desktop-align-left","11":"tablet-align-left","12":"mobile-align-left","14":"first","15":"instock","16":"taxable","17":"shipping-taxable","18":"purchasable","19":"product-type-variable","20":"has-default-attributes"},"yoast_head":"<!-- This site is optimized with the Yoast SEO plugin v24.3 - https:\/\/yoast.com\/wordpress\/plugins\/seo\/ -->\n<title>Karin\u0117 modulin\u0117 liemen\u0117 be balistin\u0117s plok\u0161t\u0117s - balticarmor<\/title>\n<meta name=\"description\" content=\"\u201eMiguel Caballero\u201c Liemen\u0117 CRAWLER - balistin\u0117s plok\u0161t\u0117s laikiklis NIJ III - IV APSAUGOS LYGIAI\" \/>\n<meta name=\"robots\" content=\"index, follow, max-snippet:-1, max-image-preview:large, max-video-preview:-1\" \/>\n<link rel=\"canonical\" href=\"https:\/\/balticarmor.com\/en\/product\/karine-moduline-liemene-be-balistines-plokstes\/\" \/>\n<meta property=\"og:locale\" content=\"en_US\" \/>\n<meta property=\"og:type\" content=\"article\" \/>\n<meta property=\"og:title\" content=\"Karin\u0117 modulin\u0117 liemen\u0117 be balistin\u0117s plok\u0161t\u0117s - balticarmor\" \/>\n<meta property=\"og:description\" content=\"\u201eMiguel Caballero\u201c Liemen\u0117 CRAWLER - balistin\u0117s plok\u0161t\u0117s laikiklis NIJ III - IV APSAUGOS LYGIAI\" \/>\n<meta property=\"og:url\" content=\"https:\/\/balticarmor.com\/en\/product\/karine-moduline-liemene-be-balistines-plokstes\/\" \/>\n<meta property=\"og:site_name\" content=\"balticarmor\" \/>\n<meta property=\"article:modified_time\" content=\"2024-04-30T17:47:25+00:00\" \/>\n<meta property=\"og:image\" content=\"http:\/\/balticarmor.com\/wp-content\/uploads\/2023\/07\/Military-Wolf-2-756.webp\" \/>\n\t<meta property=\"og:image:width\" content=\"756\" \/>\n\t<meta property=\"og:image:height\" content=\"756\" \/>\n\t<meta property=\"og:image:type\" content=\"image\/webp\" \/>\n<meta name=\"twitter:card\" content=\"summary_large_image\" \/>\n<meta name=\"twitter:label1\" content=\"Est. reading time\" \/>\n\t<meta name=\"twitter:data1\" content=\"1 minute\" \/>\n<script type=\"application\/ld+json\" class=\"yoast-schema-graph\">{\"@context\":\"https:\/\/schema.org\",\"@graph\":[{\"@type\":\"WebPage\",\"@id\":\"https:\/\/balticarmor.com\/produktas\/karine-moduline-liemene-be-balistines-plokstes\/\",\"url\":\"https:\/\/balticarmor.com\/produktas\/karine-moduline-liemene-be-balistines-plokstes\/\",\"name\":\"Karin\u0117 modulin\u0117 liemen\u0117 be balistin\u0117s plok\u0161t\u0117s - balticarmor\",\"isPartOf\":{\"@id\":\"https:\/\/balticarmor.com\/#website\"},\"primaryImageOfPage\":{\"@id\":\"https:\/\/balticarmor.com\/produktas\/karine-moduline-liemene-be-balistines-plokstes\/#primaryimage\"},\"image\":{\"@id\":\"https:\/\/balticarmor.com\/produktas\/karine-moduline-liemene-be-balistines-plokstes\/#primaryimage\"},\"thumbnailUrl\":\"https:\/\/balticarmor.com\/wp-content\/uploads\/2023\/07\/Military-Wolf-2-756.webp\",\"datePublished\":\"2023-06-28T14:42:59+00:00\",\"dateModified\":\"2024-04-30T17:47:25+00:00\",\"description\":\"\u201eMiguel Caballero\u201c Liemen\u0117 CRAWLER - balistin\u0117s plok\u0161t\u0117s laikiklis NIJ III - IV APSAUGOS LYGIAI\",\"breadcrumb\":{\"@id\":\"https:\/\/balticarmor.com\/produktas\/karine-moduline-liemene-be-balistines-plokstes\/#breadcrumb\"},\"inLanguage\":\"en-US\",\"potentialAction\":[{\"@type\":\"ReadAction\",\"target\":[\"https:\/\/balticarmor.com\/produktas\/karine-moduline-liemene-be-balistines-plokstes\/\"]}]},{\"@type\":\"ImageObject\",\"inLanguage\":\"en-US\",\"@id\":\"https:\/\/balticarmor.com\/produktas\/karine-moduline-liemene-be-balistines-plokstes\/#primaryimage\",\"url\":\"https:\/\/balticarmor.com\/wp-content\/uploads\/2023\/07\/Military-Wolf-2-756.webp\",\"contentUrl\":\"https:\/\/balticarmor.com\/wp-content\/uploads\/2023\/07\/Military-Wolf-2-756.webp\",\"width\":756,\"height\":756},{\"@type\":\"BreadcrumbList\",\"@id\":\"https:\/\/balticarmor.com\/produktas\/karine-moduline-liemene-be-balistines-plokstes\/#breadcrumb\",\"itemListElement\":[{\"@type\":\"ListItem\",\"position\":1,\"name\":\"Home\",\"item\":\"https:\/\/balticarmor.com\/\"},{\"@type\":\"ListItem\",\"position\":2,\"name\":\"Parduotuv\u0117\",\"item\":\"https:\/\/balticarmor.com\/parduotuve\/\"},{\"@type\":\"ListItem\",\"position\":3,\"name\":\"\u0160arvin\u0117s liemen\u0117s\",\"item\":\"https:\/\/balticarmor.com\/product-category\/sarvines-liemenes\/\"},{\"@type\":\"ListItem\",\"position\":4,\"name\":\"Karin\u0117 modulin\u0117 liemen\u0117 be balistin\u0117s plok\u0161t\u0117s\"}]},{\"@type\":\"WebSite\",\"@id\":\"https:\/\/balticarmor.com\/#website\",\"url\":\"https:\/\/balticarmor.com\/\",\"name\":\"balticarmor\",\"description\":\"Apsaugin\u0117s \u0161arvin\u0117s neper\u0161aunamos liemen\u0117s, skydai, kitos asmens \u0161arvuotos apsaugos priemon\u0117s\",\"publisher\":{\"@id\":\"https:\/\/balticarmor.com\/#organization\"},\"potentialAction\":[{\"@type\":\"SearchAction\",\"target\":{\"@type\":\"EntryPoint\",\"urlTemplate\":\"https:\/\/balticarmor.com\/?s={search_term_string}\"},\"query-input\":{\"@type\":\"PropertyValueSpecification\",\"valueRequired\":true,\"valueName\":\"search_term_string\"}}],\"inLanguage\":\"en-US\"},{\"@type\":\"Organization\",\"@id\":\"https:\/\/balticarmor.com\/#organization\",\"name\":\"UAB \\\"Talino 10\\\"\",\"url\":\"https:\/\/balticarmor.com\/\",\"logo\":{\"@type\":\"ImageObject\",\"inLanguage\":\"en-US\",\"@id\":\"https:\/\/balticarmor.com\/#\/schema\/logo\/image\/\",\"url\":\"https:\/\/balticarmor.com\/wp-content\/uploads\/2023\/06\/Balticarmor-logo-3.png\",\"contentUrl\":\"https:\/\/balticarmor.com\/wp-content\/uploads\/2023\/06\/Balticarmor-logo-3.png\",\"width\":1299,\"height\":1127,\"caption\":\"UAB \\\"Talino 10\\\"\"},\"image\":{\"@id\":\"https:\/\/balticarmor.com\/#\/schema\/logo\/image\/\"}}]}<\/script>\n<!-- \/ Yoast SEO plugin. -->","yoast_head_json":{"title":"Karin\u0117 modulin\u0117 liemen\u0117 be balistin\u0117s plok\u0161t\u0117s - balticarmor","description":"\u201eMiguel Caballero\u201c Liemen\u0117 CRAWLER - balistin\u0117s plok\u0161t\u0117s laikiklis NIJ III - IV APSAUGOS LYGIAI","robots":{"index":"index","follow":"follow","max-snippet":"max-snippet:-1","max-image-preview":"max-image-preview:large","max-video-preview":"max-video-preview:-1"},"canonical":"https:\/\/balticarmor.com\/en\/product\/karine-moduline-liemene-be-balistines-plokstes\/","og_locale":"en_US","og_type":"article","og_title":"Karin\u0117 modulin\u0117 liemen\u0117 be balistin\u0117s plok\u0161t\u0117s - balticarmor","og_description":"\u201eMiguel Caballero\u201c Liemen\u0117 CRAWLER - balistin\u0117s plok\u0161t\u0117s laikiklis NIJ III - IV APSAUGOS LYGIAI","og_url":"https:\/\/balticarmor.com\/en\/product\/karine-moduline-liemene-be-balistines-plokstes\/","og_site_name":"balticarmor","article_modified_time":"2024-04-30T17:47:25+00:00","og_image":[{"width":756,"height":756,"url":"http:\/\/balticarmor.com\/wp-content\/uploads\/2023\/07\/Military-Wolf-2-756.webp","type":"image\/webp"}],"twitter_card":"summary_large_image","twitter_misc":{"Est. reading time":"1 minute"},"schema":{"@context":"https:\/\/schema.org","@graph":[{"@type":"WebPage","@id":"https:\/\/balticarmor.com\/produktas\/karine-moduline-liemene-be-balistines-plokstes\/","url":"https:\/\/balticarmor.com\/produktas\/karine-moduline-liemene-be-balistines-plokstes\/","name":"Karin\u0117 modulin\u0117 liemen\u0117 be balistin\u0117s plok\u0161t\u0117s - balticarmor","isPartOf":{"@id":"https:\/\/balticarmor.com\/#website"},"primaryImageOfPage":{"@id":"https:\/\/balticarmor.com\/produktas\/karine-moduline-liemene-be-balistines-plokstes\/#primaryimage"},"image":{"@id":"https:\/\/balticarmor.com\/produktas\/karine-moduline-liemene-be-balistines-plokstes\/#primaryimage"},"thumbnailUrl":"https:\/\/balticarmor.com\/wp-content\/uploads\/2023\/07\/Military-Wolf-2-756.webp","datePublished":"2023-06-28T14:42:59+00:00","dateModified":"2024-04-30T17:47:25+00:00","description":"\u201eMiguel Caballero\u201c Liemen\u0117 CRAWLER - balistin\u0117s plok\u0161t\u0117s laikiklis NIJ III - IV APSAUGOS LYGIAI","breadcrumb":{"@id":"https:\/\/balticarmor.com\/produktas\/karine-moduline-liemene-be-balistines-plokstes\/#breadcrumb"},"inLanguage":"en-US","potentialAction":[{"@type":"ReadAction","target":["https:\/\/balticarmor.com\/produktas\/karine-moduline-liemene-be-balistines-plokstes\/"]}]},{"@type":"ImageObject","inLanguage":"en-US","@id":"https:\/\/balticarmor.com\/produktas\/karine-moduline-liemene-be-balistines-plokstes\/#primaryimage","url":"https:\/\/balticarmor.com\/wp-content\/uploads\/2023\/07\/Military-Wolf-2-756.webp","contentUrl":"https:\/\/balticarmor.com\/wp-content\/uploads\/2023\/07\/Military-Wolf-2-756.webp","width":756,"height":756},{"@type":"BreadcrumbList","@id":"https:\/\/balticarmor.com\/produktas\/karine-moduline-liemene-be-balistines-plokstes\/#breadcrumb","itemListElement":[{"@type":"ListItem","position":1,"name":"Home","item":"https:\/\/balticarmor.com\/"},{"@type":"ListItem","position":2,"name":"Parduotuv\u0117","item":"https:\/\/balticarmor.com\/parduotuve\/"},{"@type":"ListItem","position":3,"name":"\u0160arvin\u0117s liemen\u0117s","item":"https:\/\/balticarmor.com\/product-category\/sarvines-liemenes\/"},{"@type":"ListItem","position":4,"name":"Karin\u0117 modulin\u0117 liemen\u0117 be balistin\u0117s plok\u0161t\u0117s"}]},{"@type":"WebSite","@id":"https:\/\/balticarmor.com\/#website","url":"https:\/\/balticarmor.com\/","name":"balticarmor","description":"Apsaugin\u0117s \u0161arvin\u0117s neper\u0161aunamos liemen\u0117s, skydai, kitos asmens \u0161arvuotos apsaugos priemon\u0117s","publisher":{"@id":"https:\/\/balticarmor.com\/#organization"},"potentialAction":[{"@type":"SearchAction","target":{"@type":"EntryPoint","urlTemplate":"https:\/\/balticarmor.com\/?s={search_term_string}"},"query-input":{"@type":"PropertyValueSpecification","valueRequired":true,"valueName":"search_term_string"}}],"inLanguage":"en-US"},{"@type":"Organization","@id":"https:\/\/balticarmor.com\/#organization","name":"UAB \"Talino 10\"","url":"https:\/\/balticarmor.com\/","logo":{"@type":"ImageObject","inLanguage":"en-US","@id":"https:\/\/balticarmor.com\/#\/schema\/logo\/image\/","url":"https:\/\/balticarmor.com\/wp-content\/uploads\/2023\/06\/Balticarmor-logo-3.png","contentUrl":"https:\/\/balticarmor.com\/wp-content\/uploads\/2023\/06\/Balticarmor-logo-3.png","width":1299,"height":1127,"caption":"UAB \"Talino 10\""},"image":{"@id":"https:\/\/balticarmor.com\/#\/schema\/logo\/image\/"}}]}},"uagb_featured_image_src":{"full":["https:\/\/balticarmor.com\/wp-content\/uploads\/2023\/07\/Military-Wolf-2-756.webp",756,756,false],"thumbnail":["https:\/\/balticarmor.com\/wp-content\/uploads\/2023\/07\/Military-Wolf-2-756-150x150.webp",150,150,true],"medium":["https:\/\/balticarmor.com\/wp-content\/uploads\/2023\/07\/Military-Wolf-2-756-300x300.webp",300,300,true],"medium_large":["https:\/\/balticarmor.com\/wp-content\/uploads\/2023\/07\/Military-Wolf-2-756.webp",756,756,false],"large":["https:\/\/balticarmor.com\/wp-content\/uploads\/2023\/07\/Military-Wolf-2-756.webp",756,756,false],"1536x1536":["https:\/\/balticarmor.com\/wp-content\/uploads\/2023\/07\/Military-Wolf-2-756.webp",756,756,false],"2048x2048":["https:\/\/balticarmor.com\/wp-content\/uploads\/2023\/07\/Military-Wolf-2-756.webp",756,756,false],"trp-custom-language-flag":["https:\/\/balticarmor.com\/wp-content\/uploads\/2023\/07\/Military-Wolf-2-756-12x12.webp",12,12,true],"woocommerce_thumbnail":["https:\/\/balticarmor.com\/wp-content\/uploads\/2023\/07\/Military-Wolf-2-756-300x300.webp",300,300,true],"woocommerce_single":["https:\/\/balticarmor.com\/wp-content\/uploads\/2023\/07\/Military-Wolf-2-756-600x600.webp",600,600,true],"woocommerce_gallery_thumbnail":["https:\/\/balticarmor.com\/wp-content\/uploads\/2023\/07\/Military-Wolf-2-756-100x100.webp",100,100,true]},"uagb_author_info":{"display_name":"Laimonas Jakas","author_link":"https:\/\/balticarmor.com\/en\/author\/"},"uagb_comment_info":0,"uagb_excerpt":"\u201eMiguel Caballero\u201c lengva modulin\u0117 liemen\u0117 (balistin\u0117s plok\u0161t\u0117s laikiklis) WOLF, be balistini\u0173 plok\u0161\u010di\u0173","_links":{"self":[{"href":"https:\/\/balticarmor.com\/en\/wp-json\/wp\/v2\/product\/4400","targetHints":{"allow":["GET"]}}],"collection":[{"href":"https:\/\/balticarmor.com\/en\/wp-json\/wp\/v2\/product"}],"about":[{"href":"https:\/\/balticarmor.com\/en\/wp-json\/wp\/v2\/types\/product"}],"wp:featuredmedia":[{"embeddable":true,"href":"https:\/\/balticarmor.com\/en\/wp-json\/wp\/v2\/media\/4731"}],"wp:attachment":[{"href":"https:\/\/balticarmor.com\/en\/wp-json\/wp\/v2\/media?parent=4400"}],"wp:term":[{"taxonomy":"product_brand","embeddable":true,"href":"https:\/\/balticarmor.com\/en\/wp-json\/wp\/v2\/product_brand?post=4400"},{"taxonomy":"product_cat","embeddable":true,"href":"https:\/\/balticarmor.com\/en\/wp-json\/wp\/v2\/product_cat?post=4400"},{"taxonomy":"product_tag","embeddable":true,"href":"https:\/\/balticarmor.com\/en\/wp-json\/wp\/v2\/product_tag?post=4400"}],"curies":[{"name":"wp","href":"https:\/\/api.w.org\/{rel}","templated":true}]}}