{"id":4145,"date":"2023-05-29T14:32:11","date_gmt":"2023-05-29T12:32:11","guid":{"rendered":"https:\/\/balticarmor.com\/?post_type=product&#038;p=4145"},"modified":"2023-06-28T11:48:23","modified_gmt":"2023-06-28T09:48:23","slug":"4145","status":"publish","type":"product","link":"https:\/\/balticarmor.com\/en\/product\/4145\/","title":{"rendered":"PLATE CARRIER LEVEL III - IV"},"content":{"rendered":"<p>Miguel Caballero Plate carrier level III - IV<\/p>\n<ul>\n<li>BALLISTIC RESISTANT<\/li>\n<li>LEVEL PROTECTION: NIJ III \u2013 IV<\/li>\n<li>BREATHBLE MESH<\/li>\n<li>ADJUSTABLE<\/li>\n<li>COMFORTABLE<\/li>\n<li>PANEL WEIGHT: 800 grams<\/li>\n<li>Use with the SAPI Plates<\/li>\n<\/ul>\n<p>1. Military grade quick release magnetic shoulder with adjustable pull and straps in laser cut Cordura fabric.<\/p>\n<p>2. Top cuts are with soft velcro fabric on the front and back to attach the label patches.<\/p>\n<p>3. The configuration and construction of our plate holder allows us to adjust the size of the plate bag (front and back) according to the SAPI size plate. We can offer the plate holder from size S to size XL. According to user height, our plate holder can go from 5.2\u201c to 7\u201d Male or Female.<\/p>\n<p>4. Military grade quick release magnetic waistband with adjustable straps in laser cut Cordura fabric<\/p>\n<p>5. This plate holder can be attached to any of our Miguel Caballero back supports to improve comfort and weight distribution.<\/p>","protected":false},"excerpt":{"rendered":"<p>Miguel Caballero Plate carrier level III - IV<\/p>","protected":false},"featured_media":4076,"template":"","meta":{"_uag_custom_page_level_css":"","site-sidebar-layout":"default","site-content-layout":"default","ast-global-header-display":"","ast-banner-title-visibility":"","ast-main-header-display":"","ast-hfb-above-header-display":"","ast-hfb-below-header-display":"","ast-hfb-mobile-header-display":"","site-post-title":"","ast-breadcrumbs-content":"","ast-featured-img":"","footer-sml-layout":"","theme-transparent-header-meta":"default","adv-header-id-meta":"","stick-header-meta":"","header-above-stick-meta":"","header-main-stick-meta":"","header-below-stick-meta":""},"product_brand":[],"product_cat":[81,106],"product_tag":[],"class_list":{"0":"post-4145","1":"product","2":"type-product","3":"status-publish","4":"has-post-thumbnail","6":"product_cat-sarvines-liemenes","7":"product_cat-visi-produktai","8":"pa_dydis-l","9":"pa_dydis-m","10":"pa_dydis-s","11":"pa_dydis-xl","12":"pa_lytis-moteris","13":"pa_lytis-vyras","14":"desktop-align-left","15":"tablet-align-left","16":"mobile-align-left","18":"first","19":"instock","20":"taxable","21":"shipping-taxable","22":"purchasable","23":"product-type-variable","24":"has-default-attributes"},"yoast_head":"<!-- This site is optimized with the Yoast SEO plugin v24.3 - https:\/\/yoast.com\/wordpress\/plugins\/seo\/ -->\n<title>Liemen\u0117 - balistin\u0117s plok\u0161t\u0117s laikiklis - balticarmor<\/title>\n<meta name=\"description\" content=\"\u201eMiguel Caballero\u201c Liemen\u0117 CRAWLER - balistin\u0117s plok\u0161t\u0117s laikiklis NIJ III - IV APSAUGOS LYGIAI\" \/>\n<meta name=\"robots\" content=\"index, follow, max-snippet:-1, max-image-preview:large, max-video-preview:-1\" \/>\n<link rel=\"canonical\" href=\"https:\/\/balticarmor.com\/en\/product\/4145\/\" \/>\n<meta property=\"og:locale\" content=\"en_US\" \/>\n<meta property=\"og:type\" content=\"article\" \/>\n<meta property=\"og:title\" content=\"Liemen\u0117 - balistin\u0117s plok\u0161t\u0117s laikiklis - balticarmor\" \/>\n<meta property=\"og:description\" content=\"\u201eMiguel Caballero\u201c Liemen\u0117 CRAWLER - balistin\u0117s plok\u0161t\u0117s laikiklis NIJ III - IV APSAUGOS LYGIAI\" \/>\n<meta property=\"og:url\" content=\"https:\/\/balticarmor.com\/en\/product\/4145\/\" \/>\n<meta property=\"og:site_name\" content=\"balticarmor\" \/>\n<meta property=\"article:modified_time\" content=\"2023-06-28T09:48:23+00:00\" \/>\n<meta property=\"og:image\" content=\"http:\/\/balticarmor.com\/wp-content\/uploads\/2023\/05\/Law-en-CRAWLER.webp\" \/>\n\t<meta property=\"og:image:width\" content=\"1512\" \/>\n\t<meta property=\"og:image:height\" content=\"1508\" \/>\n\t<meta property=\"og:image:type\" content=\"image\/webp\" \/>\n<meta name=\"twitter:card\" content=\"summary_large_image\" \/>\n<meta name=\"twitter:label1\" content=\"Est. reading time\" \/>\n\t<meta name=\"twitter:data1\" content=\"1 minute\" \/>\n<script type=\"application\/ld+json\" class=\"yoast-schema-graph\">{\"@context\":\"https:\/\/schema.org\",\"@graph\":[{\"@type\":\"WebPage\",\"@id\":\"https:\/\/balticarmor.com\/produktas\/4145\/\",\"url\":\"https:\/\/balticarmor.com\/produktas\/4145\/\",\"name\":\"Liemen\u0117 - balistin\u0117s plok\u0161t\u0117s laikiklis - balticarmor\",\"isPartOf\":{\"@id\":\"https:\/\/balticarmor.com\/#website\"},\"primaryImageOfPage\":{\"@id\":\"https:\/\/balticarmor.com\/produktas\/4145\/#primaryimage\"},\"image\":{\"@id\":\"https:\/\/balticarmor.com\/produktas\/4145\/#primaryimage\"},\"thumbnailUrl\":\"https:\/\/balticarmor.com\/wp-content\/uploads\/2023\/05\/Law-en-CRAWLER.webp\",\"datePublished\":\"2023-05-29T12:32:11+00:00\",\"dateModified\":\"2023-06-28T09:48:23+00:00\",\"description\":\"\u201eMiguel Caballero\u201c Liemen\u0117 CRAWLER - balistin\u0117s plok\u0161t\u0117s laikiklis NIJ III - IV APSAUGOS LYGIAI\",\"breadcrumb\":{\"@id\":\"https:\/\/balticarmor.com\/produktas\/4145\/#breadcrumb\"},\"inLanguage\":\"en-US\",\"potentialAction\":[{\"@type\":\"ReadAction\",\"target\":[\"https:\/\/balticarmor.com\/produktas\/4145\/\"]}]},{\"@type\":\"ImageObject\",\"inLanguage\":\"en-US\",\"@id\":\"https:\/\/balticarmor.com\/produktas\/4145\/#primaryimage\",\"url\":\"https:\/\/balticarmor.com\/wp-content\/uploads\/2023\/05\/Law-en-CRAWLER.webp\",\"contentUrl\":\"https:\/\/balticarmor.com\/wp-content\/uploads\/2023\/05\/Law-en-CRAWLER.webp\",\"width\":1512,\"height\":1508},{\"@type\":\"BreadcrumbList\",\"@id\":\"https:\/\/balticarmor.com\/produktas\/4145\/#breadcrumb\",\"itemListElement\":[{\"@type\":\"ListItem\",\"position\":1,\"name\":\"Home\",\"item\":\"https:\/\/balticarmor.com\/\"},{\"@type\":\"ListItem\",\"position\":2,\"name\":\"Parduotuv\u0117\",\"item\":\"https:\/\/balticarmor.com\/parduotuve\/\"},{\"@type\":\"ListItem\",\"position\":3,\"name\":\"\u0160arvin\u0117s liemen\u0117s\",\"item\":\"https:\/\/balticarmor.com\/product-category\/sarvines-liemenes\/\"},{\"@type\":\"ListItem\",\"position\":4,\"name\":\"Liemen\u0117 &#8211; balistin\u0117s plok\u0161t\u0117s laikiklis\"}]},{\"@type\":\"WebSite\",\"@id\":\"https:\/\/balticarmor.com\/#website\",\"url\":\"https:\/\/balticarmor.com\/\",\"name\":\"balticarmor\",\"description\":\"Apsaugin\u0117s \u0161arvin\u0117s neper\u0161aunamos liemen\u0117s, skydai, kitos asmens \u0161arvuotos apsaugos priemon\u0117s\",\"publisher\":{\"@id\":\"https:\/\/balticarmor.com\/#organization\"},\"potentialAction\":[{\"@type\":\"SearchAction\",\"target\":{\"@type\":\"EntryPoint\",\"urlTemplate\":\"https:\/\/balticarmor.com\/?s={search_term_string}\"},\"query-input\":{\"@type\":\"PropertyValueSpecification\",\"valueRequired\":true,\"valueName\":\"search_term_string\"}}],\"inLanguage\":\"en-US\"},{\"@type\":\"Organization\",\"@id\":\"https:\/\/balticarmor.com\/#organization\",\"name\":\"UAB \\\"Talino 10\\\"\",\"url\":\"https:\/\/balticarmor.com\/\",\"logo\":{\"@type\":\"ImageObject\",\"inLanguage\":\"en-US\",\"@id\":\"https:\/\/balticarmor.com\/#\/schema\/logo\/image\/\",\"url\":\"https:\/\/balticarmor.com\/wp-content\/uploads\/2023\/06\/Balticarmor-logo-3.png\",\"contentUrl\":\"https:\/\/balticarmor.com\/wp-content\/uploads\/2023\/06\/Balticarmor-logo-3.png\",\"width\":1299,\"height\":1127,\"caption\":\"UAB \\\"Talino 10\\\"\"},\"image\":{\"@id\":\"https:\/\/balticarmor.com\/#\/schema\/logo\/image\/\"}}]}<\/script>\n<!-- \/ Yoast SEO plugin. -->","yoast_head_json":{"title":"Liemen\u0117 - balistin\u0117s plok\u0161t\u0117s laikiklis - balticarmor","description":"\u201eMiguel Caballero\u201c Liemen\u0117 CRAWLER - balistin\u0117s plok\u0161t\u0117s laikiklis NIJ III - IV APSAUGOS LYGIAI","robots":{"index":"index","follow":"follow","max-snippet":"max-snippet:-1","max-image-preview":"max-image-preview:large","max-video-preview":"max-video-preview:-1"},"canonical":"https:\/\/balticarmor.com\/en\/product\/4145\/","og_locale":"en_US","og_type":"article","og_title":"Liemen\u0117 - balistin\u0117s plok\u0161t\u0117s laikiklis - balticarmor","og_description":"\u201eMiguel Caballero\u201c Liemen\u0117 CRAWLER - balistin\u0117s plok\u0161t\u0117s laikiklis NIJ III - IV APSAUGOS LYGIAI","og_url":"https:\/\/balticarmor.com\/en\/product\/4145\/","og_site_name":"balticarmor","article_modified_time":"2023-06-28T09:48:23+00:00","og_image":[{"width":1512,"height":1508,"url":"http:\/\/balticarmor.com\/wp-content\/uploads\/2023\/05\/Law-en-CRAWLER.webp","type":"image\/webp"}],"twitter_card":"summary_large_image","twitter_misc":{"Est. reading time":"1 minute"},"schema":{"@context":"https:\/\/schema.org","@graph":[{"@type":"WebPage","@id":"https:\/\/balticarmor.com\/produktas\/4145\/","url":"https:\/\/balticarmor.com\/produktas\/4145\/","name":"Liemen\u0117 - balistin\u0117s plok\u0161t\u0117s laikiklis - balticarmor","isPartOf":{"@id":"https:\/\/balticarmor.com\/#website"},"primaryImageOfPage":{"@id":"https:\/\/balticarmor.com\/produktas\/4145\/#primaryimage"},"image":{"@id":"https:\/\/balticarmor.com\/produktas\/4145\/#primaryimage"},"thumbnailUrl":"https:\/\/balticarmor.com\/wp-content\/uploads\/2023\/05\/Law-en-CRAWLER.webp","datePublished":"2023-05-29T12:32:11+00:00","dateModified":"2023-06-28T09:48:23+00:00","description":"\u201eMiguel Caballero\u201c Liemen\u0117 CRAWLER - balistin\u0117s plok\u0161t\u0117s laikiklis NIJ III - IV APSAUGOS LYGIAI","breadcrumb":{"@id":"https:\/\/balticarmor.com\/produktas\/4145\/#breadcrumb"},"inLanguage":"en-US","potentialAction":[{"@type":"ReadAction","target":["https:\/\/balticarmor.com\/produktas\/4145\/"]}]},{"@type":"ImageObject","inLanguage":"en-US","@id":"https:\/\/balticarmor.com\/produktas\/4145\/#primaryimage","url":"https:\/\/balticarmor.com\/wp-content\/uploads\/2023\/05\/Law-en-CRAWLER.webp","contentUrl":"https:\/\/balticarmor.com\/wp-content\/uploads\/2023\/05\/Law-en-CRAWLER.webp","width":1512,"height":1508},{"@type":"BreadcrumbList","@id":"https:\/\/balticarmor.com\/produktas\/4145\/#breadcrumb","itemListElement":[{"@type":"ListItem","position":1,"name":"Home","item":"https:\/\/balticarmor.com\/"},{"@type":"ListItem","position":2,"name":"Parduotuv\u0117","item":"https:\/\/balticarmor.com\/parduotuve\/"},{"@type":"ListItem","position":3,"name":"\u0160arvin\u0117s liemen\u0117s","item":"https:\/\/balticarmor.com\/product-category\/sarvines-liemenes\/"},{"@type":"ListItem","position":4,"name":"Liemen\u0117 &#8211; balistin\u0117s plok\u0161t\u0117s laikiklis"}]},{"@type":"WebSite","@id":"https:\/\/balticarmor.com\/#website","url":"https:\/\/balticarmor.com\/","name":"balticarmor","description":"Apsaugin\u0117s \u0161arvin\u0117s neper\u0161aunamos liemen\u0117s, skydai, kitos asmens \u0161arvuotos apsaugos priemon\u0117s","publisher":{"@id":"https:\/\/balticarmor.com\/#organization"},"potentialAction":[{"@type":"SearchAction","target":{"@type":"EntryPoint","urlTemplate":"https:\/\/balticarmor.com\/?s={search_term_string}"},"query-input":{"@type":"PropertyValueSpecification","valueRequired":true,"valueName":"search_term_string"}}],"inLanguage":"en-US"},{"@type":"Organization","@id":"https:\/\/balticarmor.com\/#organization","name":"UAB \"Talino 10\"","url":"https:\/\/balticarmor.com\/","logo":{"@type":"ImageObject","inLanguage":"en-US","@id":"https:\/\/balticarmor.com\/#\/schema\/logo\/image\/","url":"https:\/\/balticarmor.com\/wp-content\/uploads\/2023\/06\/Balticarmor-logo-3.png","contentUrl":"https:\/\/balticarmor.com\/wp-content\/uploads\/2023\/06\/Balticarmor-logo-3.png","width":1299,"height":1127,"caption":"UAB \"Talino 10\""},"image":{"@id":"https:\/\/balticarmor.com\/#\/schema\/logo\/image\/"}}]}},"uagb_featured_image_src":{"full":["https:\/\/balticarmor.com\/wp-content\/uploads\/2023\/05\/Law-en-CRAWLER.webp",1512,1508,false],"thumbnail":["https:\/\/balticarmor.com\/wp-content\/uploads\/2023\/05\/Law-en-CRAWLER-150x150.webp",150,150,true],"medium":["https:\/\/balticarmor.com\/wp-content\/uploads\/2023\/05\/Law-en-CRAWLER-300x300.webp",300,300,true],"medium_large":["https:\/\/balticarmor.com\/wp-content\/uploads\/2023\/05\/Law-en-CRAWLER-768x766.webp",768,766,true],"large":["https:\/\/balticarmor.com\/wp-content\/uploads\/2023\/05\/Law-en-CRAWLER-1024x1021.webp",1024,1021,true],"1536x1536":["https:\/\/balticarmor.com\/wp-content\/uploads\/2023\/05\/Law-en-CRAWLER.webp",1512,1508,false],"2048x2048":["https:\/\/balticarmor.com\/wp-content\/uploads\/2023\/05\/Law-en-CRAWLER.webp",1512,1508,false],"trp-custom-language-flag":["https:\/\/balticarmor.com\/wp-content\/uploads\/2023\/05\/Law-en-CRAWLER-12x12.webp",12,12,true],"woocommerce_thumbnail":["https:\/\/balticarmor.com\/wp-content\/uploads\/2023\/05\/Law-en-CRAWLER-300x300.webp",300,300,true],"woocommerce_single":["https:\/\/balticarmor.com\/wp-content\/uploads\/2023\/05\/Law-en-CRAWLER-600x598.webp",600,598,true],"woocommerce_gallery_thumbnail":["https:\/\/balticarmor.com\/wp-content\/uploads\/2023\/05\/Law-en-CRAWLER-100x100.webp",100,100,true]},"uagb_author_info":{"display_name":"Laimonas Jakas","author_link":"https:\/\/balticarmor.com\/en\/author\/"},"uagb_comment_info":0,"uagb_excerpt":"\u201eMiguel Caballero\u201c Liemen\u0117 CRAWLER - balistin\u0117s plok\u0161t\u0117s laikiklis","_links":{"self":[{"href":"https:\/\/balticarmor.com\/en\/wp-json\/wp\/v2\/product\/4145","targetHints":{"allow":["GET"]}}],"collection":[{"href":"https:\/\/balticarmor.com\/en\/wp-json\/wp\/v2\/product"}],"about":[{"href":"https:\/\/balticarmor.com\/en\/wp-json\/wp\/v2\/types\/product"}],"wp:featuredmedia":[{"embeddable":true,"href":"https:\/\/balticarmor.com\/en\/wp-json\/wp\/v2\/media\/4076"}],"wp:attachment":[{"href":"https:\/\/balticarmor.com\/en\/wp-json\/wp\/v2\/media?parent=4145"}],"wp:term":[{"taxonomy":"product_brand","embeddable":true,"href":"https:\/\/balticarmor.com\/en\/wp-json\/wp\/v2\/product_brand?post=4145"},{"taxonomy":"product_cat","embeddable":true,"href":"https:\/\/balticarmor.com\/en\/wp-json\/wp\/v2\/product_cat?post=4145"},{"taxonomy":"product_tag","embeddable":true,"href":"https:\/\/balticarmor.com\/en\/wp-json\/wp\/v2\/product_tag?post=4145"}],"curies":[{"name":"wp","href":"https:\/\/api.w.org\/{rel}","templated":true}]}}