{"id":4116,"date":"2023-05-29T11:14:40","date_gmt":"2023-05-29T09:14:40","guid":{"rendered":"https:\/\/balticarmor.com\/?post_type=product&#038;p=4116"},"modified":"2023-07-11T14:11:47","modified_gmt":"2023-07-11T12:11:47","slug":"anti-riausiu-kostiumas","status":"publish","type":"product","link":"https:\/\/balticarmor.com\/en\/product\/anti-riausiu-kostiumas\/","title":{"rendered":"Anti-riot Costume IIIA"},"content":{"rendered":"<p>Miguel Caballero Law Enforcement Anti-riot Costume IIIA<\/p>\n<p>LEVEL PROTECTION: NIJ IIIA<\/p>\n<p>BREATHBLE MESH<\/p>\n<p>WEIGHT: 10,5 KG<\/p>\n<p>Equipment designed to minimize the risk of the user, protect against impacts produced by clashes in riot control. It has a system of shells (polymeric pieces) at the level of all the extremities of the body, this system allows the user to articulate all its components without losing protection in the movements. It has a cushioning system in order to absorb the impact through EVA sheets lined on a 3d mesh with thermoregulation properties, which provides comfort and adaptability to the different climatic conditions in which it may be found.<\/p>","protected":false},"excerpt":{"rendered":"<p>Miguel Caballero Law Enforcement Anti-riot Costume IIIA<\/p>","protected":false},"featured_media":4741,"template":"","meta":{"_uag_custom_page_level_css":"","site-sidebar-layout":"default","site-content-layout":"default","ast-global-header-display":"","ast-banner-title-visibility":"","ast-main-header-display":"","ast-hfb-above-header-display":"","ast-hfb-below-header-display":"","ast-hfb-mobile-header-display":"","site-post-title":"","ast-breadcrumbs-content":"","ast-featured-img":"","footer-sml-layout":"","theme-transparent-header-meta":"default","adv-header-id-meta":"","stick-header-meta":"","header-above-stick-meta":"","header-main-stick-meta":"","header-below-stick-meta":""},"product_brand":[],"product_cat":[126,106],"product_tag":[],"class_list":{"0":"post-4116","1":"product","2":"type-product","3":"status-publish","4":"has-post-thumbnail","6":"product_cat-riausiu-kostiumai","7":"product_cat-visi-produktai","8":"pa_dydis-l","9":"pa_dydis-m","10":"pa_dydis-s","11":"pa_dydis-xl","12":"pa_dydis-xs","13":"pa_lytis-moteris","14":"pa_lytis-vyras","15":"desktop-align-left","16":"tablet-align-left","17":"mobile-align-left","19":"first","20":"instock","21":"taxable","22":"shipping-taxable","23":"purchasable","24":"product-type-variable","25":"has-default-attributes"},"yoast_head":"<!-- This site is optimized with the Yoast SEO plugin v24.3 - https:\/\/yoast.com\/wordpress\/plugins\/seo\/ -->\n<title>Apsaugos nuo riau\u0161i\u0173 kostiumas - balticarmor<\/title>\n<meta name=\"description\" content=\"Kovos su riau\u0161\u0117mis apsaugos kostiumas yra skirtas suma\u017einti naudotojo rizik\u0105 ir apsaugoti nuo susir\u0117mim\u0173 riau\u0161i\u0173 metu padarini\u0173. Kostiumas turi polimerini\u0173 dali\u0173 \u0161arv\u0173 sistem\u0105 visose labiausiai pa\u017eeid\u017eiamose k\u016bno vietose ir leid\u017eia laisvai jud\u0117ti.\" \/>\n<meta name=\"robots\" content=\"index, follow, max-snippet:-1, max-image-preview:large, max-video-preview:-1\" \/>\n<link rel=\"canonical\" href=\"https:\/\/balticarmor.com\/en\/product\/anti-riausiu-kostiumas\/\" \/>\n<meta property=\"og:locale\" content=\"en_US\" \/>\n<meta property=\"og:type\" content=\"article\" \/>\n<meta property=\"og:title\" content=\"Apsaugos nuo riau\u0161i\u0173 kostiumas - balticarmor\" \/>\n<meta property=\"og:description\" content=\"Kovos su riau\u0161\u0117mis apsaugos kostiumas yra skirtas suma\u017einti naudotojo rizik\u0105 ir apsaugoti nuo susir\u0117mim\u0173 riau\u0161i\u0173 metu padarini\u0173. Kostiumas turi polimerini\u0173 dali\u0173 \u0161arv\u0173 sistem\u0105 visose labiausiai pa\u017eeid\u017eiamose k\u016bno vietose ir leid\u017eia laisvai jud\u0117ti.\" \/>\n<meta property=\"og:url\" content=\"https:\/\/balticarmor.com\/en\/product\/anti-riausiu-kostiumas\/\" \/>\n<meta property=\"og:site_name\" content=\"balticarmor\" \/>\n<meta property=\"article:modified_time\" content=\"2023-07-11T12:11:47+00:00\" \/>\n<meta property=\"og:image\" content=\"http:\/\/balticarmor.com\/wp-content\/uploads\/2023\/05\/Law-en-COSTUMEantiriots-756.webp\" \/>\n\t<meta property=\"og:image:width\" content=\"756\" \/>\n\t<meta property=\"og:image:height\" content=\"755\" \/>\n\t<meta property=\"og:image:type\" content=\"image\/webp\" \/>\n<meta name=\"twitter:card\" content=\"summary_large_image\" \/>\n<meta name=\"twitter:label1\" content=\"Est. reading time\" \/>\n\t<meta name=\"twitter:data1\" content=\"1 minute\" \/>\n<script type=\"application\/ld+json\" class=\"yoast-schema-graph\">{\"@context\":\"https:\/\/schema.org\",\"@graph\":[{\"@type\":\"WebPage\",\"@id\":\"https:\/\/balticarmor.com\/produktas\/anti-riausiu-kostiumas\/\",\"url\":\"https:\/\/balticarmor.com\/produktas\/anti-riausiu-kostiumas\/\",\"name\":\"Apsaugos nuo riau\u0161i\u0173 kostiumas - balticarmor\",\"isPartOf\":{\"@id\":\"https:\/\/balticarmor.com\/#website\"},\"primaryImageOfPage\":{\"@id\":\"https:\/\/balticarmor.com\/produktas\/anti-riausiu-kostiumas\/#primaryimage\"},\"image\":{\"@id\":\"https:\/\/balticarmor.com\/produktas\/anti-riausiu-kostiumas\/#primaryimage\"},\"thumbnailUrl\":\"https:\/\/balticarmor.com\/wp-content\/uploads\/2023\/05\/Law-en-COSTUMEantiriots-756.webp\",\"datePublished\":\"2023-05-29T09:14:40+00:00\",\"dateModified\":\"2023-07-11T12:11:47+00:00\",\"description\":\"Kovos su riau\u0161\u0117mis apsaugos kostiumas yra skirtas suma\u017einti naudotojo rizik\u0105 ir apsaugoti nuo susir\u0117mim\u0173 riau\u0161i\u0173 metu padarini\u0173. Kostiumas turi polimerini\u0173 dali\u0173 \u0161arv\u0173 sistem\u0105 visose labiausiai pa\u017eeid\u017eiamose k\u016bno vietose ir leid\u017eia laisvai jud\u0117ti.\",\"breadcrumb\":{\"@id\":\"https:\/\/balticarmor.com\/produktas\/anti-riausiu-kostiumas\/#breadcrumb\"},\"inLanguage\":\"en-US\",\"potentialAction\":[{\"@type\":\"ReadAction\",\"target\":[\"https:\/\/balticarmor.com\/produktas\/anti-riausiu-kostiumas\/\"]}]},{\"@type\":\"ImageObject\",\"inLanguage\":\"en-US\",\"@id\":\"https:\/\/balticarmor.com\/produktas\/anti-riausiu-kostiumas\/#primaryimage\",\"url\":\"https:\/\/balticarmor.com\/wp-content\/uploads\/2023\/05\/Law-en-COSTUMEantiriots-756.webp\",\"contentUrl\":\"https:\/\/balticarmor.com\/wp-content\/uploads\/2023\/05\/Law-en-COSTUMEantiriots-756.webp\",\"width\":756,\"height\":755},{\"@type\":\"BreadcrumbList\",\"@id\":\"https:\/\/balticarmor.com\/produktas\/anti-riausiu-kostiumas\/#breadcrumb\",\"itemListElement\":[{\"@type\":\"ListItem\",\"position\":1,\"name\":\"Home\",\"item\":\"https:\/\/balticarmor.com\/\"},{\"@type\":\"ListItem\",\"position\":2,\"name\":\"Parduotuv\u0117\",\"item\":\"https:\/\/balticarmor.com\/parduotuve\/\"},{\"@type\":\"ListItem\",\"position\":3,\"name\":\"Riau\u0161i\u0173 kostiumai\",\"item\":\"https:\/\/balticarmor.com\/product-category\/riausiu-kostiumai\/\"},{\"@type\":\"ListItem\",\"position\":4,\"name\":\"Apsaugos nuo riau\u0161i\u0173 kostiumas\"}]},{\"@type\":\"WebSite\",\"@id\":\"https:\/\/balticarmor.com\/#website\",\"url\":\"https:\/\/balticarmor.com\/\",\"name\":\"balticarmor\",\"description\":\"Apsaugin\u0117s \u0161arvin\u0117s neper\u0161aunamos liemen\u0117s, skydai, kitos asmens \u0161arvuotos apsaugos priemon\u0117s\",\"publisher\":{\"@id\":\"https:\/\/balticarmor.com\/#organization\"},\"potentialAction\":[{\"@type\":\"SearchAction\",\"target\":{\"@type\":\"EntryPoint\",\"urlTemplate\":\"https:\/\/balticarmor.com\/?s={search_term_string}\"},\"query-input\":{\"@type\":\"PropertyValueSpecification\",\"valueRequired\":true,\"valueName\":\"search_term_string\"}}],\"inLanguage\":\"en-US\"},{\"@type\":\"Organization\",\"@id\":\"https:\/\/balticarmor.com\/#organization\",\"name\":\"UAB \\\"Talino 10\\\"\",\"url\":\"https:\/\/balticarmor.com\/\",\"logo\":{\"@type\":\"ImageObject\",\"inLanguage\":\"en-US\",\"@id\":\"https:\/\/balticarmor.com\/#\/schema\/logo\/image\/\",\"url\":\"https:\/\/balticarmor.com\/wp-content\/uploads\/2023\/06\/Balticarmor-logo-3.png\",\"contentUrl\":\"https:\/\/balticarmor.com\/wp-content\/uploads\/2023\/06\/Balticarmor-logo-3.png\",\"width\":1299,\"height\":1127,\"caption\":\"UAB \\\"Talino 10\\\"\"},\"image\":{\"@id\":\"https:\/\/balticarmor.com\/#\/schema\/logo\/image\/\"}}]}<\/script>\n<!-- \/ Yoast SEO plugin. -->","yoast_head_json":{"title":"Apsaugos nuo riau\u0161i\u0173 kostiumas - balticarmor","description":"Kovos su riau\u0161\u0117mis apsaugos kostiumas yra skirtas suma\u017einti naudotojo rizik\u0105 ir apsaugoti nuo susir\u0117mim\u0173 riau\u0161i\u0173 metu padarini\u0173. Kostiumas turi polimerini\u0173 dali\u0173 \u0161arv\u0173 sistem\u0105 visose labiausiai pa\u017eeid\u017eiamose k\u016bno vietose ir leid\u017eia laisvai jud\u0117ti.","robots":{"index":"index","follow":"follow","max-snippet":"max-snippet:-1","max-image-preview":"max-image-preview:large","max-video-preview":"max-video-preview:-1"},"canonical":"https:\/\/balticarmor.com\/en\/product\/anti-riausiu-kostiumas\/","og_locale":"en_US","og_type":"article","og_title":"Apsaugos nuo riau\u0161i\u0173 kostiumas - balticarmor","og_description":"Kovos su riau\u0161\u0117mis apsaugos kostiumas yra skirtas suma\u017einti naudotojo rizik\u0105 ir apsaugoti nuo susir\u0117mim\u0173 riau\u0161i\u0173 metu padarini\u0173. Kostiumas turi polimerini\u0173 dali\u0173 \u0161arv\u0173 sistem\u0105 visose labiausiai pa\u017eeid\u017eiamose k\u016bno vietose ir leid\u017eia laisvai jud\u0117ti.","og_url":"https:\/\/balticarmor.com\/en\/product\/anti-riausiu-kostiumas\/","og_site_name":"balticarmor","article_modified_time":"2023-07-11T12:11:47+00:00","og_image":[{"width":756,"height":755,"url":"http:\/\/balticarmor.com\/wp-content\/uploads\/2023\/05\/Law-en-COSTUMEantiriots-756.webp","type":"image\/webp"}],"twitter_card":"summary_large_image","twitter_misc":{"Est. reading time":"1 minute"},"schema":{"@context":"https:\/\/schema.org","@graph":[{"@type":"WebPage","@id":"https:\/\/balticarmor.com\/produktas\/anti-riausiu-kostiumas\/","url":"https:\/\/balticarmor.com\/produktas\/anti-riausiu-kostiumas\/","name":"Apsaugos nuo riau\u0161i\u0173 kostiumas - balticarmor","isPartOf":{"@id":"https:\/\/balticarmor.com\/#website"},"primaryImageOfPage":{"@id":"https:\/\/balticarmor.com\/produktas\/anti-riausiu-kostiumas\/#primaryimage"},"image":{"@id":"https:\/\/balticarmor.com\/produktas\/anti-riausiu-kostiumas\/#primaryimage"},"thumbnailUrl":"https:\/\/balticarmor.com\/wp-content\/uploads\/2023\/05\/Law-en-COSTUMEantiriots-756.webp","datePublished":"2023-05-29T09:14:40+00:00","dateModified":"2023-07-11T12:11:47+00:00","description":"Kovos su riau\u0161\u0117mis apsaugos kostiumas yra skirtas suma\u017einti naudotojo rizik\u0105 ir apsaugoti nuo susir\u0117mim\u0173 riau\u0161i\u0173 metu padarini\u0173. Kostiumas turi polimerini\u0173 dali\u0173 \u0161arv\u0173 sistem\u0105 visose labiausiai pa\u017eeid\u017eiamose k\u016bno vietose ir leid\u017eia laisvai jud\u0117ti.","breadcrumb":{"@id":"https:\/\/balticarmor.com\/produktas\/anti-riausiu-kostiumas\/#breadcrumb"},"inLanguage":"en-US","potentialAction":[{"@type":"ReadAction","target":["https:\/\/balticarmor.com\/produktas\/anti-riausiu-kostiumas\/"]}]},{"@type":"ImageObject","inLanguage":"en-US","@id":"https:\/\/balticarmor.com\/produktas\/anti-riausiu-kostiumas\/#primaryimage","url":"https:\/\/balticarmor.com\/wp-content\/uploads\/2023\/05\/Law-en-COSTUMEantiriots-756.webp","contentUrl":"https:\/\/balticarmor.com\/wp-content\/uploads\/2023\/05\/Law-en-COSTUMEantiriots-756.webp","width":756,"height":755},{"@type":"BreadcrumbList","@id":"https:\/\/balticarmor.com\/produktas\/anti-riausiu-kostiumas\/#breadcrumb","itemListElement":[{"@type":"ListItem","position":1,"name":"Home","item":"https:\/\/balticarmor.com\/"},{"@type":"ListItem","position":2,"name":"Parduotuv\u0117","item":"https:\/\/balticarmor.com\/parduotuve\/"},{"@type":"ListItem","position":3,"name":"Riau\u0161i\u0173 kostiumai","item":"https:\/\/balticarmor.com\/product-category\/riausiu-kostiumai\/"},{"@type":"ListItem","position":4,"name":"Apsaugos nuo riau\u0161i\u0173 kostiumas"}]},{"@type":"WebSite","@id":"https:\/\/balticarmor.com\/#website","url":"https:\/\/balticarmor.com\/","name":"balticarmor","description":"Apsaugin\u0117s \u0161arvin\u0117s neper\u0161aunamos liemen\u0117s, skydai, kitos asmens \u0161arvuotos apsaugos priemon\u0117s","publisher":{"@id":"https:\/\/balticarmor.com\/#organization"},"potentialAction":[{"@type":"SearchAction","target":{"@type":"EntryPoint","urlTemplate":"https:\/\/balticarmor.com\/?s={search_term_string}"},"query-input":{"@type":"PropertyValueSpecification","valueRequired":true,"valueName":"search_term_string"}}],"inLanguage":"en-US"},{"@type":"Organization","@id":"https:\/\/balticarmor.com\/#organization","name":"UAB \"Talino 10\"","url":"https:\/\/balticarmor.com\/","logo":{"@type":"ImageObject","inLanguage":"en-US","@id":"https:\/\/balticarmor.com\/#\/schema\/logo\/image\/","url":"https:\/\/balticarmor.com\/wp-content\/uploads\/2023\/06\/Balticarmor-logo-3.png","contentUrl":"https:\/\/balticarmor.com\/wp-content\/uploads\/2023\/06\/Balticarmor-logo-3.png","width":1299,"height":1127,"caption":"UAB \"Talino 10\""},"image":{"@id":"https:\/\/balticarmor.com\/#\/schema\/logo\/image\/"}}]}},"uagb_featured_image_src":{"full":["https:\/\/balticarmor.com\/wp-content\/uploads\/2023\/05\/Law-en-COSTUMEantiriots-756.webp",756,755,false],"thumbnail":["https:\/\/balticarmor.com\/wp-content\/uploads\/2023\/05\/Law-en-COSTUMEantiriots-756-150x150.webp",150,150,true],"medium":["https:\/\/balticarmor.com\/wp-content\/uploads\/2023\/05\/Law-en-COSTUMEantiriots-756-300x300.webp",300,300,true],"medium_large":["https:\/\/balticarmor.com\/wp-content\/uploads\/2023\/05\/Law-en-COSTUMEantiriots-756.webp",756,755,false],"large":["https:\/\/balticarmor.com\/wp-content\/uploads\/2023\/05\/Law-en-COSTUMEantiriots-756.webp",756,755,false],"1536x1536":["https:\/\/balticarmor.com\/wp-content\/uploads\/2023\/05\/Law-en-COSTUMEantiriots-756.webp",756,755,false],"2048x2048":["https:\/\/balticarmor.com\/wp-content\/uploads\/2023\/05\/Law-en-COSTUMEantiriots-756.webp",756,755,false],"trp-custom-language-flag":["https:\/\/balticarmor.com\/wp-content\/uploads\/2023\/05\/Law-en-COSTUMEantiriots-756-12x12.webp",12,12,true],"woocommerce_thumbnail":["https:\/\/balticarmor.com\/wp-content\/uploads\/2023\/05\/Law-en-COSTUMEantiriots-756-300x300.webp",300,300,true],"woocommerce_single":["https:\/\/balticarmor.com\/wp-content\/uploads\/2023\/05\/Law-en-COSTUMEantiriots-756-600x599.webp",600,599,true],"woocommerce_gallery_thumbnail":["https:\/\/balticarmor.com\/wp-content\/uploads\/2023\/05\/Law-en-COSTUMEantiriots-756-100x100.webp",100,100,true]},"uagb_author_info":{"display_name":"Laimonas Jakas","author_link":"https:\/\/balticarmor.com\/en\/author\/"},"uagb_comment_info":0,"uagb_excerpt":"\u201eMiguel Caballero\u201c J\u0117gos strukt\u016br\u0173 kovos su riau\u0161\u0117mis apsaugos kostiumas NIJ IIIA.","_links":{"self":[{"href":"https:\/\/balticarmor.com\/en\/wp-json\/wp\/v2\/product\/4116","targetHints":{"allow":["GET"]}}],"collection":[{"href":"https:\/\/balticarmor.com\/en\/wp-json\/wp\/v2\/product"}],"about":[{"href":"https:\/\/balticarmor.com\/en\/wp-json\/wp\/v2\/types\/product"}],"wp:featuredmedia":[{"embeddable":true,"href":"https:\/\/balticarmor.com\/en\/wp-json\/wp\/v2\/media\/4741"}],"wp:attachment":[{"href":"https:\/\/balticarmor.com\/en\/wp-json\/wp\/v2\/media?parent=4116"}],"wp:term":[{"taxonomy":"product_brand","embeddable":true,"href":"https:\/\/balticarmor.com\/en\/wp-json\/wp\/v2\/product_brand?post=4116"},{"taxonomy":"product_cat","embeddable":true,"href":"https:\/\/balticarmor.com\/en\/wp-json\/wp\/v2\/product_cat?post=4116"},{"taxonomy":"product_tag","embeddable":true,"href":"https:\/\/balticarmor.com\/en\/wp-json\/wp\/v2\/product_tag?post=4116"}],"curies":[{"name":"wp","href":"https:\/\/api.w.org\/{rel}","templated":true}]}}