{"id":4082,"date":"2023-05-25T19:23:20","date_gmt":"2023-05-25T17:23:20","guid":{"rendered":"https:\/\/balticarmor.com\/?post_type=product&#038;p=4082"},"modified":"2023-06-27T15:08:56","modified_gmt":"2023-06-27T13:08:56","slug":"taktine-sarvine-liemene-ram","status":"publish","type":"product","link":"https:\/\/balticarmor.com\/en\/product\/taktine-sarvine-liemene-ram\/","title":{"rendered":"RAM Full armor tactical vest"},"content":{"rendered":"<p>Miguel Caballero RAM Full Armor Tactical Vest<\/p>\n<p>LEVEL PROTECTION: NIJ IIIA<\/p>\n<p>BREATHBLE MESH<\/p>\n<p>PANEL WEIGHT: 2900 grams<\/p>\n<p>1. Ballistic neck and jog soft armor protection is a level IIIA design to provide the most extended protection possible for the soldier. The neck guard is designed to work under the rescue handle of back support, so it does not affect the ability to rescue the soldier from the conflict area when needed.<\/p>\n<p>2. Soft Armor ballistic shoulder protection is a level IIIA design to provide the most extended protection possible without reducing the mobility of the soldier's upper arms.<\/p>\n<p>3. Pelvic and lumbar soft armor ballistic protection is a level II|A design to provide the most extended protection possible for the soldier. Its shape is defined so as not to interfere with the movement of the leg.<\/p>\n<p>Our pelvic protection is defined to give the greatest possible protection and trying to cover the femoral artery to reduce the fatal injury that can occur when this area is injured.<\/p>\n<p>MADE OF HIGH TENACITY CORDURA FABRIC AND SOFT VELCRO IN FIXATION AREAS.<\/p>\n<p>RAM is our Full Armor modular tactical vest. Based on ours, the MC Tactical Vests are combined with ballistic protection for the neck, throat, shoulders, lower back and pelvic Soft Armor.<\/p>\n<p>Made of high tenacity Cordura fabric and laser cut Compact MOLLE system to increase bag configuration options.<\/p>\n<p>MILITARY grade magnetic shoulder and waist quick release buckles.<\/p>\n<p>Circular ballistic protection * (front, side and rear ballistic panel).<\/p>","protected":false},"excerpt":{"rendered":"<p>Miguel Caballero RAM Full Armor Tactical Vest<\/p>","protected":false},"featured_media":4079,"template":"","meta":{"_uag_custom_page_level_css":"","site-sidebar-layout":"default","site-content-layout":"default","ast-global-header-display":"","ast-banner-title-visibility":"","ast-main-header-display":"","ast-hfb-above-header-display":"","ast-hfb-below-header-display":"","ast-hfb-mobile-header-display":"","site-post-title":"","ast-breadcrumbs-content":"","ast-featured-img":"","footer-sml-layout":"","theme-transparent-header-meta":"default","adv-header-id-meta":"","stick-header-meta":"","header-above-stick-meta":"","header-main-stick-meta":"","header-below-stick-meta":""},"product_brand":[],"product_cat":[81,106],"product_tag":[],"class_list":{"0":"post-4082","1":"product","2":"type-product","3":"status-publish","4":"has-post-thumbnail","6":"product_cat-sarvines-liemenes","7":"product_cat-visi-produktai","8":"pa_dydis-l","9":"pa_dydis-m","10":"pa_dydis-s","11":"pa_dydis-xl","12":"desktop-align-left","13":"tablet-align-left","14":"mobile-align-left","16":"first","17":"instock","18":"taxable","19":"shipping-taxable","20":"purchasable","21":"product-type-variable","22":"has-default-attributes"},"yoast_head":"<!-- This site is optimized with the Yoast SEO plugin v24.3 - https:\/\/yoast.com\/wordpress\/plugins\/seo\/ -->\n<title>Taktin\u0117 \u0161arvin\u0117 liemen\u0117 RAM - balticarmor<\/title>\n<meta name=\"description\" content=\"Visi\u0161kai apsauganti taktin\u0117 \u0161arvin\u0117 liemen\u0117 RAM skirta j\u0117gos strukt\u016broms\" \/>\n<meta name=\"robots\" content=\"index, follow, max-snippet:-1, max-image-preview:large, max-video-preview:-1\" \/>\n<link rel=\"canonical\" href=\"https:\/\/balticarmor.com\/en\/product\/taktine-sarvine-liemene-ram\/\" \/>\n<meta property=\"og:locale\" content=\"en_US\" \/>\n<meta property=\"og:type\" content=\"article\" \/>\n<meta property=\"og:title\" content=\"Taktin\u0117 \u0161arvin\u0117 liemen\u0117 RAM - balticarmor\" \/>\n<meta property=\"og:description\" content=\"Visi\u0161kai apsauganti taktin\u0117 \u0161arvin\u0117 liemen\u0117 RAM skirta j\u0117gos strukt\u016broms\" \/>\n<meta property=\"og:url\" content=\"https:\/\/balticarmor.com\/en\/product\/taktine-sarvine-liemene-ram\/\" \/>\n<meta property=\"og:site_name\" content=\"balticarmor\" \/>\n<meta property=\"article:modified_time\" content=\"2023-06-27T13:08:56+00:00\" \/>\n<meta property=\"og:image\" content=\"http:\/\/balticarmor.com\/wp-content\/uploads\/2023\/05\/Law-en-RAMVEST.webp\" \/>\n\t<meta property=\"og:image:width\" content=\"1512\" \/>\n\t<meta property=\"og:image:height\" content=\"1509\" \/>\n\t<meta property=\"og:image:type\" content=\"image\/webp\" \/>\n<meta name=\"twitter:card\" content=\"summary_large_image\" \/>\n<meta name=\"twitter:label1\" content=\"Est. reading time\" \/>\n\t<meta name=\"twitter:data1\" content=\"1 minute\" \/>\n<script type=\"application\/ld+json\" class=\"yoast-schema-graph\">{\"@context\":\"https:\/\/schema.org\",\"@graph\":[{\"@type\":\"WebPage\",\"@id\":\"https:\/\/balticarmor.com\/produktas\/taktine-sarvine-liemene-ram\/\",\"url\":\"https:\/\/balticarmor.com\/produktas\/taktine-sarvine-liemene-ram\/\",\"name\":\"Taktin\u0117 \u0161arvin\u0117 liemen\u0117 RAM - balticarmor\",\"isPartOf\":{\"@id\":\"https:\/\/balticarmor.com\/#website\"},\"primaryImageOfPage\":{\"@id\":\"https:\/\/balticarmor.com\/produktas\/taktine-sarvine-liemene-ram\/#primaryimage\"},\"image\":{\"@id\":\"https:\/\/balticarmor.com\/produktas\/taktine-sarvine-liemene-ram\/#primaryimage\"},\"thumbnailUrl\":\"https:\/\/balticarmor.com\/wp-content\/uploads\/2023\/05\/Law-en-RAMVEST.webp\",\"datePublished\":\"2023-05-25T17:23:20+00:00\",\"dateModified\":\"2023-06-27T13:08:56+00:00\",\"description\":\"Visi\u0161kai apsauganti taktin\u0117 \u0161arvin\u0117 liemen\u0117 RAM skirta j\u0117gos strukt\u016broms\",\"breadcrumb\":{\"@id\":\"https:\/\/balticarmor.com\/produktas\/taktine-sarvine-liemene-ram\/#breadcrumb\"},\"inLanguage\":\"en-US\",\"potentialAction\":[{\"@type\":\"ReadAction\",\"target\":[\"https:\/\/balticarmor.com\/produktas\/taktine-sarvine-liemene-ram\/\"]}]},{\"@type\":\"ImageObject\",\"inLanguage\":\"en-US\",\"@id\":\"https:\/\/balticarmor.com\/produktas\/taktine-sarvine-liemene-ram\/#primaryimage\",\"url\":\"https:\/\/balticarmor.com\/wp-content\/uploads\/2023\/05\/Law-en-RAMVEST.webp\",\"contentUrl\":\"https:\/\/balticarmor.com\/wp-content\/uploads\/2023\/05\/Law-en-RAMVEST.webp\",\"width\":1512,\"height\":1509},{\"@type\":\"BreadcrumbList\",\"@id\":\"https:\/\/balticarmor.com\/produktas\/taktine-sarvine-liemene-ram\/#breadcrumb\",\"itemListElement\":[{\"@type\":\"ListItem\",\"position\":1,\"name\":\"Home\",\"item\":\"https:\/\/balticarmor.com\/\"},{\"@type\":\"ListItem\",\"position\":2,\"name\":\"Parduotuv\u0117\",\"item\":\"https:\/\/balticarmor.com\/parduotuve\/\"},{\"@type\":\"ListItem\",\"position\":3,\"name\":\"\u0160arvin\u0117s liemen\u0117s\",\"item\":\"https:\/\/balticarmor.com\/product-category\/sarvines-liemenes\/\"},{\"@type\":\"ListItem\",\"position\":4,\"name\":\"Taktin\u0117 \u0161arvin\u0117 liemen\u0117 RAM\"}]},{\"@type\":\"WebSite\",\"@id\":\"https:\/\/balticarmor.com\/#website\",\"url\":\"https:\/\/balticarmor.com\/\",\"name\":\"balticarmor\",\"description\":\"Apsaugin\u0117s \u0161arvin\u0117s neper\u0161aunamos liemen\u0117s, skydai, kitos asmens \u0161arvuotos apsaugos priemon\u0117s\",\"publisher\":{\"@id\":\"https:\/\/balticarmor.com\/#organization\"},\"potentialAction\":[{\"@type\":\"SearchAction\",\"target\":{\"@type\":\"EntryPoint\",\"urlTemplate\":\"https:\/\/balticarmor.com\/?s={search_term_string}\"},\"query-input\":{\"@type\":\"PropertyValueSpecification\",\"valueRequired\":true,\"valueName\":\"search_term_string\"}}],\"inLanguage\":\"en-US\"},{\"@type\":\"Organization\",\"@id\":\"https:\/\/balticarmor.com\/#organization\",\"name\":\"UAB \\\"Talino 10\\\"\",\"url\":\"https:\/\/balticarmor.com\/\",\"logo\":{\"@type\":\"ImageObject\",\"inLanguage\":\"en-US\",\"@id\":\"https:\/\/balticarmor.com\/#\/schema\/logo\/image\/\",\"url\":\"https:\/\/balticarmor.com\/wp-content\/uploads\/2023\/06\/Balticarmor-logo-3.png\",\"contentUrl\":\"https:\/\/balticarmor.com\/wp-content\/uploads\/2023\/06\/Balticarmor-logo-3.png\",\"width\":1299,\"height\":1127,\"caption\":\"UAB \\\"Talino 10\\\"\"},\"image\":{\"@id\":\"https:\/\/balticarmor.com\/#\/schema\/logo\/image\/\"}}]}<\/script>\n<!-- \/ Yoast SEO plugin. -->","yoast_head_json":{"title":"Taktin\u0117 \u0161arvin\u0117 liemen\u0117 RAM - balticarmor","description":"Visi\u0161kai apsauganti taktin\u0117 \u0161arvin\u0117 liemen\u0117 RAM skirta j\u0117gos strukt\u016broms","robots":{"index":"index","follow":"follow","max-snippet":"max-snippet:-1","max-image-preview":"max-image-preview:large","max-video-preview":"max-video-preview:-1"},"canonical":"https:\/\/balticarmor.com\/en\/product\/taktine-sarvine-liemene-ram\/","og_locale":"en_US","og_type":"article","og_title":"Taktin\u0117 \u0161arvin\u0117 liemen\u0117 RAM - balticarmor","og_description":"Visi\u0161kai apsauganti taktin\u0117 \u0161arvin\u0117 liemen\u0117 RAM skirta j\u0117gos strukt\u016broms","og_url":"https:\/\/balticarmor.com\/en\/product\/taktine-sarvine-liemene-ram\/","og_site_name":"balticarmor","article_modified_time":"2023-06-27T13:08:56+00:00","og_image":[{"width":1512,"height":1509,"url":"http:\/\/balticarmor.com\/wp-content\/uploads\/2023\/05\/Law-en-RAMVEST.webp","type":"image\/webp"}],"twitter_card":"summary_large_image","twitter_misc":{"Est. reading time":"1 minute"},"schema":{"@context":"https:\/\/schema.org","@graph":[{"@type":"WebPage","@id":"https:\/\/balticarmor.com\/produktas\/taktine-sarvine-liemene-ram\/","url":"https:\/\/balticarmor.com\/produktas\/taktine-sarvine-liemene-ram\/","name":"Taktin\u0117 \u0161arvin\u0117 liemen\u0117 RAM - balticarmor","isPartOf":{"@id":"https:\/\/balticarmor.com\/#website"},"primaryImageOfPage":{"@id":"https:\/\/balticarmor.com\/produktas\/taktine-sarvine-liemene-ram\/#primaryimage"},"image":{"@id":"https:\/\/balticarmor.com\/produktas\/taktine-sarvine-liemene-ram\/#primaryimage"},"thumbnailUrl":"https:\/\/balticarmor.com\/wp-content\/uploads\/2023\/05\/Law-en-RAMVEST.webp","datePublished":"2023-05-25T17:23:20+00:00","dateModified":"2023-06-27T13:08:56+00:00","description":"Visi\u0161kai apsauganti taktin\u0117 \u0161arvin\u0117 liemen\u0117 RAM skirta j\u0117gos strukt\u016broms","breadcrumb":{"@id":"https:\/\/balticarmor.com\/produktas\/taktine-sarvine-liemene-ram\/#breadcrumb"},"inLanguage":"en-US","potentialAction":[{"@type":"ReadAction","target":["https:\/\/balticarmor.com\/produktas\/taktine-sarvine-liemene-ram\/"]}]},{"@type":"ImageObject","inLanguage":"en-US","@id":"https:\/\/balticarmor.com\/produktas\/taktine-sarvine-liemene-ram\/#primaryimage","url":"https:\/\/balticarmor.com\/wp-content\/uploads\/2023\/05\/Law-en-RAMVEST.webp","contentUrl":"https:\/\/balticarmor.com\/wp-content\/uploads\/2023\/05\/Law-en-RAMVEST.webp","width":1512,"height":1509},{"@type":"BreadcrumbList","@id":"https:\/\/balticarmor.com\/produktas\/taktine-sarvine-liemene-ram\/#breadcrumb","itemListElement":[{"@type":"ListItem","position":1,"name":"Home","item":"https:\/\/balticarmor.com\/"},{"@type":"ListItem","position":2,"name":"Parduotuv\u0117","item":"https:\/\/balticarmor.com\/parduotuve\/"},{"@type":"ListItem","position":3,"name":"\u0160arvin\u0117s liemen\u0117s","item":"https:\/\/balticarmor.com\/product-category\/sarvines-liemenes\/"},{"@type":"ListItem","position":4,"name":"Taktin\u0117 \u0161arvin\u0117 liemen\u0117 RAM"}]},{"@type":"WebSite","@id":"https:\/\/balticarmor.com\/#website","url":"https:\/\/balticarmor.com\/","name":"balticarmor","description":"Apsaugin\u0117s \u0161arvin\u0117s neper\u0161aunamos liemen\u0117s, skydai, kitos asmens \u0161arvuotos apsaugos priemon\u0117s","publisher":{"@id":"https:\/\/balticarmor.com\/#organization"},"potentialAction":[{"@type":"SearchAction","target":{"@type":"EntryPoint","urlTemplate":"https:\/\/balticarmor.com\/?s={search_term_string}"},"query-input":{"@type":"PropertyValueSpecification","valueRequired":true,"valueName":"search_term_string"}}],"inLanguage":"en-US"},{"@type":"Organization","@id":"https:\/\/balticarmor.com\/#organization","name":"UAB \"Talino 10\"","url":"https:\/\/balticarmor.com\/","logo":{"@type":"ImageObject","inLanguage":"en-US","@id":"https:\/\/balticarmor.com\/#\/schema\/logo\/image\/","url":"https:\/\/balticarmor.com\/wp-content\/uploads\/2023\/06\/Balticarmor-logo-3.png","contentUrl":"https:\/\/balticarmor.com\/wp-content\/uploads\/2023\/06\/Balticarmor-logo-3.png","width":1299,"height":1127,"caption":"UAB \"Talino 10\""},"image":{"@id":"https:\/\/balticarmor.com\/#\/schema\/logo\/image\/"}}]}},"uagb_featured_image_src":{"full":["https:\/\/balticarmor.com\/wp-content\/uploads\/2023\/05\/Law-en-RAMVEST.webp",1512,1509,false],"thumbnail":["https:\/\/balticarmor.com\/wp-content\/uploads\/2023\/05\/Law-en-RAMVEST-150x150.webp",150,150,true],"medium":["https:\/\/balticarmor.com\/wp-content\/uploads\/2023\/05\/Law-en-RAMVEST-300x300.webp",300,300,true],"medium_large":["https:\/\/balticarmor.com\/wp-content\/uploads\/2023\/05\/Law-en-RAMVEST-768x766.webp",768,766,true],"large":["https:\/\/balticarmor.com\/wp-content\/uploads\/2023\/05\/Law-en-RAMVEST-1024x1022.webp",1024,1022,true],"1536x1536":["https:\/\/balticarmor.com\/wp-content\/uploads\/2023\/05\/Law-en-RAMVEST.webp",1512,1509,false],"2048x2048":["https:\/\/balticarmor.com\/wp-content\/uploads\/2023\/05\/Law-en-RAMVEST.webp",1512,1509,false],"trp-custom-language-flag":["https:\/\/balticarmor.com\/wp-content\/uploads\/2023\/05\/Law-en-RAMVEST-12x12.webp",12,12,true],"woocommerce_thumbnail":["https:\/\/balticarmor.com\/wp-content\/uploads\/2023\/05\/Law-en-RAMVEST-300x300.webp",300,300,true],"woocommerce_single":["https:\/\/balticarmor.com\/wp-content\/uploads\/2023\/05\/Law-en-RAMVEST-600x599.webp",600,599,true],"woocommerce_gallery_thumbnail":["https:\/\/balticarmor.com\/wp-content\/uploads\/2023\/05\/Law-en-RAMVEST-100x100.webp",100,100,true]},"uagb_author_info":{"display_name":"Laimonas Jakas","author_link":"https:\/\/balticarmor.com\/en\/author\/"},"uagb_comment_info":0,"uagb_excerpt":"\u201eMiguel Caballero\u201c visi\u0161kai apsauganti taktin\u0117 \u0161arvin\u0117 liemen\u0117 RAM skirta j\u0117gos strukt\u016broms","_links":{"self":[{"href":"https:\/\/balticarmor.com\/en\/wp-json\/wp\/v2\/product\/4082","targetHints":{"allow":["GET"]}}],"collection":[{"href":"https:\/\/balticarmor.com\/en\/wp-json\/wp\/v2\/product"}],"about":[{"href":"https:\/\/balticarmor.com\/en\/wp-json\/wp\/v2\/types\/product"}],"wp:featuredmedia":[{"embeddable":true,"href":"https:\/\/balticarmor.com\/en\/wp-json\/wp\/v2\/media\/4079"}],"wp:attachment":[{"href":"https:\/\/balticarmor.com\/en\/wp-json\/wp\/v2\/media?parent=4082"}],"wp:term":[{"taxonomy":"product_brand","embeddable":true,"href":"https:\/\/balticarmor.com\/en\/wp-json\/wp\/v2\/product_brand?post=4082"},{"taxonomy":"product_cat","embeddable":true,"href":"https:\/\/balticarmor.com\/en\/wp-json\/wp\/v2\/product_cat?post=4082"},{"taxonomy":"product_tag","embeddable":true,"href":"https:\/\/balticarmor.com\/en\/wp-json\/wp\/v2\/product_tag?post=4082"}],"curies":[{"name":"wp","href":"https:\/\/api.w.org\/{rel}","templated":true}]}}