{"id":4072,"date":"2023-05-25T18:50:00","date_gmt":"2023-05-25T16:50:00","guid":{"rendered":"https:\/\/balticarmor.com\/?post_type=product&#038;p=4072"},"modified":"2024-04-30T19:51:04","modified_gmt":"2024-04-30T17:51:04","slug":"paslepta-sarvine-liemene-charger","status":"publish","type":"product","link":"https:\/\/balticarmor.com\/en\/product\/paslepta-sarvine-liemene-charger\/","title":{"rendered":"CHARGER Concealable Vest Soft Armor IIIA"},"content":{"rendered":"<p>Miguel Caballero CHARGER Concealable Vest Soft Armor IIIA<\/p>\n<p>LEVEL PROTECTION: NIJ IIIA<\/p>\n<p>BREATHBLE MESH<\/p>\n<p>PANEL WEIGHT: 2200 grams<\/p>\n<p>1. Concealed quick-release magnetic buckles combine with velcro for shoulder strap adjustment.<\/p>\n<p>2. Radio and body camera straps on the shoulders.<\/p>\n<p>3. Mink\u0161tas Velcro audinys priekyje ir nugaroje identifikavimo lopui.<\/p>\n<p>4. Reflective fabrics and details, for maximum visibility in darker conditions.<\/p>\n<p>5. Smooth front and back pockets with hidden zippers to carry small objects or communication devices.<\/p>\n<p>6. Side double flap adjustment.<\/p>\n<p>The Charger is a traffic vest that focuses on providing the greatest visibility in darker conditions. The vest includes high visibility fabric to facilitate the identification of the traffic officer.<\/p>\n<p>Reflective sections with reflective black fabric and Cordura with reflective treads. That is why the vest has three reflective sections that give the best response to natural or artificial light.<\/p>\n<p>Made of high tenacity Cordura fabric, high visibility green ripstop fabric, reflective black fabric.<\/p>\n<p>Quick release hidden magnetic shoulder buckles.<\/p>\n<p>Soft fabric with velcro.<\/p>\n<p>Circular ballistic protection * (front, side and rear ballistic panel).<\/p>\n<p>Two hidden pockets.<\/p>","protected":false},"excerpt":{"rendered":"<p>Miguel Caballero CHARGER Concealable Vest Soft Armor IIIA<\/p>","protected":false},"featured_media":4075,"template":"","meta":{"_uag_custom_page_level_css":"","site-sidebar-layout":"default","site-content-layout":"default","ast-global-header-display":"","ast-banner-title-visibility":"","ast-main-header-display":"","ast-hfb-above-header-display":"","ast-hfb-below-header-display":"","ast-hfb-mobile-header-display":"","site-post-title":"","ast-breadcrumbs-content":"","ast-featured-img":"","footer-sml-layout":"","theme-transparent-header-meta":"default","adv-header-id-meta":"","stick-header-meta":"","header-above-stick-meta":"","header-main-stick-meta":"","header-below-stick-meta":""},"product_brand":[],"product_cat":[81,106],"product_tag":[],"class_list":{"0":"post-4072","1":"product","2":"type-product","3":"status-publish","4":"has-post-thumbnail","6":"product_cat-sarvines-liemenes","7":"product_cat-visi-produktai","8":"pa_dydis-l","9":"pa_dydis-m","10":"pa_dydis-s","11":"pa_dydis-xl","12":"desktop-align-left","13":"tablet-align-left","14":"mobile-align-left","16":"first","17":"instock","18":"taxable","19":"shipping-taxable","20":"purchasable","21":"product-type-variable","22":"has-default-attributes"},"yoast_head":"<!-- This site is optimized with the Yoast SEO plugin v24.3 - https:\/\/yoast.com\/wordpress\/plugins\/seo\/ -->\n<title>Pasl\u0117pta \u0161arvin\u0117 liemen\u0117 CHARGER - balticarmor<\/title>\n<meta name=\"description\" content=\"Pasl\u0117pta \u0161arvin\u0117 mink\u0161ta liemen\u0117 CHARGER skirta j\u0117gos strukt\u016broms\" \/>\n<meta name=\"robots\" content=\"index, follow, max-snippet:-1, max-image-preview:large, max-video-preview:-1\" \/>\n<link rel=\"canonical\" href=\"https:\/\/balticarmor.com\/en\/product\/paslepta-sarvine-liemene-charger\/\" \/>\n<meta property=\"og:locale\" content=\"en_US\" \/>\n<meta property=\"og:type\" content=\"article\" \/>\n<meta property=\"og:title\" content=\"Pasl\u0117pta \u0161arvin\u0117 liemen\u0117 CHARGER - balticarmor\" \/>\n<meta property=\"og:description\" content=\"Pasl\u0117pta \u0161arvin\u0117 mink\u0161ta liemen\u0117 CHARGER skirta j\u0117gos strukt\u016broms\" \/>\n<meta property=\"og:url\" content=\"https:\/\/balticarmor.com\/en\/product\/paslepta-sarvine-liemene-charger\/\" \/>\n<meta property=\"og:site_name\" content=\"balticarmor\" \/>\n<meta property=\"article:modified_time\" content=\"2024-04-30T17:51:04+00:00\" \/>\n<meta property=\"og:image\" content=\"http:\/\/balticarmor.com\/wp-content\/uploads\/2023\/05\/Law-en-CHARGER.webp\" \/>\n\t<meta property=\"og:image:width\" content=\"1512\" \/>\n\t<meta property=\"og:image:height\" content=\"1512\" \/>\n\t<meta property=\"og:image:type\" content=\"image\/webp\" \/>\n<meta name=\"twitter:card\" content=\"summary_large_image\" \/>\n<meta name=\"twitter:label1\" content=\"Est. reading time\" \/>\n\t<meta name=\"twitter:data1\" content=\"1 minute\" \/>\n<script type=\"application\/ld+json\" class=\"yoast-schema-graph\">{\"@context\":\"https:\/\/schema.org\",\"@graph\":[{\"@type\":\"WebPage\",\"@id\":\"https:\/\/balticarmor.com\/produktas\/paslepta-sarvine-liemene-charger\/\",\"url\":\"https:\/\/balticarmor.com\/produktas\/paslepta-sarvine-liemene-charger\/\",\"name\":\"Pasl\u0117pta \u0161arvin\u0117 liemen\u0117 CHARGER - balticarmor\",\"isPartOf\":{\"@id\":\"https:\/\/balticarmor.com\/#website\"},\"primaryImageOfPage\":{\"@id\":\"https:\/\/balticarmor.com\/produktas\/paslepta-sarvine-liemene-charger\/#primaryimage\"},\"image\":{\"@id\":\"https:\/\/balticarmor.com\/produktas\/paslepta-sarvine-liemene-charger\/#primaryimage\"},\"thumbnailUrl\":\"https:\/\/balticarmor.com\/wp-content\/uploads\/2023\/05\/Law-en-CHARGER.webp\",\"datePublished\":\"2023-05-25T16:50:00+00:00\",\"dateModified\":\"2024-04-30T17:51:04+00:00\",\"description\":\"Pasl\u0117pta \u0161arvin\u0117 mink\u0161ta liemen\u0117 CHARGER skirta j\u0117gos strukt\u016broms\",\"breadcrumb\":{\"@id\":\"https:\/\/balticarmor.com\/produktas\/paslepta-sarvine-liemene-charger\/#breadcrumb\"},\"inLanguage\":\"en-US\",\"potentialAction\":[{\"@type\":\"ReadAction\",\"target\":[\"https:\/\/balticarmor.com\/produktas\/paslepta-sarvine-liemene-charger\/\"]}]},{\"@type\":\"ImageObject\",\"inLanguage\":\"en-US\",\"@id\":\"https:\/\/balticarmor.com\/produktas\/paslepta-sarvine-liemene-charger\/#primaryimage\",\"url\":\"https:\/\/balticarmor.com\/wp-content\/uploads\/2023\/05\/Law-en-CHARGER.webp\",\"contentUrl\":\"https:\/\/balticarmor.com\/wp-content\/uploads\/2023\/05\/Law-en-CHARGER.webp\",\"width\":1512,\"height\":1512},{\"@type\":\"BreadcrumbList\",\"@id\":\"https:\/\/balticarmor.com\/produktas\/paslepta-sarvine-liemene-charger\/#breadcrumb\",\"itemListElement\":[{\"@type\":\"ListItem\",\"position\":1,\"name\":\"Home\",\"item\":\"https:\/\/balticarmor.com\/\"},{\"@type\":\"ListItem\",\"position\":2,\"name\":\"Parduotuv\u0117\",\"item\":\"https:\/\/balticarmor.com\/parduotuve\/\"},{\"@type\":\"ListItem\",\"position\":3,\"name\":\"\u0160arvin\u0117s liemen\u0117s\",\"item\":\"https:\/\/balticarmor.com\/product-category\/sarvines-liemenes\/\"},{\"@type\":\"ListItem\",\"position\":4,\"name\":\"Pasl\u0117pta \u0161arvin\u0117 liemen\u0117 CHARGER\"}]},{\"@type\":\"WebSite\",\"@id\":\"https:\/\/balticarmor.com\/#website\",\"url\":\"https:\/\/balticarmor.com\/\",\"name\":\"balticarmor\",\"description\":\"Apsaugin\u0117s \u0161arvin\u0117s neper\u0161aunamos liemen\u0117s, skydai, kitos asmens \u0161arvuotos apsaugos priemon\u0117s\",\"publisher\":{\"@id\":\"https:\/\/balticarmor.com\/#organization\"},\"potentialAction\":[{\"@type\":\"SearchAction\",\"target\":{\"@type\":\"EntryPoint\",\"urlTemplate\":\"https:\/\/balticarmor.com\/?s={search_term_string}\"},\"query-input\":{\"@type\":\"PropertyValueSpecification\",\"valueRequired\":true,\"valueName\":\"search_term_string\"}}],\"inLanguage\":\"en-US\"},{\"@type\":\"Organization\",\"@id\":\"https:\/\/balticarmor.com\/#organization\",\"name\":\"UAB \\\"Talino 10\\\"\",\"url\":\"https:\/\/balticarmor.com\/\",\"logo\":{\"@type\":\"ImageObject\",\"inLanguage\":\"en-US\",\"@id\":\"https:\/\/balticarmor.com\/#\/schema\/logo\/image\/\",\"url\":\"https:\/\/balticarmor.com\/wp-content\/uploads\/2023\/06\/Balticarmor-logo-3.png\",\"contentUrl\":\"https:\/\/balticarmor.com\/wp-content\/uploads\/2023\/06\/Balticarmor-logo-3.png\",\"width\":1299,\"height\":1127,\"caption\":\"UAB \\\"Talino 10\\\"\"},\"image\":{\"@id\":\"https:\/\/balticarmor.com\/#\/schema\/logo\/image\/\"}}]}<\/script>\n<!-- \/ Yoast SEO plugin. -->","yoast_head_json":{"title":"Pasl\u0117pta \u0161arvin\u0117 liemen\u0117 CHARGER - balticarmor","description":"Pasl\u0117pta \u0161arvin\u0117 mink\u0161ta liemen\u0117 CHARGER skirta j\u0117gos strukt\u016broms","robots":{"index":"index","follow":"follow","max-snippet":"max-snippet:-1","max-image-preview":"max-image-preview:large","max-video-preview":"max-video-preview:-1"},"canonical":"https:\/\/balticarmor.com\/en\/product\/paslepta-sarvine-liemene-charger\/","og_locale":"en_US","og_type":"article","og_title":"Pasl\u0117pta \u0161arvin\u0117 liemen\u0117 CHARGER - balticarmor","og_description":"Pasl\u0117pta \u0161arvin\u0117 mink\u0161ta liemen\u0117 CHARGER skirta j\u0117gos strukt\u016broms","og_url":"https:\/\/balticarmor.com\/en\/product\/paslepta-sarvine-liemene-charger\/","og_site_name":"balticarmor","article_modified_time":"2024-04-30T17:51:04+00:00","og_image":[{"width":1512,"height":1512,"url":"http:\/\/balticarmor.com\/wp-content\/uploads\/2023\/05\/Law-en-CHARGER.webp","type":"image\/webp"}],"twitter_card":"summary_large_image","twitter_misc":{"Est. reading time":"1 minute"},"schema":{"@context":"https:\/\/schema.org","@graph":[{"@type":"WebPage","@id":"https:\/\/balticarmor.com\/produktas\/paslepta-sarvine-liemene-charger\/","url":"https:\/\/balticarmor.com\/produktas\/paslepta-sarvine-liemene-charger\/","name":"Pasl\u0117pta \u0161arvin\u0117 liemen\u0117 CHARGER - balticarmor","isPartOf":{"@id":"https:\/\/balticarmor.com\/#website"},"primaryImageOfPage":{"@id":"https:\/\/balticarmor.com\/produktas\/paslepta-sarvine-liemene-charger\/#primaryimage"},"image":{"@id":"https:\/\/balticarmor.com\/produktas\/paslepta-sarvine-liemene-charger\/#primaryimage"},"thumbnailUrl":"https:\/\/balticarmor.com\/wp-content\/uploads\/2023\/05\/Law-en-CHARGER.webp","datePublished":"2023-05-25T16:50:00+00:00","dateModified":"2024-04-30T17:51:04+00:00","description":"Pasl\u0117pta \u0161arvin\u0117 mink\u0161ta liemen\u0117 CHARGER skirta j\u0117gos strukt\u016broms","breadcrumb":{"@id":"https:\/\/balticarmor.com\/produktas\/paslepta-sarvine-liemene-charger\/#breadcrumb"},"inLanguage":"en-US","potentialAction":[{"@type":"ReadAction","target":["https:\/\/balticarmor.com\/produktas\/paslepta-sarvine-liemene-charger\/"]}]},{"@type":"ImageObject","inLanguage":"en-US","@id":"https:\/\/balticarmor.com\/produktas\/paslepta-sarvine-liemene-charger\/#primaryimage","url":"https:\/\/balticarmor.com\/wp-content\/uploads\/2023\/05\/Law-en-CHARGER.webp","contentUrl":"https:\/\/balticarmor.com\/wp-content\/uploads\/2023\/05\/Law-en-CHARGER.webp","width":1512,"height":1512},{"@type":"BreadcrumbList","@id":"https:\/\/balticarmor.com\/produktas\/paslepta-sarvine-liemene-charger\/#breadcrumb","itemListElement":[{"@type":"ListItem","position":1,"name":"Home","item":"https:\/\/balticarmor.com\/"},{"@type":"ListItem","position":2,"name":"Parduotuv\u0117","item":"https:\/\/balticarmor.com\/parduotuve\/"},{"@type":"ListItem","position":3,"name":"\u0160arvin\u0117s liemen\u0117s","item":"https:\/\/balticarmor.com\/product-category\/sarvines-liemenes\/"},{"@type":"ListItem","position":4,"name":"Pasl\u0117pta \u0161arvin\u0117 liemen\u0117 CHARGER"}]},{"@type":"WebSite","@id":"https:\/\/balticarmor.com\/#website","url":"https:\/\/balticarmor.com\/","name":"balticarmor","description":"Apsaugin\u0117s \u0161arvin\u0117s neper\u0161aunamos liemen\u0117s, skydai, kitos asmens \u0161arvuotos apsaugos priemon\u0117s","publisher":{"@id":"https:\/\/balticarmor.com\/#organization"},"potentialAction":[{"@type":"SearchAction","target":{"@type":"EntryPoint","urlTemplate":"https:\/\/balticarmor.com\/?s={search_term_string}"},"query-input":{"@type":"PropertyValueSpecification","valueRequired":true,"valueName":"search_term_string"}}],"inLanguage":"en-US"},{"@type":"Organization","@id":"https:\/\/balticarmor.com\/#organization","name":"UAB \"Talino 10\"","url":"https:\/\/balticarmor.com\/","logo":{"@type":"ImageObject","inLanguage":"en-US","@id":"https:\/\/balticarmor.com\/#\/schema\/logo\/image\/","url":"https:\/\/balticarmor.com\/wp-content\/uploads\/2023\/06\/Balticarmor-logo-3.png","contentUrl":"https:\/\/balticarmor.com\/wp-content\/uploads\/2023\/06\/Balticarmor-logo-3.png","width":1299,"height":1127,"caption":"UAB \"Talino 10\""},"image":{"@id":"https:\/\/balticarmor.com\/#\/schema\/logo\/image\/"}}]}},"uagb_featured_image_src":{"full":["https:\/\/balticarmor.com\/wp-content\/uploads\/2023\/05\/Law-en-CHARGER.webp",1512,1512,false],"thumbnail":["https:\/\/balticarmor.com\/wp-content\/uploads\/2023\/05\/Law-en-CHARGER-150x150.webp",150,150,true],"medium":["https:\/\/balticarmor.com\/wp-content\/uploads\/2023\/05\/Law-en-CHARGER-300x300.webp",300,300,true],"medium_large":["https:\/\/balticarmor.com\/wp-content\/uploads\/2023\/05\/Law-en-CHARGER-768x768.webp",768,768,true],"large":["https:\/\/balticarmor.com\/wp-content\/uploads\/2023\/05\/Law-en-CHARGER-1024x1024.webp",1024,1024,true],"1536x1536":["https:\/\/balticarmor.com\/wp-content\/uploads\/2023\/05\/Law-en-CHARGER.webp",1512,1512,false],"2048x2048":["https:\/\/balticarmor.com\/wp-content\/uploads\/2023\/05\/Law-en-CHARGER.webp",1512,1512,false],"trp-custom-language-flag":["https:\/\/balticarmor.com\/wp-content\/uploads\/2023\/05\/Law-en-CHARGER-12x12.webp",12,12,true],"woocommerce_thumbnail":["https:\/\/balticarmor.com\/wp-content\/uploads\/2023\/05\/Law-en-CHARGER-300x300.webp",300,300,true],"woocommerce_single":["https:\/\/balticarmor.com\/wp-content\/uploads\/2023\/05\/Law-en-CHARGER-600x600.webp",600,600,true],"woocommerce_gallery_thumbnail":["https:\/\/balticarmor.com\/wp-content\/uploads\/2023\/05\/Law-en-CHARGER-100x100.webp",100,100,true]},"uagb_author_info":{"display_name":"Laimonas Jakas","author_link":"https:\/\/balticarmor.com\/en\/author\/"},"uagb_comment_info":0,"uagb_excerpt":"\u201eMiguel Caballero\u201c CHARGER \u0161arvin\u0117 mink\u0161ta liemen\u0117 NIJ IIIA skirta j\u0117gos strukt\u016broms","_links":{"self":[{"href":"https:\/\/balticarmor.com\/en\/wp-json\/wp\/v2\/product\/4072","targetHints":{"allow":["GET"]}}],"collection":[{"href":"https:\/\/balticarmor.com\/en\/wp-json\/wp\/v2\/product"}],"about":[{"href":"https:\/\/balticarmor.com\/en\/wp-json\/wp\/v2\/types\/product"}],"wp:featuredmedia":[{"embeddable":true,"href":"https:\/\/balticarmor.com\/en\/wp-json\/wp\/v2\/media\/4075"}],"wp:attachment":[{"href":"https:\/\/balticarmor.com\/en\/wp-json\/wp\/v2\/media?parent=4072"}],"wp:term":[{"taxonomy":"product_brand","embeddable":true,"href":"https:\/\/balticarmor.com\/en\/wp-json\/wp\/v2\/product_brand?post=4072"},{"taxonomy":"product_cat","embeddable":true,"href":"https:\/\/balticarmor.com\/en\/wp-json\/wp\/v2\/product_cat?post=4072"},{"taxonomy":"product_tag","embeddable":true,"href":"https:\/\/balticarmor.com\/en\/wp-json\/wp\/v2\/product_tag?post=4072"}],"curies":[{"name":"wp","href":"https:\/\/api.w.org\/{rel}","templated":true}]}}