{"id":3624,"date":"2023-05-22T14:57:03","date_gmt":"2023-05-22T12:57:03","guid":{"rendered":"https:\/\/balticarmor.com\/?post_type=product&#038;p=3624"},"modified":"2023-06-27T15:26:40","modified_gmt":"2023-06-27T13:26:40","slug":"slapta-sarvine-liemene-nij-ii","status":"publish","type":"product","link":"https:\/\/balticarmor.com\/en\/product\/slapta-sarvine-liemene-nij-ii\/","title":{"rendered":"Tank top body armor - level II NIJ Certified"},"content":{"rendered":"<p>Discreet<\/p>\n<p>Level IIIA NIJ Certified<\/p>\n<p>Lightweight<\/p>\n<p>Comfortable<\/p>\n<p>Front and Back Protection for Vital Organs<\/p>\n<p>Fast Drying Garment<\/p>\n<p>Two full-opening zippers<\/p>\n<p>Breathable Mesh<\/p>\n<p>Weight: 3.0 lbs approx.<\/p>","protected":false},"excerpt":{"rendered":"<p>Miguel Caballero comfortable tank top body armor level II NIJ Certified<\/p>","protected":false},"featured_media":2355,"template":"","meta":{"_uag_custom_page_level_css":"","site-sidebar-layout":"default","site-content-layout":"default","ast-global-header-display":"","ast-banner-title-visibility":"","ast-main-header-display":"","ast-hfb-above-header-display":"","ast-hfb-below-header-display":"","ast-hfb-mobile-header-display":"","site-post-title":"","ast-breadcrumbs-content":"","ast-featured-img":"","footer-sml-layout":"","theme-transparent-header-meta":"default","adv-header-id-meta":"","stick-header-meta":"","header-above-stick-meta":"","header-main-stick-meta":"","header-below-stick-meta":""},"product_brand":[],"product_cat":[81,106],"product_tag":[],"class_list":{"0":"post-3624","1":"product","2":"type-product","3":"status-publish","4":"has-post-thumbnail","6":"product_cat-sarvines-liemenes","7":"product_cat-visi-produktai","8":"pa_dydis-2xl","9":"pa_dydis-3xl","10":"pa_dydis-l","11":"pa_dydis-m","12":"pa_dydis-s","13":"pa_dydis-xl","14":"pa_lytis-moteris","15":"pa_lytis-vyras","16":"pa_sonine-apsauga-ir-spalva-balta-be-sonines-aps","17":"pa_sonine-apsauga-ir-spalva-balta-su-sonine-aps","18":"pa_sonine-apsauga-ir-spalva-juoda-be-sonines-aps","19":"pa_sonine-apsauga-ir-spalva-juoda-su-sonine-aps","20":"desktop-align-left","21":"tablet-align-left","22":"mobile-align-left","24":"first","25":"instock","26":"taxable","27":"shipping-taxable","28":"purchasable","29":"product-type-variable","30":"has-default-attributes"},"yoast_head":"<!-- This site is optimized with the Yoast SEO plugin v24.3 - https:\/\/yoast.com\/wordpress\/plugins\/seo\/ -->\n<title>Slapta \u0161arvin\u0117 liemen\u0117 NIJ II - balticarmor<\/title>\n<meta name=\"description\" content=\"Neatkreipianti d\u0117mesio, lengva, patogi slapta \u0161arvin\u0117 liemen\u0117, NIJ II\u00a0sertifikatas\" \/>\n<meta name=\"robots\" content=\"index, follow, max-snippet:-1, max-image-preview:large, max-video-preview:-1\" \/>\n<link rel=\"canonical\" href=\"https:\/\/balticarmor.com\/en\/product\/slapta-sarvine-liemene-nij-ii\/\" \/>\n<meta property=\"og:locale\" content=\"en_US\" \/>\n<meta property=\"og:type\" content=\"article\" \/>\n<meta property=\"og:title\" content=\"Slapta \u0161arvin\u0117 liemen\u0117 NIJ II - balticarmor\" \/>\n<meta property=\"og:description\" content=\"Neatkreipianti d\u0117mesio, lengva, patogi slapta \u0161arvin\u0117 liemen\u0117, NIJ II\u00a0sertifikatas\" \/>\n<meta property=\"og:url\" content=\"https:\/\/balticarmor.com\/en\/product\/slapta-sarvine-liemene-nij-ii\/\" \/>\n<meta property=\"og:site_name\" content=\"balticarmor\" \/>\n<meta property=\"article:modified_time\" content=\"2023-06-27T13:26:40+00:00\" \/>\n<meta property=\"og:image\" content=\"http:\/\/balticarmor.com\/wp-content\/uploads\/2023\/04\/perfect-tank-top-body-armor-level-iiia-830125_1512x.webp\" \/>\n\t<meta property=\"og:image:width\" content=\"1512\" \/>\n\t<meta property=\"og:image:height\" content=\"1512\" \/>\n\t<meta property=\"og:image:type\" content=\"image\/webp\" \/>\n<meta name=\"twitter:card\" content=\"summary_large_image\" \/>\n<meta name=\"twitter:label1\" content=\"Est. reading time\" \/>\n\t<meta name=\"twitter:data1\" content=\"1 minute\" \/>\n<script type=\"application\/ld+json\" class=\"yoast-schema-graph\">{\"@context\":\"https:\/\/schema.org\",\"@graph\":[{\"@type\":\"WebPage\",\"@id\":\"https:\/\/balticarmor.com\/produktas\/slapta-sarvine-liemene-nij-ii\/\",\"url\":\"https:\/\/balticarmor.com\/produktas\/slapta-sarvine-liemene-nij-ii\/\",\"name\":\"Slapta \u0161arvin\u0117 liemen\u0117 NIJ II - balticarmor\",\"isPartOf\":{\"@id\":\"https:\/\/balticarmor.com\/#website\"},\"primaryImageOfPage\":{\"@id\":\"https:\/\/balticarmor.com\/produktas\/slapta-sarvine-liemene-nij-ii\/#primaryimage\"},\"image\":{\"@id\":\"https:\/\/balticarmor.com\/produktas\/slapta-sarvine-liemene-nij-ii\/#primaryimage\"},\"thumbnailUrl\":\"https:\/\/balticarmor.com\/wp-content\/uploads\/2023\/04\/perfect-tank-top-body-armor-level-iiia-830125_1512x.webp\",\"datePublished\":\"2023-05-22T12:57:03+00:00\",\"dateModified\":\"2023-06-27T13:26:40+00:00\",\"description\":\"Neatkreipianti d\u0117mesio, lengva, patogi slapta \u0161arvin\u0117 liemen\u0117, NIJ II\u00a0sertifikatas\",\"breadcrumb\":{\"@id\":\"https:\/\/balticarmor.com\/produktas\/slapta-sarvine-liemene-nij-ii\/#breadcrumb\"},\"inLanguage\":\"en-US\",\"potentialAction\":[{\"@type\":\"ReadAction\",\"target\":[\"https:\/\/balticarmor.com\/produktas\/slapta-sarvine-liemene-nij-ii\/\"]}]},{\"@type\":\"ImageObject\",\"inLanguage\":\"en-US\",\"@id\":\"https:\/\/balticarmor.com\/produktas\/slapta-sarvine-liemene-nij-ii\/#primaryimage\",\"url\":\"https:\/\/balticarmor.com\/wp-content\/uploads\/2023\/04\/perfect-tank-top-body-armor-level-iiia-830125_1512x.webp\",\"contentUrl\":\"https:\/\/balticarmor.com\/wp-content\/uploads\/2023\/04\/perfect-tank-top-body-armor-level-iiia-830125_1512x.webp\",\"width\":1512,\"height\":1512},{\"@type\":\"BreadcrumbList\",\"@id\":\"https:\/\/balticarmor.com\/produktas\/slapta-sarvine-liemene-nij-ii\/#breadcrumb\",\"itemListElement\":[{\"@type\":\"ListItem\",\"position\":1,\"name\":\"Home\",\"item\":\"https:\/\/balticarmor.com\/\"},{\"@type\":\"ListItem\",\"position\":2,\"name\":\"Parduotuv\u0117\",\"item\":\"https:\/\/balticarmor.com\/parduotuve\/\"},{\"@type\":\"ListItem\",\"position\":3,\"name\":\"\u0160arvin\u0117s liemen\u0117s\",\"item\":\"https:\/\/balticarmor.com\/product-category\/sarvines-liemenes\/\"},{\"@type\":\"ListItem\",\"position\":4,\"name\":\"Slapta \u0161arvin\u0117 liemen\u0117 NIJ II\"}]},{\"@type\":\"WebSite\",\"@id\":\"https:\/\/balticarmor.com\/#website\",\"url\":\"https:\/\/balticarmor.com\/\",\"name\":\"balticarmor\",\"description\":\"Apsaugin\u0117s \u0161arvin\u0117s neper\u0161aunamos liemen\u0117s, skydai, kitos asmens \u0161arvuotos apsaugos priemon\u0117s\",\"publisher\":{\"@id\":\"https:\/\/balticarmor.com\/#organization\"},\"potentialAction\":[{\"@type\":\"SearchAction\",\"target\":{\"@type\":\"EntryPoint\",\"urlTemplate\":\"https:\/\/balticarmor.com\/?s={search_term_string}\"},\"query-input\":{\"@type\":\"PropertyValueSpecification\",\"valueRequired\":true,\"valueName\":\"search_term_string\"}}],\"inLanguage\":\"en-US\"},{\"@type\":\"Organization\",\"@id\":\"https:\/\/balticarmor.com\/#organization\",\"name\":\"UAB \\\"Talino 10\\\"\",\"url\":\"https:\/\/balticarmor.com\/\",\"logo\":{\"@type\":\"ImageObject\",\"inLanguage\":\"en-US\",\"@id\":\"https:\/\/balticarmor.com\/#\/schema\/logo\/image\/\",\"url\":\"https:\/\/balticarmor.com\/wp-content\/uploads\/2023\/06\/Balticarmor-logo-3.png\",\"contentUrl\":\"https:\/\/balticarmor.com\/wp-content\/uploads\/2023\/06\/Balticarmor-logo-3.png\",\"width\":1299,\"height\":1127,\"caption\":\"UAB \\\"Talino 10\\\"\"},\"image\":{\"@id\":\"https:\/\/balticarmor.com\/#\/schema\/logo\/image\/\"}}]}<\/script>\n<!-- \/ Yoast SEO plugin. -->","yoast_head_json":{"title":"Slapta \u0161arvin\u0117 liemen\u0117 NIJ II - balticarmor","description":"Neatkreipianti d\u0117mesio, lengva, patogi slapta \u0161arvin\u0117 liemen\u0117, NIJ II\u00a0sertifikatas","robots":{"index":"index","follow":"follow","max-snippet":"max-snippet:-1","max-image-preview":"max-image-preview:large","max-video-preview":"max-video-preview:-1"},"canonical":"https:\/\/balticarmor.com\/en\/product\/slapta-sarvine-liemene-nij-ii\/","og_locale":"en_US","og_type":"article","og_title":"Slapta \u0161arvin\u0117 liemen\u0117 NIJ II - balticarmor","og_description":"Neatkreipianti d\u0117mesio, lengva, patogi slapta \u0161arvin\u0117 liemen\u0117, NIJ II\u00a0sertifikatas","og_url":"https:\/\/balticarmor.com\/en\/product\/slapta-sarvine-liemene-nij-ii\/","og_site_name":"balticarmor","article_modified_time":"2023-06-27T13:26:40+00:00","og_image":[{"width":1512,"height":1512,"url":"http:\/\/balticarmor.com\/wp-content\/uploads\/2023\/04\/perfect-tank-top-body-armor-level-iiia-830125_1512x.webp","type":"image\/webp"}],"twitter_card":"summary_large_image","twitter_misc":{"Est. reading time":"1 minute"},"schema":{"@context":"https:\/\/schema.org","@graph":[{"@type":"WebPage","@id":"https:\/\/balticarmor.com\/produktas\/slapta-sarvine-liemene-nij-ii\/","url":"https:\/\/balticarmor.com\/produktas\/slapta-sarvine-liemene-nij-ii\/","name":"Slapta \u0161arvin\u0117 liemen\u0117 NIJ II - balticarmor","isPartOf":{"@id":"https:\/\/balticarmor.com\/#website"},"primaryImageOfPage":{"@id":"https:\/\/balticarmor.com\/produktas\/slapta-sarvine-liemene-nij-ii\/#primaryimage"},"image":{"@id":"https:\/\/balticarmor.com\/produktas\/slapta-sarvine-liemene-nij-ii\/#primaryimage"},"thumbnailUrl":"https:\/\/balticarmor.com\/wp-content\/uploads\/2023\/04\/perfect-tank-top-body-armor-level-iiia-830125_1512x.webp","datePublished":"2023-05-22T12:57:03+00:00","dateModified":"2023-06-27T13:26:40+00:00","description":"Neatkreipianti d\u0117mesio, lengva, patogi slapta \u0161arvin\u0117 liemen\u0117, NIJ II\u00a0sertifikatas","breadcrumb":{"@id":"https:\/\/balticarmor.com\/produktas\/slapta-sarvine-liemene-nij-ii\/#breadcrumb"},"inLanguage":"en-US","potentialAction":[{"@type":"ReadAction","target":["https:\/\/balticarmor.com\/produktas\/slapta-sarvine-liemene-nij-ii\/"]}]},{"@type":"ImageObject","inLanguage":"en-US","@id":"https:\/\/balticarmor.com\/produktas\/slapta-sarvine-liemene-nij-ii\/#primaryimage","url":"https:\/\/balticarmor.com\/wp-content\/uploads\/2023\/04\/perfect-tank-top-body-armor-level-iiia-830125_1512x.webp","contentUrl":"https:\/\/balticarmor.com\/wp-content\/uploads\/2023\/04\/perfect-tank-top-body-armor-level-iiia-830125_1512x.webp","width":1512,"height":1512},{"@type":"BreadcrumbList","@id":"https:\/\/balticarmor.com\/produktas\/slapta-sarvine-liemene-nij-ii\/#breadcrumb","itemListElement":[{"@type":"ListItem","position":1,"name":"Home","item":"https:\/\/balticarmor.com\/"},{"@type":"ListItem","position":2,"name":"Parduotuv\u0117","item":"https:\/\/balticarmor.com\/parduotuve\/"},{"@type":"ListItem","position":3,"name":"\u0160arvin\u0117s liemen\u0117s","item":"https:\/\/balticarmor.com\/product-category\/sarvines-liemenes\/"},{"@type":"ListItem","position":4,"name":"Slapta \u0161arvin\u0117 liemen\u0117 NIJ II"}]},{"@type":"WebSite","@id":"https:\/\/balticarmor.com\/#website","url":"https:\/\/balticarmor.com\/","name":"balticarmor","description":"Apsaugin\u0117s \u0161arvin\u0117s neper\u0161aunamos liemen\u0117s, skydai, kitos asmens \u0161arvuotos apsaugos priemon\u0117s","publisher":{"@id":"https:\/\/balticarmor.com\/#organization"},"potentialAction":[{"@type":"SearchAction","target":{"@type":"EntryPoint","urlTemplate":"https:\/\/balticarmor.com\/?s={search_term_string}"},"query-input":{"@type":"PropertyValueSpecification","valueRequired":true,"valueName":"search_term_string"}}],"inLanguage":"en-US"},{"@type":"Organization","@id":"https:\/\/balticarmor.com\/#organization","name":"UAB \"Talino 10\"","url":"https:\/\/balticarmor.com\/","logo":{"@type":"ImageObject","inLanguage":"en-US","@id":"https:\/\/balticarmor.com\/#\/schema\/logo\/image\/","url":"https:\/\/balticarmor.com\/wp-content\/uploads\/2023\/06\/Balticarmor-logo-3.png","contentUrl":"https:\/\/balticarmor.com\/wp-content\/uploads\/2023\/06\/Balticarmor-logo-3.png","width":1299,"height":1127,"caption":"UAB \"Talino 10\""},"image":{"@id":"https:\/\/balticarmor.com\/#\/schema\/logo\/image\/"}}]}},"uagb_featured_image_src":{"full":["https:\/\/balticarmor.com\/wp-content\/uploads\/2023\/04\/perfect-tank-top-body-armor-level-iiia-830125_1512x.webp",1512,1512,false],"thumbnail":["https:\/\/balticarmor.com\/wp-content\/uploads\/2023\/04\/perfect-tank-top-body-armor-level-iiia-830125_1512x-150x150.webp",150,150,true],"medium":["https:\/\/balticarmor.com\/wp-content\/uploads\/2023\/04\/perfect-tank-top-body-armor-level-iiia-830125_1512x-300x300.webp",300,300,true],"medium_large":["https:\/\/balticarmor.com\/wp-content\/uploads\/2023\/04\/perfect-tank-top-body-armor-level-iiia-830125_1512x-768x768.webp",768,768,true],"large":["https:\/\/balticarmor.com\/wp-content\/uploads\/2023\/04\/perfect-tank-top-body-armor-level-iiia-830125_1512x-1024x1024.webp",1024,1024,true],"1536x1536":["https:\/\/balticarmor.com\/wp-content\/uploads\/2023\/04\/perfect-tank-top-body-armor-level-iiia-830125_1512x.webp",1512,1512,false],"2048x2048":["https:\/\/balticarmor.com\/wp-content\/uploads\/2023\/04\/perfect-tank-top-body-armor-level-iiia-830125_1512x.webp",1512,1512,false],"trp-custom-language-flag":["https:\/\/balticarmor.com\/wp-content\/uploads\/2023\/04\/perfect-tank-top-body-armor-level-iiia-830125_1512x.webp",12,12,false],"woocommerce_thumbnail":["https:\/\/balticarmor.com\/wp-content\/uploads\/2023\/04\/perfect-tank-top-body-armor-level-iiia-830125_1512x-300x300.webp",300,300,true],"woocommerce_single":["https:\/\/balticarmor.com\/wp-content\/uploads\/2023\/04\/perfect-tank-top-body-armor-level-iiia-830125_1512x-600x600.webp",600,600,true],"woocommerce_gallery_thumbnail":["https:\/\/balticarmor.com\/wp-content\/uploads\/2023\/04\/perfect-tank-top-body-armor-level-iiia-830125_1512x-100x100.webp",100,100,true]},"uagb_author_info":{"display_name":"Laimonas Jakas","author_link":"https:\/\/balticarmor.com\/en\/author\/"},"uagb_comment_info":0,"uagb_excerpt":"\u201eMiguel Caballero\u201c patogi slapta \u0161arvin\u0117 liemen\u0117, NIJ II sertifikatas","_links":{"self":[{"href":"https:\/\/balticarmor.com\/en\/wp-json\/wp\/v2\/product\/3624","targetHints":{"allow":["GET"]}}],"collection":[{"href":"https:\/\/balticarmor.com\/en\/wp-json\/wp\/v2\/product"}],"about":[{"href":"https:\/\/balticarmor.com\/en\/wp-json\/wp\/v2\/types\/product"}],"wp:featuredmedia":[{"embeddable":true,"href":"https:\/\/balticarmor.com\/en\/wp-json\/wp\/v2\/media\/2355"}],"wp:attachment":[{"href":"https:\/\/balticarmor.com\/en\/wp-json\/wp\/v2\/media?parent=3624"}],"wp:term":[{"taxonomy":"product_brand","embeddable":true,"href":"https:\/\/balticarmor.com\/en\/wp-json\/wp\/v2\/product_brand?post=3624"},{"taxonomy":"product_cat","embeddable":true,"href":"https:\/\/balticarmor.com\/en\/wp-json\/wp\/v2\/product_cat?post=3624"},{"taxonomy":"product_tag","embeddable":true,"href":"https:\/\/balticarmor.com\/en\/wp-json\/wp\/v2\/product_tag?post=3624"}],"curies":[{"name":"wp","href":"https:\/\/api.w.org\/{rel}","templated":true}]}}