{"id":3192,"date":"2023-05-16T11:16:20","date_gmt":"2023-05-16T09:16:20","guid":{"rendered":"https:\/\/balticarmor.com\/?post_type=product&#038;p=3192"},"modified":"2023-06-27T15:29:22","modified_gmt":"2023-06-27T13:29:22","slug":"kuprines-gynybinis-sarvinis-ideklas","status":"publish","type":"product","link":"https:\/\/balticarmor.com\/en\/product\/kuprines-gynybinis-sarvinis-ideklas\/","title":{"rendered":"Backpack body armor insert"},"content":{"rendered":"<p>THIS LIFE-DEFENSE BALLISTIC INSERT IS RESILIENT AND LIGHTWEIGHT, WEIGHING ONLY 1.65 POUNDS. IT'S EASILY TRANSFERABLE TO USE IN ANY BACKPACK OR TRAVELING ACCESSORY, USE THIS DEFENSIVE MATERIAL TO PROTECT YOURSELF AND YOUR LOVED ONES. MC ARMOR'S BODY ARMOR BACKPACK INSERTS ENSURE THE BEST PROTECTION IN YOUR BOOK BAG.<br \/>\nFEATURES:<\/p>\n<p>LEVEL IIIA NIJ CERTIFIED<\/p>\n<p>WHAT IS NIJ LEVEL IIIA?<\/p>\n<p>NIJ-IIIA RATED BALLISTIC BODY ARMOR CONDITIONED TO RESIST 125G, 357 SIG FMJ FN PROJECTILES WITH A VELOCITY OF 1410 FPS AND 240G, 44 MAGNUM PROJECTILES WITH A VELOCITY OF 1340 FPS. THE NIJ-IIIA BODY ARMOR PROTECTS YOU AGAINST ALMOST ALL HANDGUN ROUNDS.<\/p>\n<p>THICKNESS: 0.33 INCHES<br \/>\nTESTED FOR THE LEVEL LLLA ACCORDING TO THE NIJ 0108.01 STANDARD<br \/>\n(HP WHITE CERTIFIED)<br \/>\nSIZE DIMENSIONS: ADULT BACKPACK\/BAG: 19*12 INCHES CHILD BACKPACK\/BAG: 15*11.5 INCHES<\/p>","protected":false},"excerpt":{"rendered":"<p>Miguel Caballero Resilient and Lightweight Life-Defense Ballistic Insert, weighing only 0,7 kg<\/p>","protected":false},"featured_media":3197,"template":"","meta":{"_uag_custom_page_level_css":"","site-sidebar-layout":"default","site-content-layout":"default","ast-global-header-display":"","ast-banner-title-visibility":"","ast-main-header-display":"","ast-hfb-above-header-display":"","ast-hfb-below-header-display":"","ast-hfb-mobile-header-display":"","site-post-title":"","ast-breadcrumbs-content":"","ast-featured-img":"","footer-sml-layout":"","theme-transparent-header-meta":"default","adv-header-id-meta":"","stick-header-meta":"","header-above-stick-meta":"","header-main-stick-meta":"","header-below-stick-meta":""},"product_brand":[],"product_cat":[81,106],"product_tag":[],"class_list":{"0":"post-3192","1":"product","2":"type-product","3":"status-publish","4":"has-post-thumbnail","6":"product_cat-sarvines-liemenes","7":"product_cat-visi-produktai","8":"desktop-align-left","9":"tablet-align-left","10":"mobile-align-left","12":"first","13":"instock","14":"taxable","15":"shipping-taxable","16":"purchasable","17":"product-type-variable","18":"has-default-attributes"},"yoast_head":"<!-- This site is optimized with the Yoast SEO plugin v24.3 - https:\/\/yoast.com\/wordpress\/plugins\/seo\/ -->\n<title>Kuprin\u0117s \u0161arvinis \u012fd\u0117klas - balticarmor<\/title>\n<meta name=\"description\" content=\"KUPRIN\u0116S BALISTINIS \u012eD\u0116KLAS YRA ELASTINGAS IR LENGVAS, SVERIA TIK APIE 0,7 KG. J\u012e LENGVA NAUDOTI BET KURIAME KREP\u0160YJE AR KUPRIN\u0116JE.\" \/>\n<meta name=\"robots\" content=\"index, follow, max-snippet:-1, max-image-preview:large, max-video-preview:-1\" \/>\n<link rel=\"canonical\" href=\"https:\/\/balticarmor.com\/en\/product\/kuprines-gynybinis-sarvinis-ideklas\/\" \/>\n<meta property=\"og:locale\" content=\"en_US\" \/>\n<meta property=\"og:type\" content=\"article\" \/>\n<meta property=\"og:title\" content=\"Kuprin\u0117s \u0161arvinis \u012fd\u0117klas - balticarmor\" \/>\n<meta property=\"og:description\" content=\"KUPRIN\u0116S BALISTINIS \u012eD\u0116KLAS YRA ELASTINGAS IR LENGVAS, SVERIA TIK APIE 0,7 KG. J\u012e LENGVA NAUDOTI BET KURIAME KREP\u0160YJE AR KUPRIN\u0116JE.\" \/>\n<meta property=\"og:url\" content=\"https:\/\/balticarmor.com\/en\/product\/kuprines-gynybinis-sarvinis-ideklas\/\" \/>\n<meta property=\"og:site_name\" content=\"balticarmor\" \/>\n<meta property=\"article:modified_time\" content=\"2023-06-27T13:29:22+00:00\" \/>\n<meta property=\"og:image\" content=\"http:\/\/balticarmor.com\/wp-content\/uploads\/2023\/05\/backpack-ballistic-insert-549141_3750x.webp\" \/>\n\t<meta property=\"og:image:width\" content=\"1280\" \/>\n\t<meta property=\"og:image:height\" content=\"1280\" \/>\n\t<meta property=\"og:image:type\" content=\"image\/webp\" \/>\n<meta name=\"twitter:card\" content=\"summary_large_image\" \/>\n<meta name=\"twitter:label1\" content=\"Est. reading time\" \/>\n\t<meta name=\"twitter:data1\" content=\"1 minute\" \/>\n<script type=\"application\/ld+json\" class=\"yoast-schema-graph\">{\"@context\":\"https:\/\/schema.org\",\"@graph\":[{\"@type\":\"WebPage\",\"@id\":\"https:\/\/balticarmor.com\/produktas\/kuprines-gynybinis-sarvinis-ideklas\/\",\"url\":\"https:\/\/balticarmor.com\/produktas\/kuprines-gynybinis-sarvinis-ideklas\/\",\"name\":\"Kuprin\u0117s \u0161arvinis \u012fd\u0117klas - balticarmor\",\"isPartOf\":{\"@id\":\"https:\/\/balticarmor.com\/#website\"},\"primaryImageOfPage\":{\"@id\":\"https:\/\/balticarmor.com\/produktas\/kuprines-gynybinis-sarvinis-ideklas\/#primaryimage\"},\"image\":{\"@id\":\"https:\/\/balticarmor.com\/produktas\/kuprines-gynybinis-sarvinis-ideklas\/#primaryimage\"},\"thumbnailUrl\":\"https:\/\/balticarmor.com\/wp-content\/uploads\/2023\/05\/backpack-ballistic-insert-549141_3750x.webp\",\"datePublished\":\"2023-05-16T09:16:20+00:00\",\"dateModified\":\"2023-06-27T13:29:22+00:00\",\"description\":\"KUPRIN\u0116S BALISTINIS \u012eD\u0116KLAS YRA ELASTINGAS IR LENGVAS, SVERIA TIK APIE 0,7 KG. J\u012e LENGVA NAUDOTI BET KURIAME KREP\u0160YJE AR KUPRIN\u0116JE.\",\"breadcrumb\":{\"@id\":\"https:\/\/balticarmor.com\/produktas\/kuprines-gynybinis-sarvinis-ideklas\/#breadcrumb\"},\"inLanguage\":\"en-US\",\"potentialAction\":[{\"@type\":\"ReadAction\",\"target\":[\"https:\/\/balticarmor.com\/produktas\/kuprines-gynybinis-sarvinis-ideklas\/\"]}]},{\"@type\":\"ImageObject\",\"inLanguage\":\"en-US\",\"@id\":\"https:\/\/balticarmor.com\/produktas\/kuprines-gynybinis-sarvinis-ideklas\/#primaryimage\",\"url\":\"https:\/\/balticarmor.com\/wp-content\/uploads\/2023\/05\/backpack-ballistic-insert-549141_3750x.webp\",\"contentUrl\":\"https:\/\/balticarmor.com\/wp-content\/uploads\/2023\/05\/backpack-ballistic-insert-549141_3750x.webp\",\"width\":1280,\"height\":1280},{\"@type\":\"BreadcrumbList\",\"@id\":\"https:\/\/balticarmor.com\/produktas\/kuprines-gynybinis-sarvinis-ideklas\/#breadcrumb\",\"itemListElement\":[{\"@type\":\"ListItem\",\"position\":1,\"name\":\"Home\",\"item\":\"https:\/\/balticarmor.com\/\"},{\"@type\":\"ListItem\",\"position\":2,\"name\":\"Parduotuv\u0117\",\"item\":\"https:\/\/balticarmor.com\/parduotuve\/\"},{\"@type\":\"ListItem\",\"position\":3,\"name\":\"\u0160arvin\u0117s liemen\u0117s\",\"item\":\"https:\/\/balticarmor.com\/product-category\/sarvines-liemenes\/\"},{\"@type\":\"ListItem\",\"position\":4,\"name\":\"Kuprin\u0117s \u0161arvinis \u012fd\u0117klas\"}]},{\"@type\":\"WebSite\",\"@id\":\"https:\/\/balticarmor.com\/#website\",\"url\":\"https:\/\/balticarmor.com\/\",\"name\":\"balticarmor\",\"description\":\"Apsaugin\u0117s \u0161arvin\u0117s neper\u0161aunamos liemen\u0117s, skydai, kitos asmens \u0161arvuotos apsaugos priemon\u0117s\",\"publisher\":{\"@id\":\"https:\/\/balticarmor.com\/#organization\"},\"potentialAction\":[{\"@type\":\"SearchAction\",\"target\":{\"@type\":\"EntryPoint\",\"urlTemplate\":\"https:\/\/balticarmor.com\/?s={search_term_string}\"},\"query-input\":{\"@type\":\"PropertyValueSpecification\",\"valueRequired\":true,\"valueName\":\"search_term_string\"}}],\"inLanguage\":\"en-US\"},{\"@type\":\"Organization\",\"@id\":\"https:\/\/balticarmor.com\/#organization\",\"name\":\"UAB \\\"Talino 10\\\"\",\"url\":\"https:\/\/balticarmor.com\/\",\"logo\":{\"@type\":\"ImageObject\",\"inLanguage\":\"en-US\",\"@id\":\"https:\/\/balticarmor.com\/#\/schema\/logo\/image\/\",\"url\":\"https:\/\/balticarmor.com\/wp-content\/uploads\/2023\/06\/Balticarmor-logo-3.png\",\"contentUrl\":\"https:\/\/balticarmor.com\/wp-content\/uploads\/2023\/06\/Balticarmor-logo-3.png\",\"width\":1299,\"height\":1127,\"caption\":\"UAB \\\"Talino 10\\\"\"},\"image\":{\"@id\":\"https:\/\/balticarmor.com\/#\/schema\/logo\/image\/\"}}]}<\/script>\n<!-- \/ Yoast SEO plugin. -->","yoast_head_json":{"title":"Kuprin\u0117s \u0161arvinis \u012fd\u0117klas - balticarmor","description":"KUPRIN\u0116S BALISTINIS \u012eD\u0116KLAS YRA ELASTINGAS IR LENGVAS, SVERIA TIK APIE 0,7 KG. J\u012e LENGVA NAUDOTI BET KURIAME KREP\u0160YJE AR KUPRIN\u0116JE.","robots":{"index":"index","follow":"follow","max-snippet":"max-snippet:-1","max-image-preview":"max-image-preview:large","max-video-preview":"max-video-preview:-1"},"canonical":"https:\/\/balticarmor.com\/en\/product\/kuprines-gynybinis-sarvinis-ideklas\/","og_locale":"en_US","og_type":"article","og_title":"Kuprin\u0117s \u0161arvinis \u012fd\u0117klas - balticarmor","og_description":"KUPRIN\u0116S BALISTINIS \u012eD\u0116KLAS YRA ELASTINGAS IR LENGVAS, SVERIA TIK APIE 0,7 KG. J\u012e LENGVA NAUDOTI BET KURIAME KREP\u0160YJE AR KUPRIN\u0116JE.","og_url":"https:\/\/balticarmor.com\/en\/product\/kuprines-gynybinis-sarvinis-ideklas\/","og_site_name":"balticarmor","article_modified_time":"2023-06-27T13:29:22+00:00","og_image":[{"width":1280,"height":1280,"url":"http:\/\/balticarmor.com\/wp-content\/uploads\/2023\/05\/backpack-ballistic-insert-549141_3750x.webp","type":"image\/webp"}],"twitter_card":"summary_large_image","twitter_misc":{"Est. reading time":"1 minute"},"schema":{"@context":"https:\/\/schema.org","@graph":[{"@type":"WebPage","@id":"https:\/\/balticarmor.com\/produktas\/kuprines-gynybinis-sarvinis-ideklas\/","url":"https:\/\/balticarmor.com\/produktas\/kuprines-gynybinis-sarvinis-ideklas\/","name":"Kuprin\u0117s \u0161arvinis \u012fd\u0117klas - balticarmor","isPartOf":{"@id":"https:\/\/balticarmor.com\/#website"},"primaryImageOfPage":{"@id":"https:\/\/balticarmor.com\/produktas\/kuprines-gynybinis-sarvinis-ideklas\/#primaryimage"},"image":{"@id":"https:\/\/balticarmor.com\/produktas\/kuprines-gynybinis-sarvinis-ideklas\/#primaryimage"},"thumbnailUrl":"https:\/\/balticarmor.com\/wp-content\/uploads\/2023\/05\/backpack-ballistic-insert-549141_3750x.webp","datePublished":"2023-05-16T09:16:20+00:00","dateModified":"2023-06-27T13:29:22+00:00","description":"KUPRIN\u0116S BALISTINIS \u012eD\u0116KLAS YRA ELASTINGAS IR LENGVAS, SVERIA TIK APIE 0,7 KG. J\u012e LENGVA NAUDOTI BET KURIAME KREP\u0160YJE AR KUPRIN\u0116JE.","breadcrumb":{"@id":"https:\/\/balticarmor.com\/produktas\/kuprines-gynybinis-sarvinis-ideklas\/#breadcrumb"},"inLanguage":"en-US","potentialAction":[{"@type":"ReadAction","target":["https:\/\/balticarmor.com\/produktas\/kuprines-gynybinis-sarvinis-ideklas\/"]}]},{"@type":"ImageObject","inLanguage":"en-US","@id":"https:\/\/balticarmor.com\/produktas\/kuprines-gynybinis-sarvinis-ideklas\/#primaryimage","url":"https:\/\/balticarmor.com\/wp-content\/uploads\/2023\/05\/backpack-ballistic-insert-549141_3750x.webp","contentUrl":"https:\/\/balticarmor.com\/wp-content\/uploads\/2023\/05\/backpack-ballistic-insert-549141_3750x.webp","width":1280,"height":1280},{"@type":"BreadcrumbList","@id":"https:\/\/balticarmor.com\/produktas\/kuprines-gynybinis-sarvinis-ideklas\/#breadcrumb","itemListElement":[{"@type":"ListItem","position":1,"name":"Home","item":"https:\/\/balticarmor.com\/"},{"@type":"ListItem","position":2,"name":"Parduotuv\u0117","item":"https:\/\/balticarmor.com\/parduotuve\/"},{"@type":"ListItem","position":3,"name":"\u0160arvin\u0117s liemen\u0117s","item":"https:\/\/balticarmor.com\/product-category\/sarvines-liemenes\/"},{"@type":"ListItem","position":4,"name":"Kuprin\u0117s \u0161arvinis \u012fd\u0117klas"}]},{"@type":"WebSite","@id":"https:\/\/balticarmor.com\/#website","url":"https:\/\/balticarmor.com\/","name":"balticarmor","description":"Apsaugin\u0117s \u0161arvin\u0117s neper\u0161aunamos liemen\u0117s, skydai, kitos asmens \u0161arvuotos apsaugos priemon\u0117s","publisher":{"@id":"https:\/\/balticarmor.com\/#organization"},"potentialAction":[{"@type":"SearchAction","target":{"@type":"EntryPoint","urlTemplate":"https:\/\/balticarmor.com\/?s={search_term_string}"},"query-input":{"@type":"PropertyValueSpecification","valueRequired":true,"valueName":"search_term_string"}}],"inLanguage":"en-US"},{"@type":"Organization","@id":"https:\/\/balticarmor.com\/#organization","name":"UAB \"Talino 10\"","url":"https:\/\/balticarmor.com\/","logo":{"@type":"ImageObject","inLanguage":"en-US","@id":"https:\/\/balticarmor.com\/#\/schema\/logo\/image\/","url":"https:\/\/balticarmor.com\/wp-content\/uploads\/2023\/06\/Balticarmor-logo-3.png","contentUrl":"https:\/\/balticarmor.com\/wp-content\/uploads\/2023\/06\/Balticarmor-logo-3.png","width":1299,"height":1127,"caption":"UAB \"Talino 10\""},"image":{"@id":"https:\/\/balticarmor.com\/#\/schema\/logo\/image\/"}}]}},"uagb_featured_image_src":{"full":["https:\/\/balticarmor.com\/wp-content\/uploads\/2023\/05\/backpack-ballistic-insert-549141_3750x.webp",1280,1280,false],"thumbnail":["https:\/\/balticarmor.com\/wp-content\/uploads\/2023\/05\/backpack-ballistic-insert-549141_3750x-150x150.webp",150,150,true],"medium":["https:\/\/balticarmor.com\/wp-content\/uploads\/2023\/05\/backpack-ballistic-insert-549141_3750x-300x300.webp",300,300,true],"medium_large":["https:\/\/balticarmor.com\/wp-content\/uploads\/2023\/05\/backpack-ballistic-insert-549141_3750x-768x768.webp",768,768,true],"large":["https:\/\/balticarmor.com\/wp-content\/uploads\/2023\/05\/backpack-ballistic-insert-549141_3750x-1024x1024.webp",1024,1024,true],"1536x1536":["https:\/\/balticarmor.com\/wp-content\/uploads\/2023\/05\/backpack-ballistic-insert-549141_3750x.webp",1280,1280,false],"2048x2048":["https:\/\/balticarmor.com\/wp-content\/uploads\/2023\/05\/backpack-ballistic-insert-549141_3750x.webp",1280,1280,false],"trp-custom-language-flag":["https:\/\/balticarmor.com\/wp-content\/uploads\/2023\/05\/backpack-ballistic-insert-549141_3750x.webp",12,12,false],"woocommerce_thumbnail":["https:\/\/balticarmor.com\/wp-content\/uploads\/2023\/05\/backpack-ballistic-insert-549141_3750x-300x300.webp",300,300,true],"woocommerce_single":["https:\/\/balticarmor.com\/wp-content\/uploads\/2023\/05\/backpack-ballistic-insert-549141_3750x-600x600.webp",600,600,true],"woocommerce_gallery_thumbnail":["https:\/\/balticarmor.com\/wp-content\/uploads\/2023\/05\/backpack-ballistic-insert-549141_3750x-100x100.webp",100,100,true]},"uagb_author_info":{"display_name":"Laimonas Jakas","author_link":"https:\/\/balticarmor.com\/en\/author\/"},"uagb_comment_info":0,"uagb_excerpt":"\u201eMiguel Caballero\u201c ELASTINGAS IR LENGVAS GYNYBINIS BALISTINIS \u012eD\u0116KLAS, SVERIA TIK APIE 0,7 KG","_links":{"self":[{"href":"https:\/\/balticarmor.com\/en\/wp-json\/wp\/v2\/product\/3192","targetHints":{"allow":["GET"]}}],"collection":[{"href":"https:\/\/balticarmor.com\/en\/wp-json\/wp\/v2\/product"}],"about":[{"href":"https:\/\/balticarmor.com\/en\/wp-json\/wp\/v2\/types\/product"}],"wp:featuredmedia":[{"embeddable":true,"href":"https:\/\/balticarmor.com\/en\/wp-json\/wp\/v2\/media\/3197"}],"wp:attachment":[{"href":"https:\/\/balticarmor.com\/en\/wp-json\/wp\/v2\/media?parent=3192"}],"wp:term":[{"taxonomy":"product_brand","embeddable":true,"href":"https:\/\/balticarmor.com\/en\/wp-json\/wp\/v2\/product_brand?post=3192"},{"taxonomy":"product_cat","embeddable":true,"href":"https:\/\/balticarmor.com\/en\/wp-json\/wp\/v2\/product_cat?post=3192"},{"taxonomy":"product_tag","embeddable":true,"href":"https:\/\/balticarmor.com\/en\/wp-json\/wp\/v2\/product_tag?post=3192"}],"curies":[{"name":"wp","href":"https:\/\/api.w.org\/{rel}","templated":true}]}}