{"id":1661,"date":"2023-04-19T15:41:23","date_gmt":"2023-04-19T13:41:23","guid":{"rendered":"https:\/\/balticarmor.com\/?post_type=product&#038;p=1661"},"modified":"2023-06-27T15:44:30","modified_gmt":"2023-06-27T13:44:30","slug":"taktine-sarvine-striuke","status":"publish","type":"product","link":"https:\/\/balticarmor.com\/en\/product\/taktine-sarvine-striuke\/","title":{"rendered":"Body Armor Jacket"},"content":{"rendered":"<p>Miguel Caballero STELLAR Body Armor Jacket<\/p>\n<p>This tactical jacket showcases Level IIIA body armor, guaranteeing unparalleled safeguarding against handguns and projectiles. Meticulously engineered with lightweight and supple materials, it ensures optimal comfort and unrestricted mobility. Stellar Jacket is meticulously designed with advanced water-resistant technology and a tactical layout featuring abundant storage compartments.<\/p>\n<p>Features:<\/p>\n<p>&#8211; Priekin\u0117 ir nugaros nuimamos balistin\u0117s plok\u0161t\u0117s, sertifikuotos NIJ IIIA lygiu<\/p>\n<p>Effortless front opening zipper closure system<\/p>\n<p>Robust and durable outer shell<\/p>\n<p>Concealed Napoleon chest pocket<\/p>\n<p>Waterproof material<\/p>\n<p>Concealed pockets offering a total of 15 storage options<\/p>","protected":false},"excerpt":{"rendered":"<p>TACTICAL JACKET FOR THE SEVERE WEATHER CONDITIONS<\/p>","protected":false},"featured_media":2329,"template":"","meta":{"_uag_custom_page_level_css":"","site-sidebar-layout":"default","site-content-layout":"default","ast-global-header-display":"","ast-banner-title-visibility":"","ast-main-header-display":"","ast-hfb-above-header-display":"","ast-hfb-below-header-display":"","ast-hfb-mobile-header-display":"","site-post-title":"","ast-breadcrumbs-content":"","ast-featured-img":"","footer-sml-layout":"","theme-transparent-header-meta":"default","adv-header-id-meta":"","stick-header-meta":"","header-above-stick-meta":"","header-main-stick-meta":"","header-below-stick-meta":""},"product_brand":[],"product_cat":[82],"product_tag":[],"class_list":{"0":"post-1661","1":"product","2":"type-product","3":"status-publish","4":"has-post-thumbnail","6":"product_cat-taktines-striukes","7":"pa_dydis-2xl","8":"pa_dydis-3xl","9":"pa_dydis-l","10":"pa_dydis-m","11":"pa_dydis-s","12":"pa_dydis-xl","13":"desktop-align-left","14":"tablet-align-left","15":"mobile-align-left","17":"first","18":"instock","19":"taxable","20":"shipping-taxable","21":"purchasable","22":"product-type-variable","23":"has-default-attributes"},"yoast_head":"<!-- This site is optimized with the Yoast SEO plugin v24.3 - https:\/\/yoast.com\/wordpress\/plugins\/seo\/ -->\n<title>Taktin\u0117 \u0161arvin\u0117 striuk\u0117 - balticarmor<\/title>\n<meta name=\"description\" content=\"Taktin\u0117 \u0161arvin\u0117 striuk\u0117 NIJ III, skirta sunkiausioms oro s\u0105lygoms.\" \/>\n<meta name=\"robots\" content=\"index, follow, max-snippet:-1, max-image-preview:large, max-video-preview:-1\" \/>\n<link rel=\"canonical\" href=\"https:\/\/balticarmor.com\/en\/product\/taktine-sarvine-striuke\/\" \/>\n<meta property=\"og:locale\" content=\"en_US\" \/>\n<meta property=\"og:type\" content=\"article\" \/>\n<meta property=\"og:title\" content=\"Taktin\u0117 \u0161arvin\u0117 striuk\u0117 - balticarmor\" \/>\n<meta property=\"og:description\" content=\"Taktin\u0117 \u0161arvin\u0117 striuk\u0117 NIJ III, skirta sunkiausioms oro s\u0105lygoms.\" \/>\n<meta property=\"og:url\" content=\"https:\/\/balticarmor.com\/en\/product\/taktine-sarvine-striuke\/\" \/>\n<meta property=\"og:site_name\" content=\"balticarmor\" \/>\n<meta property=\"article:modified_time\" content=\"2023-06-27T13:44:30+00:00\" \/>\n<meta property=\"og:image\" content=\"http:\/\/balticarmor.com\/wp-content\/uploads\/2023\/04\/stellar-armor-jacket-level-iiia-673170_3750x.webp\" \/>\n\t<meta property=\"og:image:width\" content=\"2048\" \/>\n\t<meta property=\"og:image:height\" content=\"2048\" \/>\n\t<meta property=\"og:image:type\" content=\"image\/webp\" \/>\n<meta name=\"twitter:card\" content=\"summary_large_image\" \/>\n<meta name=\"twitter:label1\" content=\"Est. reading time\" \/>\n\t<meta name=\"twitter:data1\" content=\"1 minute\" \/>\n<script type=\"application\/ld+json\" class=\"yoast-schema-graph\">{\"@context\":\"https:\/\/schema.org\",\"@graph\":[{\"@type\":\"WebPage\",\"@id\":\"https:\/\/balticarmor.com\/produktas\/taktine-sarvine-striuke\/\",\"url\":\"https:\/\/balticarmor.com\/produktas\/taktine-sarvine-striuke\/\",\"name\":\"Taktin\u0117 \u0161arvin\u0117 striuk\u0117 - balticarmor\",\"isPartOf\":{\"@id\":\"https:\/\/balticarmor.com\/#website\"},\"primaryImageOfPage\":{\"@id\":\"https:\/\/balticarmor.com\/produktas\/taktine-sarvine-striuke\/#primaryimage\"},\"image\":{\"@id\":\"https:\/\/balticarmor.com\/produktas\/taktine-sarvine-striuke\/#primaryimage\"},\"thumbnailUrl\":\"https:\/\/balticarmor.com\/wp-content\/uploads\/2023\/04\/stellar-armor-jacket-level-iiia-673170_3750x.webp\",\"datePublished\":\"2023-04-19T13:41:23+00:00\",\"dateModified\":\"2023-06-27T13:44:30+00:00\",\"description\":\"Taktin\u0117 \u0161arvin\u0117 striuk\u0117 NIJ III, skirta sunkiausioms oro s\u0105lygoms.\",\"breadcrumb\":{\"@id\":\"https:\/\/balticarmor.com\/produktas\/taktine-sarvine-striuke\/#breadcrumb\"},\"inLanguage\":\"en-US\",\"potentialAction\":[{\"@type\":\"ReadAction\",\"target\":[\"https:\/\/balticarmor.com\/produktas\/taktine-sarvine-striuke\/\"]}]},{\"@type\":\"ImageObject\",\"inLanguage\":\"en-US\",\"@id\":\"https:\/\/balticarmor.com\/produktas\/taktine-sarvine-striuke\/#primaryimage\",\"url\":\"https:\/\/balticarmor.com\/wp-content\/uploads\/2023\/04\/stellar-armor-jacket-level-iiia-673170_3750x.webp\",\"contentUrl\":\"https:\/\/balticarmor.com\/wp-content\/uploads\/2023\/04\/stellar-armor-jacket-level-iiia-673170_3750x.webp\",\"width\":2048,\"height\":2048},{\"@type\":\"BreadcrumbList\",\"@id\":\"https:\/\/balticarmor.com\/produktas\/taktine-sarvine-striuke\/#breadcrumb\",\"itemListElement\":[{\"@type\":\"ListItem\",\"position\":1,\"name\":\"Home\",\"item\":\"https:\/\/balticarmor.com\/\"},{\"@type\":\"ListItem\",\"position\":2,\"name\":\"Parduotuv\u0117\",\"item\":\"https:\/\/balticarmor.com\/parduotuve\/\"},{\"@type\":\"ListItem\",\"position\":3,\"name\":\"Taktin\u0117s striuk\u0117s\",\"item\":\"https:\/\/balticarmor.com\/product-category\/taktines-striukes\/\"},{\"@type\":\"ListItem\",\"position\":4,\"name\":\"Taktin\u0117 \u0161arvin\u0117 striuk\u0117\"}]},{\"@type\":\"WebSite\",\"@id\":\"https:\/\/balticarmor.com\/#website\",\"url\":\"https:\/\/balticarmor.com\/\",\"name\":\"balticarmor\",\"description\":\"Apsaugin\u0117s \u0161arvin\u0117s neper\u0161aunamos liemen\u0117s, skydai, kitos asmens \u0161arvuotos apsaugos priemon\u0117s\",\"publisher\":{\"@id\":\"https:\/\/balticarmor.com\/#organization\"},\"potentialAction\":[{\"@type\":\"SearchAction\",\"target\":{\"@type\":\"EntryPoint\",\"urlTemplate\":\"https:\/\/balticarmor.com\/?s={search_term_string}\"},\"query-input\":{\"@type\":\"PropertyValueSpecification\",\"valueRequired\":true,\"valueName\":\"search_term_string\"}}],\"inLanguage\":\"en-US\"},{\"@type\":\"Organization\",\"@id\":\"https:\/\/balticarmor.com\/#organization\",\"name\":\"UAB \\\"Talino 10\\\"\",\"url\":\"https:\/\/balticarmor.com\/\",\"logo\":{\"@type\":\"ImageObject\",\"inLanguage\":\"en-US\",\"@id\":\"https:\/\/balticarmor.com\/#\/schema\/logo\/image\/\",\"url\":\"https:\/\/balticarmor.com\/wp-content\/uploads\/2023\/06\/Balticarmor-logo-3.png\",\"contentUrl\":\"https:\/\/balticarmor.com\/wp-content\/uploads\/2023\/06\/Balticarmor-logo-3.png\",\"width\":1299,\"height\":1127,\"caption\":\"UAB \\\"Talino 10\\\"\"},\"image\":{\"@id\":\"https:\/\/balticarmor.com\/#\/schema\/logo\/image\/\"}}]}<\/script>\n<!-- \/ Yoast SEO plugin. -->","yoast_head_json":{"title":"Taktin\u0117 \u0161arvin\u0117 striuk\u0117 - balticarmor","description":"Taktin\u0117 \u0161arvin\u0117 striuk\u0117 NIJ III, skirta sunkiausioms oro s\u0105lygoms.","robots":{"index":"index","follow":"follow","max-snippet":"max-snippet:-1","max-image-preview":"max-image-preview:large","max-video-preview":"max-video-preview:-1"},"canonical":"https:\/\/balticarmor.com\/en\/product\/taktine-sarvine-striuke\/","og_locale":"en_US","og_type":"article","og_title":"Taktin\u0117 \u0161arvin\u0117 striuk\u0117 - balticarmor","og_description":"Taktin\u0117 \u0161arvin\u0117 striuk\u0117 NIJ III, skirta sunkiausioms oro s\u0105lygoms.","og_url":"https:\/\/balticarmor.com\/en\/product\/taktine-sarvine-striuke\/","og_site_name":"balticarmor","article_modified_time":"2023-06-27T13:44:30+00:00","og_image":[{"width":2048,"height":2048,"url":"http:\/\/balticarmor.com\/wp-content\/uploads\/2023\/04\/stellar-armor-jacket-level-iiia-673170_3750x.webp","type":"image\/webp"}],"twitter_card":"summary_large_image","twitter_misc":{"Est. reading time":"1 minute"},"schema":{"@context":"https:\/\/schema.org","@graph":[{"@type":"WebPage","@id":"https:\/\/balticarmor.com\/produktas\/taktine-sarvine-striuke\/","url":"https:\/\/balticarmor.com\/produktas\/taktine-sarvine-striuke\/","name":"Taktin\u0117 \u0161arvin\u0117 striuk\u0117 - balticarmor","isPartOf":{"@id":"https:\/\/balticarmor.com\/#website"},"primaryImageOfPage":{"@id":"https:\/\/balticarmor.com\/produktas\/taktine-sarvine-striuke\/#primaryimage"},"image":{"@id":"https:\/\/balticarmor.com\/produktas\/taktine-sarvine-striuke\/#primaryimage"},"thumbnailUrl":"https:\/\/balticarmor.com\/wp-content\/uploads\/2023\/04\/stellar-armor-jacket-level-iiia-673170_3750x.webp","datePublished":"2023-04-19T13:41:23+00:00","dateModified":"2023-06-27T13:44:30+00:00","description":"Taktin\u0117 \u0161arvin\u0117 striuk\u0117 NIJ III, skirta sunkiausioms oro s\u0105lygoms.","breadcrumb":{"@id":"https:\/\/balticarmor.com\/produktas\/taktine-sarvine-striuke\/#breadcrumb"},"inLanguage":"en-US","potentialAction":[{"@type":"ReadAction","target":["https:\/\/balticarmor.com\/produktas\/taktine-sarvine-striuke\/"]}]},{"@type":"ImageObject","inLanguage":"en-US","@id":"https:\/\/balticarmor.com\/produktas\/taktine-sarvine-striuke\/#primaryimage","url":"https:\/\/balticarmor.com\/wp-content\/uploads\/2023\/04\/stellar-armor-jacket-level-iiia-673170_3750x.webp","contentUrl":"https:\/\/balticarmor.com\/wp-content\/uploads\/2023\/04\/stellar-armor-jacket-level-iiia-673170_3750x.webp","width":2048,"height":2048},{"@type":"BreadcrumbList","@id":"https:\/\/balticarmor.com\/produktas\/taktine-sarvine-striuke\/#breadcrumb","itemListElement":[{"@type":"ListItem","position":1,"name":"Home","item":"https:\/\/balticarmor.com\/"},{"@type":"ListItem","position":2,"name":"Parduotuv\u0117","item":"https:\/\/balticarmor.com\/parduotuve\/"},{"@type":"ListItem","position":3,"name":"Taktin\u0117s striuk\u0117s","item":"https:\/\/balticarmor.com\/product-category\/taktines-striukes\/"},{"@type":"ListItem","position":4,"name":"Taktin\u0117 \u0161arvin\u0117 striuk\u0117"}]},{"@type":"WebSite","@id":"https:\/\/balticarmor.com\/#website","url":"https:\/\/balticarmor.com\/","name":"balticarmor","description":"Apsaugin\u0117s \u0161arvin\u0117s neper\u0161aunamos liemen\u0117s, skydai, kitos asmens \u0161arvuotos apsaugos priemon\u0117s","publisher":{"@id":"https:\/\/balticarmor.com\/#organization"},"potentialAction":[{"@type":"SearchAction","target":{"@type":"EntryPoint","urlTemplate":"https:\/\/balticarmor.com\/?s={search_term_string}"},"query-input":{"@type":"PropertyValueSpecification","valueRequired":true,"valueName":"search_term_string"}}],"inLanguage":"en-US"},{"@type":"Organization","@id":"https:\/\/balticarmor.com\/#organization","name":"UAB \"Talino 10\"","url":"https:\/\/balticarmor.com\/","logo":{"@type":"ImageObject","inLanguage":"en-US","@id":"https:\/\/balticarmor.com\/#\/schema\/logo\/image\/","url":"https:\/\/balticarmor.com\/wp-content\/uploads\/2023\/06\/Balticarmor-logo-3.png","contentUrl":"https:\/\/balticarmor.com\/wp-content\/uploads\/2023\/06\/Balticarmor-logo-3.png","width":1299,"height":1127,"caption":"UAB \"Talino 10\""},"image":{"@id":"https:\/\/balticarmor.com\/#\/schema\/logo\/image\/"}}]}},"uagb_featured_image_src":{"full":["https:\/\/balticarmor.com\/wp-content\/uploads\/2023\/04\/stellar-armor-jacket-level-iiia-673170_3750x.webp",2048,2048,false],"thumbnail":["https:\/\/balticarmor.com\/wp-content\/uploads\/2023\/04\/stellar-armor-jacket-level-iiia-673170_3750x-150x150.webp",150,150,true],"medium":["https:\/\/balticarmor.com\/wp-content\/uploads\/2023\/04\/stellar-armor-jacket-level-iiia-673170_3750x-300x300.webp",300,300,true],"medium_large":["https:\/\/balticarmor.com\/wp-content\/uploads\/2023\/04\/stellar-armor-jacket-level-iiia-673170_3750x-768x768.webp",768,768,true],"large":["https:\/\/balticarmor.com\/wp-content\/uploads\/2023\/04\/stellar-armor-jacket-level-iiia-673170_3750x-1024x1024.webp",1024,1024,true],"1536x1536":["https:\/\/balticarmor.com\/wp-content\/uploads\/2023\/04\/stellar-armor-jacket-level-iiia-673170_3750x-1536x1536.webp",1536,1536,true],"2048x2048":["https:\/\/balticarmor.com\/wp-content\/uploads\/2023\/04\/stellar-armor-jacket-level-iiia-673170_3750x-2048x2048.webp",2048,2048,true],"trp-custom-language-flag":["https:\/\/balticarmor.com\/wp-content\/uploads\/2023\/04\/stellar-armor-jacket-level-iiia-673170_3750x.webp",12,12,false],"woocommerce_thumbnail":["https:\/\/balticarmor.com\/wp-content\/uploads\/2023\/04\/stellar-armor-jacket-level-iiia-673170_3750x-300x300.webp",300,300,true],"woocommerce_single":["https:\/\/balticarmor.com\/wp-content\/uploads\/2023\/04\/stellar-armor-jacket-level-iiia-673170_3750x-600x600.webp",600,600,true],"woocommerce_gallery_thumbnail":["https:\/\/balticarmor.com\/wp-content\/uploads\/2023\/04\/stellar-armor-jacket-level-iiia-673170_3750x-100x100.webp",100,100,true]},"uagb_author_info":{"display_name":"Laimonas Jakas","author_link":"https:\/\/balticarmor.com\/en\/author\/"},"uagb_comment_info":0,"uagb_excerpt":"TAKTIN\u0116 STRIUK\u0116 SKIRTA SUNKIAUSIOMS ORO S\u0104LYGOMS","_links":{"self":[{"href":"https:\/\/balticarmor.com\/en\/wp-json\/wp\/v2\/product\/1661","targetHints":{"allow":["GET"]}}],"collection":[{"href":"https:\/\/balticarmor.com\/en\/wp-json\/wp\/v2\/product"}],"about":[{"href":"https:\/\/balticarmor.com\/en\/wp-json\/wp\/v2\/types\/product"}],"wp:featuredmedia":[{"embeddable":true,"href":"https:\/\/balticarmor.com\/en\/wp-json\/wp\/v2\/media\/2329"}],"wp:attachment":[{"href":"https:\/\/balticarmor.com\/en\/wp-json\/wp\/v2\/media?parent=1661"}],"wp:term":[{"taxonomy":"product_brand","embeddable":true,"href":"https:\/\/balticarmor.com\/en\/wp-json\/wp\/v2\/product_brand?post=1661"},{"taxonomy":"product_cat","embeddable":true,"href":"https:\/\/balticarmor.com\/en\/wp-json\/wp\/v2\/product_cat?post=1661"},{"taxonomy":"product_tag","embeddable":true,"href":"https:\/\/balticarmor.com\/en\/wp-json\/wp\/v2\/product_tag?post=1661"}],"curies":[{"name":"wp","href":"https:\/\/api.w.org\/{rel}","templated":true}]}}