{"id":9,"date":"2020-02-05T22:19:45","date_gmt":"2020-02-05T20:19:45","guid":{"rendered":"https:\/\/balticarmor.com\/about\/"},"modified":"2024-04-30T20:19:04","modified_gmt":"2024-04-30T18:19:04","slug":"apie","status":"publish","type":"page","link":"https:\/\/balticarmor.com\/en\/apie\/","title":{"rendered":"About us"},"content":{"rendered":"<div data-elementor-type=\"wp-page\" data-elementor-id=\"9\" class=\"elementor elementor-9\">\n\t\t\t\t\t\t<section class=\"elementor-section elementor-top-section elementor-element elementor-element-fb0497d elementor-section-height-min-height elementor-section-boxed elementor-section-height-default elementor-section-items-middle\" data-id=\"fb0497d\" data-element_type=\"section\" data-settings=\"{&quot;background_background&quot;:&quot;classic&quot;}\">\n\t\t\t\t\t\t\t<div class=\"elementor-background-overlay\"><\/div>\n\t\t\t\t\t\t\t<div class=\"elementor-container elementor-column-gap-no\">\n\t\t\t\t\t<div class=\"elementor-column elementor-col-100 elementor-top-column elementor-element elementor-element-325f11c\" data-id=\"325f11c\" data-element_type=\"column\">\n\t\t\t<div class=\"elementor-widget-wrap elementor-element-populated\">\n\t\t\t\t\t\t<div class=\"elementor-element elementor-element-25b39bd elementor-widget elementor-widget-heading\" data-id=\"25b39bd\" data-element_type=\"widget\" data-widget_type=\"heading.default\">\n\t\t\t\t<div class=\"elementor-widget-container\">\n\t\t\t\t\t<h1 class=\"elementor-heading-title elementor-size-default\">About us<\/h1>\t\t\t\t<\/div>\n\t\t\t\t<\/div>\n\t\t\t\t\t<\/div>\n\t\t<\/div>\n\t\t\t\t\t<\/div>\n\t\t<\/section>\n\t\t\t\t<section class=\"elementor-section elementor-top-section elementor-element elementor-element-6233d5b elementor-section-boxed elementor-section-height-default elementor-section-height-default\" data-id=\"6233d5b\" data-element_type=\"section\" data-settings=\"{&quot;background_background&quot;:&quot;classic&quot;}\">\n\t\t\t\t\t\t\t<div class=\"elementor-background-overlay\"><\/div>\n\t\t\t\t\t\t\t<div class=\"elementor-container elementor-column-gap-no\">\n\t\t\t\t\t<div class=\"elementor-column elementor-col-50 elementor-top-column elementor-element elementor-element-4d7ad86\" data-id=\"4d7ad86\" data-element_type=\"column\" data-settings=\"{&quot;background_background&quot;:&quot;classic&quot;}\">\n\t\t\t<div class=\"elementor-widget-wrap elementor-element-populated\">\n\t\t\t\t\t\t<div class=\"elementor-element elementor-element-dab1f71 elementor-widget elementor-widget-heading\" data-id=\"dab1f71\" data-element_type=\"widget\" data-widget_type=\"heading.default\">\n\t\t\t\t<div class=\"elementor-widget-container\">\n\t\t\t\t\t<h5 class=\"elementor-heading-title elementor-size-default\">About the Baltic Armour team<\/h5>\t\t\t\t<\/div>\n\t\t\t\t<\/div>\n\t\t\t\t<div class=\"elementor-element elementor-element-8f1bdcb elementor-widget elementor-widget-text-editor\" data-id=\"8f1bdcb\" data-element_type=\"widget\" data-widget_type=\"text-editor.default\">\n\t\t\t\t<div class=\"elementor-widget-container\">\n\t\t\t\t\t\t\t\t\t<p>The Baltic Armour team is a group of engineers and specialists from multiple countries. They work together to design and create innovative solutions and provide high-quality military products and modern equipment to the European Union.<\/p>\n<p>The company we represent, Miguel Caballero, focuses on developing specialised personal protection solutions that prioritise preserving people's lives. They utilise innovative clothing and products that can adapt to the user's specific needs in various situations that pose a threat to their physical well-being. Miguel Caballero products have undergone rigorous testing to ensure optimal performance and adherence to the highest quality standards. These tests are reflected in international certifications that validate every manufacturing process carried out by Miguel Caballero.<\/p>\t\t\t\t\t\t\t\t<\/div>\n\t\t\t\t<\/div>\n\t\t\t\t\t<\/div>\n\t\t<\/div>\n\t\t\t\t<div class=\"elementor-column elementor-col-50 elementor-top-column elementor-element elementor-element-03a6bc5\" data-id=\"03a6bc5\" data-element_type=\"column\">\n\t\t\t<div class=\"elementor-widget-wrap elementor-element-populated\">\n\t\t\t\t\t\t<div class=\"elementor-element elementor-element-02ae585 elementor-widget elementor-widget-image\" data-id=\"02ae585\" data-element_type=\"widget\" data-widget_type=\"image.default\">\n\t\t\t\t<div class=\"elementor-widget-container\">\n\t\t\t\t\t\t\t\t\t\t\t\t\t\t\t<img fetchpriority=\"high\" decoding=\"async\" width=\"1024\" height=\"1024\" src=\"https:\/\/balticarmor.com\/wp-content\/uploads\/2023\/05\/tactical-vest-drf-728049_1512x-1024x1024.webp\" class=\"attachment-large size-large wp-image-2830\" alt=\"\" srcset=\"https:\/\/balticarmor.com\/wp-content\/uploads\/2023\/05\/tactical-vest-drf-728049_1512x-1024x1024.webp 1024w, https:\/\/balticarmor.com\/wp-content\/uploads\/2023\/05\/tactical-vest-drf-728049_1512x-300x300.webp 300w, https:\/\/balticarmor.com\/wp-content\/uploads\/2023\/05\/tactical-vest-drf-728049_1512x-100x100.webp 100w, https:\/\/balticarmor.com\/wp-content\/uploads\/2023\/05\/tactical-vest-drf-728049_1512x-600x600.webp 600w, https:\/\/balticarmor.com\/wp-content\/uploads\/2023\/05\/tactical-vest-drf-728049_1512x-150x150.webp 150w, https:\/\/balticarmor.com\/wp-content\/uploads\/2023\/05\/tactical-vest-drf-728049_1512x-768x768.webp 768w, https:\/\/balticarmor.com\/wp-content\/uploads\/2023\/05\/tactical-vest-drf-728049_1512x.webp 1512w\" sizes=\"(max-width: 1024px) 100vw, 1024px\" \/>\t\t\t\t\t\t\t\t\t\t\t\t\t\t\t<\/div>\n\t\t\t\t<\/div>\n\t\t\t\t\t<\/div>\n\t\t<\/div>\n\t\t\t\t\t<\/div>\n\t\t<\/section>\n\t\t\t\t<section class=\"elementor-section elementor-top-section elementor-element elementor-element-780097a7 elementor-section-boxed elementor-section-height-default elementor-section-height-default\" data-id=\"780097a7\" data-element_type=\"section\" data-settings=\"{&quot;background_background&quot;:&quot;classic&quot;}\">\n\t\t\t\t\t\t\t<div class=\"elementor-background-overlay\"><\/div>\n\t\t\t\t\t\t\t<div class=\"elementor-container elementor-column-gap-no\">\n\t\t\t\t\t<div class=\"elementor-column elementor-col-100 elementor-top-column elementor-element elementor-element-4b54c752\" data-id=\"4b54c752\" data-element_type=\"column\">\n\t\t\t<div class=\"elementor-widget-wrap elementor-element-populated\">\n\t\t\t\t\t\t<div class=\"elementor-element elementor-element-610e3872 elementor-widget elementor-widget-testimonial\" data-id=\"610e3872\" data-element_type=\"widget\" data-widget_type=\"testimonial.default\">\n\t\t\t\t<div class=\"elementor-widget-container\">\n\t\t\t\t\t\t\t<div class=\"elementor-testimonial-wrapper\">\n\t\t\t\t\t\t\t<div class=\"elementor-testimonial-content\">\u201eMiguel Caballero\u201c kuria specializuotus novatori\u0161kus gaminius asmens apsaugai, siekdama i\u0161saugoti \u017emoni\u0173 gyvybes.<\/div>\n\t\t\t\n\t\t\t\t\t<\/div>\n\t\t\t\t\t\t<\/div>\n\t\t\t\t<\/div>\n\t\t\t\t\t<\/div>\n\t\t<\/div>\n\t\t\t\t\t<\/div>\n\t\t<\/section>\n\t\t\t\t<\/div>","protected":false},"excerpt":{"rendered":"<p>Apie mus Apie Baltic Armor komand\u0105 \u201eBaltic Armor\u201c \u2013 tai \u012fvairi\u0173 \u0161ali\u0173 in\u017einieri\u0173 ir specialist\u0173 komanda, kuri suk\u016br\u0117 ir kuria inovatyvius sprendimus bei ES tiekia auk\u0161\u010diausios klas\u0117s karinius produktus, kit\u0105 moderni\u0105 \u012frang\u0105. M\u016bs\u0173 atstovaujama \u012fmon\u0117 \u201eMiguel Caballero\u201c kuria specializuotus asmens apsaugos sprendimus, siekdama i\u0161saugoti \u017emoni\u0173 gyvyb\u0119, naudodama novatori\u0161kus drabu\u017eius ir gaminius, kurie prisitaiko prie vartotojo &hellip;<\/p>\n<p class=\"read-more\"> <a class=\"\" href=\"https:\/\/balticarmor.com\/en\/apie\/\"> <span class=\"screen-reader-text\">About us<\/span> Read More &raquo;<\/a><\/p>","protected":false},"author":2,"featured_media":0,"parent":0,"menu_order":0,"comment_status":"closed","ping_status":"closed","template":"","meta":{"_uag_custom_page_level_css":"","site-sidebar-layout":"no-sidebar","site-content-layout":"page-builder","ast-global-header-display":"","ast-banner-title-visibility":"","ast-main-header-display":"","ast-hfb-above-header-display":"","ast-hfb-below-header-display":"","ast-hfb-mobile-header-display":"","site-post-title":"disabled","ast-breadcrumbs-content":"disabled","ast-featured-img":"disabled","footer-sml-layout":"","theme-transparent-header-meta":"enabled","adv-header-id-meta":"","stick-header-meta":"","header-above-stick-meta":"","header-main-stick-meta":"","header-below-stick-meta":"","footnotes":""},"class_list":["post-9","page","type-page","status-publish","hentry"],"yoast_head":"<!-- This site is optimized with the Yoast SEO plugin v24.3 - https:\/\/yoast.com\/wordpress\/plugins\/seo\/ -->\n<title>Apie mus - balticarmor<\/title>\n<meta name=\"description\" content=\"Si\u016blome \u012fsigyti apsaugines \u0161arvines neper\u0161aunamas liemenes, skydus, kitas \u0161arvuotas asmens apsaugos priemones skirtas j\u0117gos strukt\u016broms. \u012evairi\u0173 \u0161ali\u0173 in\u017einieri\u0173 ir specialist\u0173 komanda, kuri kuria inovatyvius sprendimus bei ES tiekia auk\u0161\u010diausios klas\u0117s karinius produktus, kit\u0105 moderni\u0105 \u012frang\u0105. M\u016bs\u0173 atstovaujama \u012fmon\u0117 \u201eMiguel Caballero\u201c kuria specializuotus asmens apsaugos sprendimus, karin\u0119 \u0161arvuot\u0105 neper\u0161aunam\u0105 aprang\u0105, asmens apsaugos priemones.\" \/>\n<meta name=\"robots\" content=\"index, follow, max-snippet:-1, max-image-preview:large, max-video-preview:-1\" \/>\n<link rel=\"canonical\" href=\"https:\/\/balticarmor.com\/en\/apie\/\" \/>\n<meta property=\"og:locale\" content=\"en_US\" \/>\n<meta property=\"og:type\" content=\"article\" \/>\n<meta property=\"og:title\" content=\"Apie mus - balticarmor\" \/>\n<meta property=\"og:description\" content=\"Si\u016blome \u012fsigyti apsaugines \u0161arvines neper\u0161aunamas liemenes, skydus, kitas \u0161arvuotas asmens apsaugos priemones skirtas j\u0117gos strukt\u016broms. \u012evairi\u0173 \u0161ali\u0173 in\u017einieri\u0173 ir specialist\u0173 komanda, kuri kuria inovatyvius sprendimus bei ES tiekia auk\u0161\u010diausios klas\u0117s karinius produktus, kit\u0105 moderni\u0105 \u012frang\u0105. M\u016bs\u0173 atstovaujama \u012fmon\u0117 \u201eMiguel Caballero\u201c kuria specializuotus asmens apsaugos sprendimus, karin\u0119 \u0161arvuot\u0105 neper\u0161aunam\u0105 aprang\u0105, asmens apsaugos priemones.\" \/>\n<meta property=\"og:url\" content=\"https:\/\/balticarmor.com\/en\/apie\/\" \/>\n<meta property=\"og:site_name\" content=\"balticarmor\" \/>\n<meta property=\"article:modified_time\" content=\"2024-04-30T18:19:04+00:00\" \/>\n<meta property=\"og:image\" content=\"http:\/\/balticarmor.com\/wp-content\/uploads\/2023\/05\/tactical-vest-drf-728049_1512x-1024x1024.webp\" \/>\n<meta name=\"twitter:card\" content=\"summary_large_image\" \/>\n<meta name=\"twitter:label1\" content=\"Est. reading time\" \/>\n\t<meta name=\"twitter:data1\" content=\"1 minute\" \/>\n<script type=\"application\/ld+json\" class=\"yoast-schema-graph\">{\"@context\":\"https:\/\/schema.org\",\"@graph\":[{\"@type\":\"WebPage\",\"@id\":\"https:\/\/balticarmor.com\/apie\/\",\"url\":\"https:\/\/balticarmor.com\/apie\/\",\"name\":\"Apie mus - balticarmor\",\"isPartOf\":{\"@id\":\"https:\/\/balticarmor.com\/#website\"},\"primaryImageOfPage\":{\"@id\":\"https:\/\/balticarmor.com\/apie\/#primaryimage\"},\"image\":{\"@id\":\"https:\/\/balticarmor.com\/apie\/#primaryimage\"},\"thumbnailUrl\":\"http:\/\/balticarmor.com\/wp-content\/uploads\/2023\/05\/tactical-vest-drf-728049_1512x-1024x1024.webp\",\"datePublished\":\"2020-02-05T20:19:45+00:00\",\"dateModified\":\"2024-04-30T18:19:04+00:00\",\"description\":\"Si\u016blome \u012fsigyti apsaugines \u0161arvines neper\u0161aunamas liemenes, skydus, kitas \u0161arvuotas asmens apsaugos priemones skirtas j\u0117gos strukt\u016broms. \u012evairi\u0173 \u0161ali\u0173 in\u017einieri\u0173 ir specialist\u0173 komanda, kuri kuria inovatyvius sprendimus bei ES tiekia auk\u0161\u010diausios klas\u0117s karinius produktus, kit\u0105 moderni\u0105 \u012frang\u0105. M\u016bs\u0173 atstovaujama \u012fmon\u0117 \u201eMiguel Caballero\u201c kuria specializuotus asmens apsaugos sprendimus, karin\u0119 \u0161arvuot\u0105 neper\u0161aunam\u0105 aprang\u0105, asmens apsaugos priemones.\",\"breadcrumb\":{\"@id\":\"https:\/\/balticarmor.com\/apie\/#breadcrumb\"},\"inLanguage\":\"en-US\",\"potentialAction\":[{\"@type\":\"ReadAction\",\"target\":[\"https:\/\/balticarmor.com\/apie\/\"]}]},{\"@type\":\"ImageObject\",\"inLanguage\":\"en-US\",\"@id\":\"https:\/\/balticarmor.com\/apie\/#primaryimage\",\"url\":\"http:\/\/balticarmor.com\/wp-content\/uploads\/2023\/05\/tactical-vest-drf-728049_1512x-1024x1024.webp\",\"contentUrl\":\"http:\/\/balticarmor.com\/wp-content\/uploads\/2023\/05\/tactical-vest-drf-728049_1512x-1024x1024.webp\"},{\"@type\":\"BreadcrumbList\",\"@id\":\"https:\/\/balticarmor.com\/apie\/#breadcrumb\",\"itemListElement\":[{\"@type\":\"ListItem\",\"position\":1,\"name\":\"Home\",\"item\":\"https:\/\/balticarmor.com\/\"},{\"@type\":\"ListItem\",\"position\":2,\"name\":\"Apie mus\"}]},{\"@type\":\"WebSite\",\"@id\":\"https:\/\/balticarmor.com\/#website\",\"url\":\"https:\/\/balticarmor.com\/\",\"name\":\"balticarmor\",\"description\":\"Apsaugin\u0117s \u0161arvin\u0117s neper\u0161aunamos liemen\u0117s, skydai, kitos asmens \u0161arvuotos apsaugos priemon\u0117s\",\"publisher\":{\"@id\":\"https:\/\/balticarmor.com\/#organization\"},\"potentialAction\":[{\"@type\":\"SearchAction\",\"target\":{\"@type\":\"EntryPoint\",\"urlTemplate\":\"https:\/\/balticarmor.com\/?s={search_term_string}\"},\"query-input\":{\"@type\":\"PropertyValueSpecification\",\"valueRequired\":true,\"valueName\":\"search_term_string\"}}],\"inLanguage\":\"en-US\"},{\"@type\":\"Organization\",\"@id\":\"https:\/\/balticarmor.com\/#organization\",\"name\":\"UAB \\\"Talino 10\\\"\",\"url\":\"https:\/\/balticarmor.com\/\",\"logo\":{\"@type\":\"ImageObject\",\"inLanguage\":\"en-US\",\"@id\":\"https:\/\/balticarmor.com\/#\/schema\/logo\/image\/\",\"url\":\"https:\/\/balticarmor.com\/wp-content\/uploads\/2023\/06\/Balticarmor-logo-3.png\",\"contentUrl\":\"https:\/\/balticarmor.com\/wp-content\/uploads\/2023\/06\/Balticarmor-logo-3.png\",\"width\":1299,\"height\":1127,\"caption\":\"UAB \\\"Talino 10\\\"\"},\"image\":{\"@id\":\"https:\/\/balticarmor.com\/#\/schema\/logo\/image\/\"}}]}<\/script>\n<!-- \/ Yoast SEO plugin. -->","yoast_head_json":{"title":"Apie mus - balticarmor","description":"Si\u016blome \u012fsigyti apsaugines \u0161arvines neper\u0161aunamas liemenes, skydus, kitas \u0161arvuotas asmens apsaugos priemones skirtas j\u0117gos strukt\u016broms. \u012evairi\u0173 \u0161ali\u0173 in\u017einieri\u0173 ir specialist\u0173 komanda, kuri kuria inovatyvius sprendimus bei ES tiekia auk\u0161\u010diausios klas\u0117s karinius produktus, kit\u0105 moderni\u0105 \u012frang\u0105. M\u016bs\u0173 atstovaujama \u012fmon\u0117 \u201eMiguel Caballero\u201c kuria specializuotus asmens apsaugos sprendimus, karin\u0119 \u0161arvuot\u0105 neper\u0161aunam\u0105 aprang\u0105, asmens apsaugos priemones.","robots":{"index":"index","follow":"follow","max-snippet":"max-snippet:-1","max-image-preview":"max-image-preview:large","max-video-preview":"max-video-preview:-1"},"canonical":"https:\/\/balticarmor.com\/en\/apie\/","og_locale":"en_US","og_type":"article","og_title":"Apie mus - balticarmor","og_description":"Si\u016blome \u012fsigyti apsaugines \u0161arvines neper\u0161aunamas liemenes, skydus, kitas \u0161arvuotas asmens apsaugos priemones skirtas j\u0117gos strukt\u016broms. \u012evairi\u0173 \u0161ali\u0173 in\u017einieri\u0173 ir specialist\u0173 komanda, kuri kuria inovatyvius sprendimus bei ES tiekia auk\u0161\u010diausios klas\u0117s karinius produktus, kit\u0105 moderni\u0105 \u012frang\u0105. M\u016bs\u0173 atstovaujama \u012fmon\u0117 \u201eMiguel Caballero\u201c kuria specializuotus asmens apsaugos sprendimus, karin\u0119 \u0161arvuot\u0105 neper\u0161aunam\u0105 aprang\u0105, asmens apsaugos priemones.","og_url":"https:\/\/balticarmor.com\/en\/apie\/","og_site_name":"balticarmor","article_modified_time":"2024-04-30T18:19:04+00:00","og_image":[{"url":"http:\/\/balticarmor.com\/wp-content\/uploads\/2023\/05\/tactical-vest-drf-728049_1512x-1024x1024.webp","type":"","width":"","height":""}],"twitter_card":"summary_large_image","twitter_misc":{"Est. reading time":"1 minute"},"schema":{"@context":"https:\/\/schema.org","@graph":[{"@type":"WebPage","@id":"https:\/\/balticarmor.com\/apie\/","url":"https:\/\/balticarmor.com\/apie\/","name":"Apie mus - balticarmor","isPartOf":{"@id":"https:\/\/balticarmor.com\/#website"},"primaryImageOfPage":{"@id":"https:\/\/balticarmor.com\/apie\/#primaryimage"},"image":{"@id":"https:\/\/balticarmor.com\/apie\/#primaryimage"},"thumbnailUrl":"http:\/\/balticarmor.com\/wp-content\/uploads\/2023\/05\/tactical-vest-drf-728049_1512x-1024x1024.webp","datePublished":"2020-02-05T20:19:45+00:00","dateModified":"2024-04-30T18:19:04+00:00","description":"Si\u016blome \u012fsigyti apsaugines \u0161arvines neper\u0161aunamas liemenes, skydus, kitas \u0161arvuotas asmens apsaugos priemones skirtas j\u0117gos strukt\u016broms. \u012evairi\u0173 \u0161ali\u0173 in\u017einieri\u0173 ir specialist\u0173 komanda, kuri kuria inovatyvius sprendimus bei ES tiekia auk\u0161\u010diausios klas\u0117s karinius produktus, kit\u0105 moderni\u0105 \u012frang\u0105. M\u016bs\u0173 atstovaujama \u012fmon\u0117 \u201eMiguel Caballero\u201c kuria specializuotus asmens apsaugos sprendimus, karin\u0119 \u0161arvuot\u0105 neper\u0161aunam\u0105 aprang\u0105, asmens apsaugos priemones.","breadcrumb":{"@id":"https:\/\/balticarmor.com\/apie\/#breadcrumb"},"inLanguage":"en-US","potentialAction":[{"@type":"ReadAction","target":["https:\/\/balticarmor.com\/apie\/"]}]},{"@type":"ImageObject","inLanguage":"en-US","@id":"https:\/\/balticarmor.com\/apie\/#primaryimage","url":"http:\/\/balticarmor.com\/wp-content\/uploads\/2023\/05\/tactical-vest-drf-728049_1512x-1024x1024.webp","contentUrl":"http:\/\/balticarmor.com\/wp-content\/uploads\/2023\/05\/tactical-vest-drf-728049_1512x-1024x1024.webp"},{"@type":"BreadcrumbList","@id":"https:\/\/balticarmor.com\/apie\/#breadcrumb","itemListElement":[{"@type":"ListItem","position":1,"name":"Home","item":"https:\/\/balticarmor.com\/"},{"@type":"ListItem","position":2,"name":"Apie mus"}]},{"@type":"WebSite","@id":"https:\/\/balticarmor.com\/#website","url":"https:\/\/balticarmor.com\/","name":"balticarmor","description":"Apsaugin\u0117s \u0161arvin\u0117s neper\u0161aunamos liemen\u0117s, skydai, kitos asmens \u0161arvuotos apsaugos priemon\u0117s","publisher":{"@id":"https:\/\/balticarmor.com\/#organization"},"potentialAction":[{"@type":"SearchAction","target":{"@type":"EntryPoint","urlTemplate":"https:\/\/balticarmor.com\/?s={search_term_string}"},"query-input":{"@type":"PropertyValueSpecification","valueRequired":true,"valueName":"search_term_string"}}],"inLanguage":"en-US"},{"@type":"Organization","@id":"https:\/\/balticarmor.com\/#organization","name":"UAB \"Talino 10\"","url":"https:\/\/balticarmor.com\/","logo":{"@type":"ImageObject","inLanguage":"en-US","@id":"https:\/\/balticarmor.com\/#\/schema\/logo\/image\/","url":"https:\/\/balticarmor.com\/wp-content\/uploads\/2023\/06\/Balticarmor-logo-3.png","contentUrl":"https:\/\/balticarmor.com\/wp-content\/uploads\/2023\/06\/Balticarmor-logo-3.png","width":1299,"height":1127,"caption":"UAB \"Talino 10\""},"image":{"@id":"https:\/\/balticarmor.com\/#\/schema\/logo\/image\/"}}]}},"uagb_featured_image_src":{"full":false,"thumbnail":false,"medium":false,"medium_large":false,"large":false,"1536x1536":false,"2048x2048":false,"trp-custom-language-flag":false,"woocommerce_thumbnail":false,"woocommerce_single":false,"woocommerce_gallery_thumbnail":false},"uagb_author_info":{"display_name":"Laimonas Jakas","author_link":"https:\/\/balticarmor.com\/en\/author\/svokpardavimaigmail-com\/"},"uagb_comment_info":0,"uagb_excerpt":"Apie mus Apie Baltic Armor komand\u0105 \u201eBaltic Armor\u201c \u2013 tai \u012fvairi\u0173 \u0161ali\u0173 in\u017einieri\u0173 ir specialist\u0173 komanda, kuri suk\u016br\u0117 ir kuria inovatyvius sprendimus bei ES tiekia auk\u0161\u010diausios klas\u0117s karinius produktus, kit\u0105 moderni\u0105 \u012frang\u0105. M\u016bs\u0173 atstovaujama \u012fmon\u0117 \u201eMiguel Caballero\u201c kuria specializuotus asmens apsaugos sprendimus, siekdama i\u0161saugoti \u017emoni\u0173 gyvyb\u0119, naudodama novatori\u0161kus drabu\u017eius ir gaminius, kurie prisitaiko prie vartotojo&hellip;","_links":{"self":[{"href":"https:\/\/balticarmor.com\/en\/wp-json\/wp\/v2\/pages\/9","targetHints":{"allow":["GET"]}}],"collection":[{"href":"https:\/\/balticarmor.com\/en\/wp-json\/wp\/v2\/pages"}],"about":[{"href":"https:\/\/balticarmor.com\/en\/wp-json\/wp\/v2\/types\/page"}],"author":[{"embeddable":true,"href":"https:\/\/balticarmor.com\/en\/wp-json\/wp\/v2\/users\/2"}],"replies":[{"embeddable":true,"href":"https:\/\/balticarmor.com\/en\/wp-json\/wp\/v2\/comments?post=9"}],"version-history":[{"count":6,"href":"https:\/\/balticarmor.com\/en\/wp-json\/wp\/v2\/pages\/9\/revisions"}],"predecessor-version":[{"id":5242,"href":"https:\/\/balticarmor.com\/en\/wp-json\/wp\/v2\/pages\/9\/revisions\/5242"}],"wp:attachment":[{"href":"https:\/\/balticarmor.com\/en\/wp-json\/wp\/v2\/media?parent=9"}],"curies":[{"name":"wp","href":"https:\/\/api.w.org\/{rel}","templated":true}]}}