{"id":554,"date":"2020-09-10T06:03:46","date_gmt":"2020-09-10T04:03:46","guid":{"rendered":"https:\/\/balticarmor.com\/cart\/"},"modified":"2023-07-14T14:15:50","modified_gmt":"2023-07-14T12:15:50","slug":"krepselis","status":"publish","type":"page","link":"https:\/\/balticarmor.com\/en\/krepselis\/","title":{"rendered":"Cart"},"content":{"rendered":"<p style=\"border: 2px solid #62A4CF; border-radius: 5px; padding: 15px; margin: 10px 0px 40px 0px\">BILLING AND SHIPPING INFORMATION: Items may be manufactured and may take up to 210 days from order date to ship. Shipping cost will be added after order confirmation.<\/p><div data-block-name=\"woocommerce\/cart\" class=\"wp-block-woocommerce-cart alignwide is-loading\"><div data-block-name=\"woocommerce\/filled-cart-block\" class=\"wp-block-woocommerce-filled-cart-block\"><div data-block-name=\"woocommerce\/cart-items-block\" class=\"wp-block-woocommerce-cart-items-block\"><div data-block-name=\"woocommerce\/cart-line-items-block\" class=\"wp-block-woocommerce-cart-line-items-block\"><\/div>\n\n<div data-block-name=\"woocommerce\/cart-cross-sells-block\" class=\"wp-block-woocommerce-cart-cross-sells-block\"><h2 class=\"has-large-font-size wp-block-heading\">You may be interested in\u2026<\/h2>\n\n<div data-block-name=\"woocommerce\/cart-cross-sells-products-block\" class=\"wp-block-woocommerce-cart-cross-sells-products-block\"><\/div><\/div><\/div>\n\n<div data-block-name=\"woocommerce\/cart-totals-block\" class=\"wp-block-woocommerce-cart-totals-block\"><div data-block-name=\"woocommerce\/cart-order-summary-block\" class=\"wp-block-woocommerce-cart-order-summary-block\"><div data-block-name=\"woocommerce\/cart-order-summary-heading-block\" data-content=\"Krep\u0161elio skai\u010diavimas\" class=\"wp-block-woocommerce-cart-order-summary-heading-block\"><\/div><div data-block-name=\"woocommerce\/cart-order-summary-coupon-form-block\" class=\"wp-block-woocommerce-cart-order-summary-coupon-form-block\"><\/div><div data-block-name=\"woocommerce\/cart-order-summary-totals-block\" class=\"wp-block-woocommerce-cart-order-summary-totals-block\">\n<div data-block-name=\"woocommerce\/cart-order-summary-subtotal-block\" class=\"wp-block-woocommerce-cart-order-summary-subtotal-block\"><\/div>\n<div data-block-name=\"woocommerce\/cart-order-summary-discount-block\" class=\"wp-block-woocommerce-cart-order-summary-discount-block\"><\/div>\n<div data-block-name=\"woocommerce\/cart-order-summary-fee-block\" class=\"wp-block-woocommerce-cart-order-summary-fee-block\"><\/div>\n<div data-block-name=\"woocommerce\/cart-order-summary-shipping-block\" class=\"wp-block-woocommerce-cart-order-summary-shipping-block\"><\/div>\n<div data-block-name=\"woocommerce\/cart-order-summary-taxes-block\" class=\"wp-block-woocommerce-cart-order-summary-taxes-block\"><\/div><\/div><\/div>\n\n<div data-block-name=\"woocommerce\/cart-express-payment-block\" class=\"wp-block-woocommerce-cart-express-payment-block\"><\/div>\n\n<div data-block-name=\"woocommerce\/proceed-to-checkout-block\" class=\"wp-block-woocommerce-proceed-to-checkout-block\"><\/div>\n\n<div data-block-name=\"woocommerce\/cart-accepted-payment-methods-block\" class=\"wp-block-woocommerce-cart-accepted-payment-methods-block\"><\/div><\/div><\/div>\n\n<div data-block-name=\"woocommerce\/empty-cart-block\" class=\"wp-block-woocommerce-empty-cart-block\"><h2 class=\"has-text-align-center with-empty-cart-icon wc-block-cart__empty-cart__title wp-block-heading\">J\u016bs\u0173 krep\u0161elis kol kas tu\u0161\u010dias.<\/h2>\n\n<p class=\"has-text-align-center\"><a href=\"https:\/\/balticarmor.com\/en\/parduotuve\/\">Browse store<\/a><\/p>\n\n<hr class=\"wp-block-separator has-alpha-channel-opacity is-style-dots\"\/>\n\n<h2 class=\"has-text-align-center wp-block-heading\">New in store<\/h2>\n\n<div data-block-name=\"woocommerce\/product-new\" data-rows=\"1\" class=\"wc-block-grid wp-block-product-new wp-block-woocommerce-product-new wc-block-product-new has-3-columns\"><ul class=\"wc-block-grid__products\"><li class=\"wc-block-grid__product\">\n\t\t\t\t<a href=\"https:\/\/balticarmor.com\/en\/product\/kaklo-gerkles-juosmens-ir-dubens-minkstos-sarvines-balistines-apsaugos\/\" class=\"wc-block-grid__product-link\">\n\t\t\t\t\t\n\t\t\t\t\t<div class=\"wc-block-grid__product-image\"><img fetchpriority=\"high\" decoding=\"async\" width=\"300\" height=\"300\" src=\"https:\/\/balticarmor.com\/wp-content\/uploads\/2023\/07\/Military-Grader-Shoulder-3-756-300x300.webp\" class=\"attachment-woocommerce_thumbnail size-woocommerce_thumbnail\" alt=\"Pe\u010di\u0173, kaklo, gerkl\u0117s, juosmens ir dubens mink\u0161tos \u0161arvin\u0117s balistin\u0117s apsaugos\" srcset=\"https:\/\/balticarmor.com\/wp-content\/uploads\/2023\/07\/Military-Grader-Shoulder-3-756-300x300.webp 300w, https:\/\/balticarmor.com\/wp-content\/uploads\/2023\/07\/Military-Grader-Shoulder-3-756-150x150.webp 150w, https:\/\/balticarmor.com\/wp-content\/uploads\/2023\/07\/Military-Grader-Shoulder-3-756-12x12.webp 12w, https:\/\/balticarmor.com\/wp-content\/uploads\/2023\/07\/Military-Grader-Shoulder-3-756-600x600.webp 600w, https:\/\/balticarmor.com\/wp-content\/uploads\/2023\/07\/Military-Grader-Shoulder-3-756-100x100.webp 100w, https:\/\/balticarmor.com\/wp-content\/uploads\/2023\/07\/Military-Grader-Shoulder-3-756.webp 756w\" sizes=\"(max-width: 300px) 100vw, 300px\" \/><\/div>\n\t\t\t\t\t<div class=\"wc-block-grid__product-title\">Shoulder, Neck, Throat, Lumbar and Pelvic soft armor ballistic protections<\/div>\n\t\t\t\t<\/a>\n\t\t\t\t<div class=\"wc-block-grid__product-price price\" data-no-translation=\"\" data-trp-gettext=\"\"><span class=\"woocommerce-Price-amount amount\">138.00&nbsp;<span class=\"woocommerce-Price-currencySymbol\">&euro;<\/span><\/span> &ndash; <span class=\"woocommerce-Price-amount amount\">315.00&nbsp;<span class=\"woocommerce-Price-currencySymbol\">&euro;<\/span><\/span><\/div>\n\t\t\t\t\n\t\t\t\t<div class=\"wp-block-button wc-block-grid__product-add-to-cart\"><a href=\"https:\/\/balticarmor.com\/en\/product\/kaklo-gerkles-juosmens-ir-dubens-minkstos-sarvines-balistines-apsaugos\/\" aria-label=\"Select options for \u201cPe\u010di\u0173, kaklo, gerkl\u0117s, juosmens ir dubens mink\u0161tos \u0161arvin\u0117s balistin\u0117s apsaugos\u201d\" data-quantity=\"1\" data-product_id=\"4515\" data-product_sku=\"\" data-price=\"138\" rel=\"nofollow\" class=\"wp-block-button__link  add_to_cart_button\" data-no-translation=\"\" data-trp-gettext=\"\" data-no-translation-aria-label=\"\">Select options<\/a><\/div>\n\t\t\t<\/li><li class=\"wc-block-grid__product\">\n\t\t\t\t<a href=\"https:\/\/balticarmor.com\/en\/product\/balistine-liemene-pluduriuojanti-vandenyje-iiia\/\" class=\"wc-block-grid__product-link\">\n\t\t\t\t\t\n\t\t\t\t\t<div class=\"wc-block-grid__product-image\"><img decoding=\"async\" width=\"300\" height=\"300\" src=\"https:\/\/balticarmor.com\/wp-content\/uploads\/2023\/07\/Military-Iron-Shark-2-756-300x300.webp\" class=\"attachment-woocommerce_thumbnail size-woocommerce_thumbnail\" alt=\"Balistin\u0117 liemen\u0117 pl\u016bduriuojanti vandenyje IIIA\" srcset=\"https:\/\/balticarmor.com\/wp-content\/uploads\/2023\/07\/Military-Iron-Shark-2-756-300x300.webp 300w, https:\/\/balticarmor.com\/wp-content\/uploads\/2023\/07\/Military-Iron-Shark-2-756-150x150.webp 150w, https:\/\/balticarmor.com\/wp-content\/uploads\/2023\/07\/Military-Iron-Shark-2-756-12x12.webp 12w, https:\/\/balticarmor.com\/wp-content\/uploads\/2023\/07\/Military-Iron-Shark-2-756-600x600.webp 600w, https:\/\/balticarmor.com\/wp-content\/uploads\/2023\/07\/Military-Iron-Shark-2-756-100x100.webp 100w, https:\/\/balticarmor.com\/wp-content\/uploads\/2023\/07\/Military-Iron-Shark-2-756.webp 756w\" sizes=\"(max-width: 300px) 100vw, 300px\" \/><\/div>\n\t\t\t\t\t<div class=\"wc-block-grid__product-title\">Floating Ballistic Vest IIIA<\/div>\n\t\t\t\t<\/a>\n\t\t\t\t<div class=\"wc-block-grid__product-price price\"><span class=\"woocommerce-Price-amount amount\">1049.00&nbsp;<span class=\"woocommerce-Price-currencySymbol\">&euro;<\/span><\/span><\/div>\n\t\t\t\t\n\t\t\t\t<div class=\"wp-block-button wc-block-grid__product-add-to-cart\"><a href=\"https:\/\/balticarmor.com\/en\/product\/balistine-liemene-pluduriuojanti-vandenyje-iiia\/\" aria-label=\"Select options for \u201cBalistin\u0117 liemen\u0117 pl\u016bduriuojanti vandenyje IIIA\u201d\" data-quantity=\"1\" data-product_id=\"4479\" data-product_sku=\"\" data-price=\"1049\" rel=\"nofollow\" class=\"wp-block-button__link  add_to_cart_button\" data-no-translation=\"\" data-trp-gettext=\"\" data-no-translation-aria-label=\"\">Select options<\/a><\/div>\n\t\t\t<\/li><li class=\"wc-block-grid__product\">\n\t\t\t\t<a href=\"https:\/\/balticarmor.com\/en\/product\/nugaros-atramos-sistema-plus\/\" class=\"wc-block-grid__product-link\">\n\t\t\t\t\t\n\t\t\t\t\t<div class=\"wc-block-grid__product-image\"><img decoding=\"async\" width=\"300\" height=\"300\" src=\"https:\/\/balticarmor.com\/wp-content\/uploads\/2023\/07\/Military-Support-Plus-756-300x300.webp\" class=\"attachment-woocommerce_thumbnail size-woocommerce_thumbnail\" alt=\"Nugaros atramos sistema PLUS\" srcset=\"https:\/\/balticarmor.com\/wp-content\/uploads\/2023\/07\/Military-Support-Plus-756-300x300.webp 300w, https:\/\/balticarmor.com\/wp-content\/uploads\/2023\/07\/Military-Support-Plus-756-150x150.webp 150w, https:\/\/balticarmor.com\/wp-content\/uploads\/2023\/07\/Military-Support-Plus-756-12x12.webp 12w, https:\/\/balticarmor.com\/wp-content\/uploads\/2023\/07\/Military-Support-Plus-756-600x598.webp 600w, https:\/\/balticarmor.com\/wp-content\/uploads\/2023\/07\/Military-Support-Plus-756-100x100.webp 100w, https:\/\/balticarmor.com\/wp-content\/uploads\/2023\/07\/Military-Support-Plus-756.webp 759w\" sizes=\"(max-width: 300px) 100vw, 300px\" \/><\/div>\n\t\t\t\t\t<div class=\"wc-block-grid__product-title\">PLUS Back Support System<\/div>\n\t\t\t\t<\/a>\n\t\t\t\t<div class=\"wc-block-grid__product-price price\"><span class=\"woocommerce-Price-amount amount\">338.00&nbsp;<span class=\"woocommerce-Price-currencySymbol\">&euro;<\/span><\/span><\/div>\n\t\t\t\t\n\t\t\t\t<div class=\"wp-block-button wc-block-grid__product-add-to-cart\"><a href=\"?add-to-cart=4466\" aria-label=\"Add to cart: \u201cNugaros atramos sistema PLUS\u201d\" data-quantity=\"1\" data-product_id=\"4466\" data-product_sku=\"\" data-price=\"338\" rel=\"nofollow\" class=\"wp-block-button__link  add_to_cart_button ajax_add_to_cart\" data-no-translation=\"\" data-trp-gettext=\"\" data-no-translation-aria-label=\"\">Add to cart<\/a><\/div>\n\t\t\t<\/li><\/ul><\/div><\/div><\/div>","protected":false},"excerpt":{"rendered":"<p>BILLING AND SHIPPING INFORMATION: Items may be manufactured and may take up to 210 days from order date to ship. Shipping cost will be added after order confirmation.<\/p>","protected":false},"author":2,"featured_media":0,"parent":0,"menu_order":0,"comment_status":"closed","ping_status":"closed","template":"","meta":{"_uag_custom_page_level_css":"","site-sidebar-layout":"default","site-content-layout":"content-boxed-container","ast-global-header-display":"","ast-banner-title-visibility":"","ast-main-header-display":"","ast-hfb-above-header-display":"","ast-hfb-below-header-display":"","ast-hfb-mobile-header-display":"","site-post-title":"","ast-breadcrumbs-content":"","ast-featured-img":"","footer-sml-layout":"","theme-transparent-header-meta":"","adv-header-id-meta":"","stick-header-meta":"","header-above-stick-meta":"","header-main-stick-meta":"","header-below-stick-meta":"","footnotes":""},"class_list":["post-554","page","type-page","status-publish","hentry"],"yoast_head":"<!-- This site is optimized with the Yoast SEO plugin v24.3 - https:\/\/yoast.com\/wordpress\/plugins\/seo\/ -->\n<title>Krep\u0161elis - balticarmor<\/title>\n<meta name=\"description\" content=\"Si\u016blome \u012fsigyti puikios kokyb\u0117s apsaugines \u0161arvines neper\u0161aunamas liemenes, skydus, kovos su riau\u0161\u0117mis kostiumus, kitas \u0161arvuotas asmens apsaugos priemones. \u012evairi\u0173 \u0161ali\u0173 in\u017einieri\u0173 ir specialist\u0173 komanda, kuri kuria inovatyvius sprendimus bei ES tiekia auk\u0161\u010diausios klas\u0117s karinius produktus, kit\u0105 moderni\u0105 \u012frang\u0105.\" \/>\n<meta name=\"robots\" content=\"index, follow, max-snippet:-1, max-image-preview:large, max-video-preview:-1\" \/>\n<link rel=\"canonical\" href=\"https:\/\/balticarmor.com\/en\/krepselis\/\" \/>\n<meta property=\"og:locale\" content=\"en_US\" \/>\n<meta property=\"og:type\" content=\"article\" \/>\n<meta property=\"og:title\" content=\"Krep\u0161elis - balticarmor\" \/>\n<meta property=\"og:description\" content=\"Si\u016blome \u012fsigyti puikios kokyb\u0117s apsaugines \u0161arvines neper\u0161aunamas liemenes, skydus, kovos su riau\u0161\u0117mis kostiumus, kitas \u0161arvuotas asmens apsaugos priemones. \u012evairi\u0173 \u0161ali\u0173 in\u017einieri\u0173 ir specialist\u0173 komanda, kuri kuria inovatyvius sprendimus bei ES tiekia auk\u0161\u010diausios klas\u0117s karinius produktus, kit\u0105 moderni\u0105 \u012frang\u0105.\" \/>\n<meta property=\"og:url\" content=\"https:\/\/balticarmor.com\/en\/krepselis\/\" \/>\n<meta property=\"og:site_name\" content=\"balticarmor\" \/>\n<meta property=\"article:modified_time\" content=\"2023-07-14T12:15:50+00:00\" \/>\n<meta property=\"og:image\" content=\"https:\/\/balticarmor.com\/wp-content\/uploads\/2023\/06\/Balticarmor-website.jpg\" \/>\n\t<meta property=\"og:image:width\" content=\"1200\" \/>\n\t<meta property=\"og:image:height\" content=\"837\" \/>\n\t<meta property=\"og:image:type\" content=\"image\/jpeg\" \/>\n<meta name=\"twitter:card\" content=\"summary_large_image\" \/>\n<meta name=\"twitter:label1\" content=\"Est. reading time\" \/>\n\t<meta name=\"twitter:data1\" content=\"1 minute\" \/>\n<script type=\"application\/ld+json\" class=\"yoast-schema-graph\">{\"@context\":\"https:\/\/schema.org\",\"@graph\":[{\"@type\":\"WebPage\",\"@id\":\"https:\/\/balticarmor.com\/krepselis\/\",\"url\":\"https:\/\/balticarmor.com\/krepselis\/\",\"name\":\"Krep\u0161elis - balticarmor\",\"isPartOf\":{\"@id\":\"https:\/\/balticarmor.com\/#website\"},\"datePublished\":\"2020-09-10T04:03:46+00:00\",\"dateModified\":\"2023-07-14T12:15:50+00:00\",\"description\":\"Si\u016blome \u012fsigyti puikios kokyb\u0117s apsaugines \u0161arvines neper\u0161aunamas liemenes, skydus, kovos su riau\u0161\u0117mis kostiumus, kitas \u0161arvuotas asmens apsaugos priemones. \u012evairi\u0173 \u0161ali\u0173 in\u017einieri\u0173 ir specialist\u0173 komanda, kuri kuria inovatyvius sprendimus bei ES tiekia auk\u0161\u010diausios klas\u0117s karinius produktus, kit\u0105 moderni\u0105 \u012frang\u0105.\",\"breadcrumb\":{\"@id\":\"https:\/\/balticarmor.com\/krepselis\/#breadcrumb\"},\"inLanguage\":\"en-US\",\"potentialAction\":[{\"@type\":\"ReadAction\",\"target\":[\"https:\/\/balticarmor.com\/krepselis\/\"]}]},{\"@type\":\"BreadcrumbList\",\"@id\":\"https:\/\/balticarmor.com\/krepselis\/#breadcrumb\",\"itemListElement\":[{\"@type\":\"ListItem\",\"position\":1,\"name\":\"Home\",\"item\":\"https:\/\/balticarmor.com\/\"},{\"@type\":\"ListItem\",\"position\":2,\"name\":\"Krep\u0161elis\"}]},{\"@type\":\"WebSite\",\"@id\":\"https:\/\/balticarmor.com\/#website\",\"url\":\"https:\/\/balticarmor.com\/\",\"name\":\"balticarmor\",\"description\":\"Apsaugin\u0117s \u0161arvin\u0117s neper\u0161aunamos liemen\u0117s, skydai, kitos asmens \u0161arvuotos apsaugos priemon\u0117s\",\"publisher\":{\"@id\":\"https:\/\/balticarmor.com\/#organization\"},\"potentialAction\":[{\"@type\":\"SearchAction\",\"target\":{\"@type\":\"EntryPoint\",\"urlTemplate\":\"https:\/\/balticarmor.com\/?s={search_term_string}\"},\"query-input\":{\"@type\":\"PropertyValueSpecification\",\"valueRequired\":true,\"valueName\":\"search_term_string\"}}],\"inLanguage\":\"en-US\"},{\"@type\":\"Organization\",\"@id\":\"https:\/\/balticarmor.com\/#organization\",\"name\":\"UAB \\\"Talino 10\\\"\",\"url\":\"https:\/\/balticarmor.com\/\",\"logo\":{\"@type\":\"ImageObject\",\"inLanguage\":\"en-US\",\"@id\":\"https:\/\/balticarmor.com\/#\/schema\/logo\/image\/\",\"url\":\"https:\/\/balticarmor.com\/wp-content\/uploads\/2023\/06\/Balticarmor-logo-3.png\",\"contentUrl\":\"https:\/\/balticarmor.com\/wp-content\/uploads\/2023\/06\/Balticarmor-logo-3.png\",\"width\":1299,\"height\":1127,\"caption\":\"UAB \\\"Talino 10\\\"\"},\"image\":{\"@id\":\"https:\/\/balticarmor.com\/#\/schema\/logo\/image\/\"}}]}<\/script>\n<!-- \/ Yoast SEO plugin. -->","yoast_head_json":{"title":"Krep\u0161elis - balticarmor","description":"Si\u016blome \u012fsigyti puikios kokyb\u0117s apsaugines \u0161arvines neper\u0161aunamas liemenes, skydus, kovos su riau\u0161\u0117mis kostiumus, kitas \u0161arvuotas asmens apsaugos priemones. \u012evairi\u0173 \u0161ali\u0173 in\u017einieri\u0173 ir specialist\u0173 komanda, kuri kuria inovatyvius sprendimus bei ES tiekia auk\u0161\u010diausios klas\u0117s karinius produktus, kit\u0105 moderni\u0105 \u012frang\u0105.","robots":{"index":"index","follow":"follow","max-snippet":"max-snippet:-1","max-image-preview":"max-image-preview:large","max-video-preview":"max-video-preview:-1"},"canonical":"https:\/\/balticarmor.com\/en\/krepselis\/","og_locale":"en_US","og_type":"article","og_title":"Krep\u0161elis - balticarmor","og_description":"Si\u016blome \u012fsigyti puikios kokyb\u0117s apsaugines \u0161arvines neper\u0161aunamas liemenes, skydus, kovos su riau\u0161\u0117mis kostiumus, kitas \u0161arvuotas asmens apsaugos priemones. \u012evairi\u0173 \u0161ali\u0173 in\u017einieri\u0173 ir specialist\u0173 komanda, kuri kuria inovatyvius sprendimus bei ES tiekia auk\u0161\u010diausios klas\u0117s karinius produktus, kit\u0105 moderni\u0105 \u012frang\u0105.","og_url":"https:\/\/balticarmor.com\/en\/krepselis\/","og_site_name":"balticarmor","article_modified_time":"2023-07-14T12:15:50+00:00","og_image":[{"width":1200,"height":837,"url":"https:\/\/balticarmor.com\/wp-content\/uploads\/2023\/06\/Balticarmor-website.jpg","type":"image\/jpeg"}],"twitter_card":"summary_large_image","twitter_misc":{"Est. reading time":"1 minute"},"schema":{"@context":"https:\/\/schema.org","@graph":[{"@type":"WebPage","@id":"https:\/\/balticarmor.com\/krepselis\/","url":"https:\/\/balticarmor.com\/krepselis\/","name":"Krep\u0161elis - balticarmor","isPartOf":{"@id":"https:\/\/balticarmor.com\/#website"},"datePublished":"2020-09-10T04:03:46+00:00","dateModified":"2023-07-14T12:15:50+00:00","description":"Si\u016blome \u012fsigyti puikios kokyb\u0117s apsaugines \u0161arvines neper\u0161aunamas liemenes, skydus, kovos su riau\u0161\u0117mis kostiumus, kitas \u0161arvuotas asmens apsaugos priemones. \u012evairi\u0173 \u0161ali\u0173 in\u017einieri\u0173 ir specialist\u0173 komanda, kuri kuria inovatyvius sprendimus bei ES tiekia auk\u0161\u010diausios klas\u0117s karinius produktus, kit\u0105 moderni\u0105 \u012frang\u0105.","breadcrumb":{"@id":"https:\/\/balticarmor.com\/krepselis\/#breadcrumb"},"inLanguage":"en-US","potentialAction":[{"@type":"ReadAction","target":["https:\/\/balticarmor.com\/krepselis\/"]}]},{"@type":"BreadcrumbList","@id":"https:\/\/balticarmor.com\/krepselis\/#breadcrumb","itemListElement":[{"@type":"ListItem","position":1,"name":"Home","item":"https:\/\/balticarmor.com\/"},{"@type":"ListItem","position":2,"name":"Krep\u0161elis"}]},{"@type":"WebSite","@id":"https:\/\/balticarmor.com\/#website","url":"https:\/\/balticarmor.com\/","name":"balticarmor","description":"Apsaugin\u0117s \u0161arvin\u0117s neper\u0161aunamos liemen\u0117s, skydai, kitos asmens \u0161arvuotos apsaugos priemon\u0117s","publisher":{"@id":"https:\/\/balticarmor.com\/#organization"},"potentialAction":[{"@type":"SearchAction","target":{"@type":"EntryPoint","urlTemplate":"https:\/\/balticarmor.com\/?s={search_term_string}"},"query-input":{"@type":"PropertyValueSpecification","valueRequired":true,"valueName":"search_term_string"}}],"inLanguage":"en-US"},{"@type":"Organization","@id":"https:\/\/balticarmor.com\/#organization","name":"UAB \"Talino 10\"","url":"https:\/\/balticarmor.com\/","logo":{"@type":"ImageObject","inLanguage":"en-US","@id":"https:\/\/balticarmor.com\/#\/schema\/logo\/image\/","url":"https:\/\/balticarmor.com\/wp-content\/uploads\/2023\/06\/Balticarmor-logo-3.png","contentUrl":"https:\/\/balticarmor.com\/wp-content\/uploads\/2023\/06\/Balticarmor-logo-3.png","width":1299,"height":1127,"caption":"UAB \"Talino 10\""},"image":{"@id":"https:\/\/balticarmor.com\/#\/schema\/logo\/image\/"}}]}},"uagb_featured_image_src":{"full":false,"thumbnail":false,"medium":false,"medium_large":false,"large":false,"1536x1536":false,"2048x2048":false,"trp-custom-language-flag":false,"woocommerce_thumbnail":false,"woocommerce_single":false,"woocommerce_gallery_thumbnail":false},"uagb_author_info":{"display_name":"Laimonas Jakas","author_link":"https:\/\/balticarmor.com\/en\/author\/svokpardavimaigmail-com\/"},"uagb_comment_info":0,"uagb_excerpt":"ATSISKAITYMO IR PRISTATYMO INFORMACIJA: Prek\u0117s bus gaminamos, tod\u0117l j\u0173 pristatymas gali u\u017etrukti iki 210 dien\u0173 nuo u\u017esakymo datos. Pristatymo kaina bus prid\u0117ta po u\u017esakymo patvirtinimo.","_links":{"self":[{"href":"https:\/\/balticarmor.com\/en\/wp-json\/wp\/v2\/pages\/554","targetHints":{"allow":["GET"]}}],"collection":[{"href":"https:\/\/balticarmor.com\/en\/wp-json\/wp\/v2\/pages"}],"about":[{"href":"https:\/\/balticarmor.com\/en\/wp-json\/wp\/v2\/types\/page"}],"author":[{"embeddable":true,"href":"https:\/\/balticarmor.com\/en\/wp-json\/wp\/v2\/users\/2"}],"replies":[{"embeddable":true,"href":"https:\/\/balticarmor.com\/en\/wp-json\/wp\/v2\/comments?post=554"}],"version-history":[{"count":0,"href":"https:\/\/balticarmor.com\/en\/wp-json\/wp\/v2\/pages\/554\/revisions"}],"wp:attachment":[{"href":"https:\/\/balticarmor.com\/en\/wp-json\/wp\/v2\/media?parent=554"}],"curies":[{"name":"wp","href":"https:\/\/api.w.org\/{rel}","templated":true}]}}